{"id":44949,"date":"2026-05-16T11:12:06","date_gmt":"2026-05-16T11:12:06","guid":{"rendered":"https:\/\/gangnambeaute.com\/?post_type=product&#038;p=44949"},"modified":"2026-05-16T11:21:48","modified_gmt":"2026-05-16T11:21:48","slug":"medicube-age-r-booster-facial-cleansing-device-head-pink-brosse-nettoyante-visage-edition-rose","status":"publish","type":"product","link":"https:\/\/gangnambeaute.com\/fr\/product\/medicube-age-r-booster-facial-cleansing-device-head-pink-brosse-nettoyante-visage-edition-rose\/","title":{"rendered":"Medicube &#8211; AGE-R Booster Facial Cleansing Device Head Pink &#8211; Brosse nettoyante visage \u00e9dition rose"},"content":{"rendered":"<p><strong>Cette t\u00eate d&rsquo;appareil interchangeable optimise le nettoyage de votre visage en d\u00e9sincrustant les pores et en \u00e9liminant les cellules mortes<!--TgQPHd|[]--> gr\u00e2ce \u00e0 ses vibrations soniques et sa surface en silicone m\u00e9dical.<\/strong><\/p>\n","protected":false},"excerpt":{"rendered":"<p><strong>Fixez la t\u00eate rose sur votre appareil de nettoyage, appliquez votre gel nettoyant habituel sur votre visage humide, puis faites glisser l&rsquo;appareil en mouvements circulaires<!--TgQPHd|[]--> pendant une \u00e0 deux minutes avant de rincer \u00e0 l&rsquo;eau.<\/strong><\/p>\n","protected":false},"featured_media":44950,"comment_status":"open","ping_status":"closed","template":"","meta":[],"product_brand":[1015,1058],"product_cat":[344,346,348,434],"product_tag":[],"class_list":{"0":"post-44949","1":"product","2":"type-product","3":"status-publish","4":"has-post-thumbnail","6":"product_brand-populare","7":"product_brand-medicube-populare","8":"product_cat-skincare","9":"product_cat-nettoyants","10":"product_cat-soin-concentre","11":"product_cat-nouveautes","13":"first","14":"outofstock","15":"shipping-taxable","16":"product-type-simple"},"_links":{"self":[{"href":"https:\/\/gangnambeaute.com\/fr\/wp-json\/wp\/v2\/product\/44949","targetHints":{"allow":["GET"]}}],"collection":[{"href":"https:\/\/gangnambeaute.com\/fr\/wp-json\/wp\/v2\/product"}],"about":[{"href":"https:\/\/gangnambeaute.com\/fr\/wp-json\/wp\/v2\/types\/product"}],"replies":[{"embeddable":true,"href":"https:\/\/gangnambeaute.com\/fr\/wp-json\/wp\/v2\/comments?post=44949"}],"version-history":[{"count":2,"href":"https:\/\/gangnambeaute.com\/fr\/wp-json\/wp\/v2\/product\/44949\/revisions"}],"predecessor-version":[{"id":44956,"href":"https:\/\/gangnambeaute.com\/fr\/wp-json\/wp\/v2\/product\/44949\/revisions\/44956"}],"wp:featuredmedia":[{"embeddable":true,"href":"https:\/\/gangnambeaute.com\/fr\/wp-json\/wp\/v2\/media\/44950"}],"wp:attachment":[{"href":"https:\/\/gangnambeaute.com\/fr\/wp-json\/wp\/v2\/media?parent=44949"}],"wp:term":[{"taxonomy":"product_brand","embeddable":true,"href":"https:\/\/gangnambeaute.com\/fr\/wp-json\/wp\/v2\/product_brand?post=44949"},{"taxonomy":"product_cat","embeddable":true,"href":"https:\/\/gangnambeaute.com\/fr\/wp-json\/wp\/v2\/product_cat?post=44949"},{"taxonomy":"product_tag","embeddable":true,"href":"https:\/\/gangnambeaute.com\/fr\/wp-json\/wp\/v2\/product_tag?post=44949"}],"curies":[{"name":"wp","href":"https:\/\/api.w.org\/{rel}","templated":true}]}}