{"id":44938,"date":"2026-05-16T10:12:22","date_gmt":"2026-05-16T10:12:22","guid":{"rendered":"https:\/\/gangnambeaute.com\/?post_type=product&#038;p=44938"},"modified":"2026-05-16T10:17:44","modified_gmt":"2026-05-16T10:17:44","slug":"medicube-age-r-booster-pro-mini-plus-beige-mini-appareil-multifonction-edition-beige","status":"publish","type":"product","link":"https:\/\/gangnambeaute.com\/fr\/product\/medicube-age-r-booster-pro-mini-plus-beige-mini-appareil-multifonction-edition-beige\/","title":{"rendered":"Medicube \u2013 AGE-R Booster Pro Mini Plus Beige \u2013 Mini appareil multifonction \u00e9dition beige"},"content":{"rendered":"<p><strong>Cet appareil de haute technologie booste l\u2019absorption de vos soins de 562 %, raffermit les traits et lisse les pores gr\u00e2ce \u00e0 ses technologies combin\u00e9es d\u2019\u00e9lectroporation et de luminoth\u00e9rapie LED (rose, rouge, bleu) .<\/strong><\/p>\n","protected":false},"excerpt":{"rendered":"<div class=\"elementor-element elementor-element-7fdeff93 wd-section-stretch e-flex e-con-boxed e-con e-parent e-lazyloaded\" data-id=\"7fdeff93\" data-element_type=\"container\" data-e-type=\"container\">\n<div class=\"e-con-inner\">\n<div class=\"elementor-element elementor-element-c5d06d7 e-n-tabs-none elementor-widget elementor-widget-n-tabs\" data-id=\"c5d06d7\" data-element_type=\"widget\" data-e-type=\"widget\" data-settings=\"{&quot;horizontal_scroll&quot;:&quot;disable&quot;}\" data-widget_type=\"nested-tabs.default\">\n<div class=\"elementor-widget-container\">\n<div class=\"e-n-tabs e-activated\" data-widget-number=\"207423191\" aria-label=\"Tabs. Open items with Enter or Space, close with Escape and navigate using the Arrow keys.\" data-touch-mode=\"false\">\n<div class=\"e-n-tabs-content\">\n<div id=\"e-n-tab-content-2074231912\" class=\"elementor-element elementor-element-66ca28c e-con-full e-flex e-con e-child e-active\" role=\"tabpanel\" aria-labelledby=\"e-n-tab-title-2074231912\" data-tab-index=\"2\" data-id=\"66ca28c\" data-element_type=\"container\" data-e-type=\"container\">\n<div class=\"wd-negative-gap elementor-element elementor-element-f2b94b0 e-flex e-con-boxed e-con e-child\" data-id=\"f2b94b0\" data-element_type=\"container\" data-e-type=\"container\">\n<div class=\"e-con-inner\">\n<div class=\"elementor-element elementor-element-ab1a609 color-scheme-inherit text-left elementor-widget elementor-widget-text-editor\" data-id=\"ab1a609\" data-element_type=\"widget\" data-e-type=\"widget\" data-widget_type=\"text-editor.default\">\n<div class=\"elementor-widget-container\"><strong>Appliquez vos s\u00e9rums ou cr\u00e8mes habituels, allumez l\u2019appareil sur le mode souhait\u00e9, puis faites-le glisser doucement sur votre visage en mouvements circulaires\u00a0de l\u2019int\u00e9rieur vers l\u2019ext\u00e9rieur jusqu\u2019\u00e0 p\u00e9n\u00e9tration compl\u00e8te.<\/strong><\/div>\n<\/div>\n<\/div>\n<\/div>\n<\/div>\n<\/div>\n<\/div>\n<\/div>\n<\/div>\n<\/div>\n<\/div>\n<div class=\"wd-negative-gap elementor-element elementor-element-1c99ebb9 wd-section-stretch e-flex e-con-boxed e-con e-parent e-lazyloaded\" data-id=\"1c99ebb9\" data-element_type=\"container\" data-e-type=\"container\">\n<div class=\"e-con-inner\">\n<div class=\"elementor-element elementor-element-1dd000af wd-width-100 elementor-widget elementor-widget-wd_title\" data-id=\"1dd000af\" data-element_type=\"widget\" data-e-type=\"widget\" data-widget_type=\"wd_title.default\">\n<div class=\"elementor-widget-container\">\n<div class=\"title-wrapper set-mb-s reset-last-child wd-title-color-primary wd-title-style-simple wd-title-size-default text-left\"><\/div>\n<\/div>\n<\/div>\n<\/div>\n<\/div>\n","protected":false},"featured_media":44946,"comment_status":"open","ping_status":"closed","template":"","meta":[],"product_brand":[1015,1058],"product_cat":[344,348,434],"product_tag":[],"class_list":{"0":"post-44938","1":"product","2":"type-product","3":"status-publish","4":"has-post-thumbnail","6":"product_brand-populare","7":"product_brand-medicube-populare","8":"product_cat-skincare","9":"product_cat-soin-concentre","10":"product_cat-nouveautes","12":"first","13":"outofstock","14":"shipping-taxable","15":"product-type-simple"},"_links":{"self":[{"href":"https:\/\/gangnambeaute.com\/fr\/wp-json\/wp\/v2\/product\/44938","targetHints":{"allow":["GET"]}}],"collection":[{"href":"https:\/\/gangnambeaute.com\/fr\/wp-json\/wp\/v2\/product"}],"about":[{"href":"https:\/\/gangnambeaute.com\/fr\/wp-json\/wp\/v2\/types\/product"}],"replies":[{"embeddable":true,"href":"https:\/\/gangnambeaute.com\/fr\/wp-json\/wp\/v2\/comments?post=44938"}],"version-history":[{"count":2,"href":"https:\/\/gangnambeaute.com\/fr\/wp-json\/wp\/v2\/product\/44938\/revisions"}],"predecessor-version":[{"id":44945,"href":"https:\/\/gangnambeaute.com\/fr\/wp-json\/wp\/v2\/product\/44938\/revisions\/44945"}],"wp:featuredmedia":[{"embeddable":true,"href":"https:\/\/gangnambeaute.com\/fr\/wp-json\/wp\/v2\/media\/44946"}],"wp:attachment":[{"href":"https:\/\/gangnambeaute.com\/fr\/wp-json\/wp\/v2\/media?parent=44938"}],"wp:term":[{"taxonomy":"product_brand","embeddable":true,"href":"https:\/\/gangnambeaute.com\/fr\/wp-json\/wp\/v2\/product_brand?post=44938"},{"taxonomy":"product_cat","embeddable":true,"href":"https:\/\/gangnambeaute.com\/fr\/wp-json\/wp\/v2\/product_cat?post=44938"},{"taxonomy":"product_tag","embeddable":true,"href":"https:\/\/gangnambeaute.com\/fr\/wp-json\/wp\/v2\/product_tag?post=44938"}],"curies":[{"name":"wp","href":"https:\/\/api.w.org\/{rel}","templated":true}]}}