{"id":44808,"date":"2026-05-06T12:21:50","date_gmt":"2026-05-06T12:21:50","guid":{"rendered":"https:\/\/gangnambeaute.com\/?post_type=product&#038;p=44808"},"modified":"2026-05-06T12:25:55","modified_gmt":"2026-05-06T12:25:55","slug":"purito-seoul-oat-in-gentle-exfoliating-face-cleanser-gel-nettoyant-150ml","status":"publish","type":"product","link":"https:\/\/gangnambeaute.com\/fr\/product\/purito-seoul-oat-in-gentle-exfoliating-face-cleanser-gel-nettoyant-150ml\/","title":{"rendered":"Purito SEOUL \u2013 Oat In Gentle Exfoliating Face Cleanser &#8211; Gel Nettoyant &#8211; 150ml"},"content":{"rendered":"<p><strong>Ce gel nettoyant exfolie en douceur et \u00e9limine les impuret\u00e9s<!--TgQPHd|[]--> tout en apaisant la peau gr\u00e2ce \u00e0 l&rsquo;avoine nourrissante et \u00e0 de fines particules naturelles.<\/strong><\/p>\n","protected":false},"excerpt":{"rendered":"<p><strong>Massez une noisette de produit sur votre visage humide par mouvements circulaires, puis rincez abondamment<!--TgQPHd|[]--> \u00e0 l&rsquo;eau ti\u00e8de.<\/strong><\/p>\n","protected":false},"featured_media":44815,"comment_status":"open","ping_status":"closed","template":"","meta":[],"product_brand":[1015,1031],"product_cat":[344,346,350,360,434],"product_tag":[],"class_list":{"0":"post-44808","1":"product","2":"type-product","3":"status-publish","4":"has-post-thumbnail","6":"product_brand-populare","7":"product_brand-purito-seoul","8":"product_cat-skincare","9":"product_cat-nettoyants","10":"product_cat-exfoliants","11":"product_cat-gels-nettoyants","12":"product_cat-nouveautes","14":"first","15":"outofstock","16":"shipping-taxable","17":"product-type-simple"},"_links":{"self":[{"href":"https:\/\/gangnambeaute.com\/fr\/wp-json\/wp\/v2\/product\/44808","targetHints":{"allow":["GET"]}}],"collection":[{"href":"https:\/\/gangnambeaute.com\/fr\/wp-json\/wp\/v2\/product"}],"about":[{"href":"https:\/\/gangnambeaute.com\/fr\/wp-json\/wp\/v2\/types\/product"}],"replies":[{"embeddable":true,"href":"https:\/\/gangnambeaute.com\/fr\/wp-json\/wp\/v2\/comments?post=44808"}],"version-history":[{"count":2,"href":"https:\/\/gangnambeaute.com\/fr\/wp-json\/wp\/v2\/product\/44808\/revisions"}],"predecessor-version":[{"id":44816,"href":"https:\/\/gangnambeaute.com\/fr\/wp-json\/wp\/v2\/product\/44808\/revisions\/44816"}],"wp:featuredmedia":[{"embeddable":true,"href":"https:\/\/gangnambeaute.com\/fr\/wp-json\/wp\/v2\/media\/44815"}],"wp:attachment":[{"href":"https:\/\/gangnambeaute.com\/fr\/wp-json\/wp\/v2\/media?parent=44808"}],"wp:term":[{"taxonomy":"product_brand","embeddable":true,"href":"https:\/\/gangnambeaute.com\/fr\/wp-json\/wp\/v2\/product_brand?post=44808"},{"taxonomy":"product_cat","embeddable":true,"href":"https:\/\/gangnambeaute.com\/fr\/wp-json\/wp\/v2\/product_cat?post=44808"},{"taxonomy":"product_tag","embeddable":true,"href":"https:\/\/gangnambeaute.com\/fr\/wp-json\/wp\/v2\/product_tag?post=44808"}],"curies":[{"name":"wp","href":"https:\/\/api.w.org\/{rel}","templated":true}]}}