{"id":44798,"date":"2026-05-06T12:13:28","date_gmt":"2026-05-06T12:13:28","guid":{"rendered":"https:\/\/gangnambeaute.com\/?post_type=product&#038;p=44798"},"modified":"2026-05-06T12:16:08","modified_gmt":"2026-05-06T12:16:08","slug":"purito-seoul-wonder-releaf-centella-daily-sun-lotion-ecran-solaire-60ml","status":"publish","type":"product","link":"https:\/\/gangnambeaute.com\/fr\/product\/purito-seoul-wonder-releaf-centella-daily-sun-lotion-ecran-solaire-60ml\/","title":{"rendered":"Purito SEOUL \u2013 Wonder Releaf Centella Daily Sun Lotion \u2013 Ecran solaire \u2013 60ml"},"content":{"rendered":"<p><strong>Cette lotion solaire prot\u00e8ge votre peau des UV tout en l&rsquo;apaisant<!--TgQPHd|[]--> gr\u00e2ce \u00e0 une texture l\u00e9g\u00e8re comme un lait qui ne laisse aucune trace blanche.<\/strong><\/p>\n","protected":false},"excerpt":{"rendered":"<div class=\"n6owBd awi2gc\" data-sfc-cp=\"\" data-sfc-root=\"c\" data-sfc-cb=\"\" data-hveid=\"CAEIAhAA\" data-complete=\"true\" data-processed=\"true\" data-copy-service-computed-style=\"font-family: &quot;Google Sans&quot;, Arial, sans-serif; font-size: 16px; font-weight: 400; margin: 12px 0px 16px; text-decoration: none; border-bottom: 0px rgb(10, 10, 10);\"><strong>Appliquez g\u00e9n\u00e9reusement sur le visage et le cou le matin, en derni\u00e8re \u00e9tape<!--TgQPHd|[]--> de votre routine de soin.<\/strong><!--TgQPHd|[]--><\/div>\n<div class=\"n6owBd awi2gc\" data-sfc-cp=\"\" data-sfc-root=\"c\" data-sfc-cb=\"\" data-hveid=\"CAEIAxAA\" data-complete=\"true\" data-processed=\"true\" aria-owns=\"action-menu-parent-container\" data-copy-service-computed-style=\"font-family: &quot;Google Sans&quot;, Arial, sans-serif; font-size: 16px; font-weight: 400; margin: 12px 0px 16px; text-decoration: none; border-bottom: 0px rgb(10, 10, 10);\"><\/div>\n","protected":false},"featured_media":44799,"comment_status":"open","ping_status":"closed","template":"","meta":[],"product_brand":[1015,1031],"product_cat":[352,344,348,376],"product_tag":[],"class_list":{"0":"post-44798","1":"product","2":"type-product","3":"status-publish","4":"has-post-thumbnail","6":"product_brand-populare","7":"product_brand-purito-seoul","8":"product_cat-soins-solaires","9":"product_cat-skincare","10":"product_cat-soin-concentre","11":"product_cat-ecrans","13":"first","14":"outofstock","15":"shipping-taxable","16":"product-type-simple"},"_links":{"self":[{"href":"https:\/\/gangnambeaute.com\/fr\/wp-json\/wp\/v2\/product\/44798","targetHints":{"allow":["GET"]}}],"collection":[{"href":"https:\/\/gangnambeaute.com\/fr\/wp-json\/wp\/v2\/product"}],"about":[{"href":"https:\/\/gangnambeaute.com\/fr\/wp-json\/wp\/v2\/types\/product"}],"replies":[{"embeddable":true,"href":"https:\/\/gangnambeaute.com\/fr\/wp-json\/wp\/v2\/comments?post=44798"}],"version-history":[{"count":2,"href":"https:\/\/gangnambeaute.com\/fr\/wp-json\/wp\/v2\/product\/44798\/revisions"}],"predecessor-version":[{"id":44806,"href":"https:\/\/gangnambeaute.com\/fr\/wp-json\/wp\/v2\/product\/44798\/revisions\/44806"}],"wp:featuredmedia":[{"embeddable":true,"href":"https:\/\/gangnambeaute.com\/fr\/wp-json\/wp\/v2\/media\/44799"}],"wp:attachment":[{"href":"https:\/\/gangnambeaute.com\/fr\/wp-json\/wp\/v2\/media?parent=44798"}],"wp:term":[{"taxonomy":"product_brand","embeddable":true,"href":"https:\/\/gangnambeaute.com\/fr\/wp-json\/wp\/v2\/product_brand?post=44798"},{"taxonomy":"product_cat","embeddable":true,"href":"https:\/\/gangnambeaute.com\/fr\/wp-json\/wp\/v2\/product_cat?post=44798"},{"taxonomy":"product_tag","embeddable":true,"href":"https:\/\/gangnambeaute.com\/fr\/wp-json\/wp\/v2\/product_tag?post=44798"}],"curies":[{"name":"wp","href":"https:\/\/api.w.org\/{rel}","templated":true}]}}