{"id":44767,"date":"2026-05-06T11:32:36","date_gmt":"2026-05-06T11:32:36","guid":{"rendered":"https:\/\/gangnambeaute.com\/?post_type=product&#038;p=44767"},"modified":"2026-05-06T11:35:27","modified_gmt":"2026-05-06T11:35:27","slug":"purito-seoul-wonder-releaf-centella-eye-cream-unscented-30ml","status":"publish","type":"product","link":"https:\/\/gangnambeaute.com\/fr\/product\/purito-seoul-wonder-releaf-centella-eye-cream-unscented-30ml\/","title":{"rendered":"PURITO Seoul &#8211; Wonder Releaf Centella Eye Cream Unscented &#8211; 30ml"},"content":{"rendered":"<p><strong>Cette cr\u00e8me contour des yeux sans parfum lisse les ridules et apaise la zone fragile du regard<!--TgQPHd|[]--> gr\u00e2ce \u00e0 la Centella Asiatica et aux peptides raffermissants.<\/strong><\/p>\n","protected":false},"excerpt":{"rendered":"<p><strong>Tapotez d\u00e9licatement une petite quantit\u00e9 de produit sur l&rsquo;os orbital autour des yeux avec votre annulaire, matin et soir.<\/strong><\/p>\n","protected":false},"featured_media":44775,"comment_status":"open","ping_status":"closed","template":"","meta":[],"product_brand":[1015,1031],"product_cat":[353,348,379,434],"product_tag":[],"class_list":{"0":"post-44767","1":"product","2":"type-product","3":"status-publish","4":"has-post-thumbnail","6":"product_brand-populare","7":"product_brand-purito-seoul","8":"product_cat-soins-des-yeux","9":"product_cat-soin-concentre","10":"product_cat-creme-contour-des-yeux","11":"product_cat-nouveautes","13":"first","14":"outofstock","15":"shipping-taxable","16":"product-type-simple"},"_links":{"self":[{"href":"https:\/\/gangnambeaute.com\/fr\/wp-json\/wp\/v2\/product\/44767","targetHints":{"allow":["GET"]}}],"collection":[{"href":"https:\/\/gangnambeaute.com\/fr\/wp-json\/wp\/v2\/product"}],"about":[{"href":"https:\/\/gangnambeaute.com\/fr\/wp-json\/wp\/v2\/types\/product"}],"replies":[{"embeddable":true,"href":"https:\/\/gangnambeaute.com\/fr\/wp-json\/wp\/v2\/comments?post=44767"}],"version-history":[{"count":2,"href":"https:\/\/gangnambeaute.com\/fr\/wp-json\/wp\/v2\/product\/44767\/revisions"}],"predecessor-version":[{"id":44774,"href":"https:\/\/gangnambeaute.com\/fr\/wp-json\/wp\/v2\/product\/44767\/revisions\/44774"}],"wp:featuredmedia":[{"embeddable":true,"href":"https:\/\/gangnambeaute.com\/fr\/wp-json\/wp\/v2\/media\/44775"}],"wp:attachment":[{"href":"https:\/\/gangnambeaute.com\/fr\/wp-json\/wp\/v2\/media?parent=44767"}],"wp:term":[{"taxonomy":"product_brand","embeddable":true,"href":"https:\/\/gangnambeaute.com\/fr\/wp-json\/wp\/v2\/product_brand?post=44767"},{"taxonomy":"product_cat","embeddable":true,"href":"https:\/\/gangnambeaute.com\/fr\/wp-json\/wp\/v2\/product_cat?post=44767"},{"taxonomy":"product_tag","embeddable":true,"href":"https:\/\/gangnambeaute.com\/fr\/wp-json\/wp\/v2\/product_tag?post=44767"}],"curies":[{"name":"wp","href":"https:\/\/api.w.org\/{rel}","templated":true}]}}