{"id":44690,"date":"2026-05-05T14:10:22","date_gmt":"2026-05-05T14:10:22","guid":{"rendered":"https:\/\/gangnambeaute.com\/?post_type=product&#038;p=44690"},"modified":"2026-05-05T14:12:33","modified_gmt":"2026-05-05T14:12:33","slug":"skin1004-madagascar-centella-hyalu-cica-moisture-cream-creme-visage-75-ml","status":"publish","type":"product","link":"https:\/\/gangnambeaute.com\/fr\/product\/skin1004-madagascar-centella-hyalu-cica-moisture-cream-creme-visage-75-ml\/","title":{"rendered":"SKIN1004 \u2013 Madagascar Centella Hyalu Cica Moisture Cream \u2013 Cr\u00e8me Visage \u2013 75 ml"},"content":{"rendered":"<p><strong>Cette cr\u00e8me hydrate intens\u00e9ment et apaise la peau<!--TgQPHd|[]--> durant 100 heures gr\u00e2ce \u00e0 un m\u00e9lange d&rsquo;acide hyaluronique et de Centella Asiatica.<\/strong><\/p>\n","protected":false},"excerpt":{"rendered":"<p><strong>Appliquez-en une noisette sur votre visage \u00e0 la derni\u00e8re \u00e9tape de votre routine<!--TgQPHd|[]--> de soins, matin et soir.<\/strong><\/p>\n","protected":false},"featured_media":44698,"comment_status":"open","ping_status":"closed","template":"","meta":[],"product_brand":[1015,1046],"product_cat":[344,348,370,434],"product_tag":[],"class_list":{"0":"post-44690","1":"product","2":"type-product","3":"status-publish","4":"has-post-thumbnail","6":"product_brand-populare","7":"product_brand-skin-1004-populare","8":"product_cat-skincare","9":"product_cat-soin-concentre","10":"product_cat-cremes","11":"product_cat-nouveautes","13":"first","14":"outofstock","15":"shipping-taxable","16":"product-type-simple"},"_links":{"self":[{"href":"https:\/\/gangnambeaute.com\/fr\/wp-json\/wp\/v2\/product\/44690","targetHints":{"allow":["GET"]}}],"collection":[{"href":"https:\/\/gangnambeaute.com\/fr\/wp-json\/wp\/v2\/product"}],"about":[{"href":"https:\/\/gangnambeaute.com\/fr\/wp-json\/wp\/v2\/types\/product"}],"replies":[{"embeddable":true,"href":"https:\/\/gangnambeaute.com\/fr\/wp-json\/wp\/v2\/comments?post=44690"}],"version-history":[{"count":2,"href":"https:\/\/gangnambeaute.com\/fr\/wp-json\/wp\/v2\/product\/44690\/revisions"}],"predecessor-version":[{"id":44697,"href":"https:\/\/gangnambeaute.com\/fr\/wp-json\/wp\/v2\/product\/44690\/revisions\/44697"}],"wp:featuredmedia":[{"embeddable":true,"href":"https:\/\/gangnambeaute.com\/fr\/wp-json\/wp\/v2\/media\/44698"}],"wp:attachment":[{"href":"https:\/\/gangnambeaute.com\/fr\/wp-json\/wp\/v2\/media?parent=44690"}],"wp:term":[{"taxonomy":"product_brand","embeddable":true,"href":"https:\/\/gangnambeaute.com\/fr\/wp-json\/wp\/v2\/product_brand?post=44690"},{"taxonomy":"product_cat","embeddable":true,"href":"https:\/\/gangnambeaute.com\/fr\/wp-json\/wp\/v2\/product_cat?post=44690"},{"taxonomy":"product_tag","embeddable":true,"href":"https:\/\/gangnambeaute.com\/fr\/wp-json\/wp\/v2\/product_tag?post=44690"}],"curies":[{"name":"wp","href":"https:\/\/api.w.org\/{rel}","templated":true}]}}