{"id":44662,"date":"2026-05-05T13:43:41","date_gmt":"2026-05-05T13:43:41","guid":{"rendered":"https:\/\/gangnambeaute.com\/?post_type=product&#038;p=44662"},"modified":"2026-05-05T13:45:03","modified_gmt":"2026-05-05T13:45:03","slug":"skin1004-madagascar-centella-probio-cica-glow-sun-ampoule-spf-50-pa-50ml","status":"publish","type":"product","link":"https:\/\/gangnambeaute.com\/fr\/product\/skin1004-madagascar-centella-probio-cica-glow-sun-ampoule-spf-50-pa-50ml\/","title":{"rendered":"SKIN1004 &#8211; Madagascar Centella Probio-Cica Glow Sun Ampoule SPF 50+ PA &#8211; 50ml"},"content":{"rendered":"<p><strong>Ce solaire hybride prot\u00e8ge intens\u00e9ment des UV tout en r\u00e9parant la barri\u00e8re cutan\u00e9e<!--TgQPHd|[]--> pour un fini lumineux (glowy) gr\u00e2ce aux probiotiques et \u00e0 la Centella ferment\u00e9e.<\/strong><\/p>\n","protected":false},"excerpt":{"rendered":"<p><strong>Appliquez deux pressions<!--TgQPHd|[]--> sur l&rsquo;ensemble du visage le matin apr\u00e8s votre soin hydratant, comme derni\u00e8re \u00e9tape de votre routine.<\/strong><\/p>\n","protected":false},"featured_media":44663,"comment_status":"open","ping_status":"closed","template":"","meta":[],"product_brand":[1015,1046],"product_cat":[344,348,352,369,376,434],"product_tag":[],"class_list":{"0":"post-44662","1":"product","2":"type-product","3":"status-publish","4":"has-post-thumbnail","6":"product_brand-populare","7":"product_brand-skin-1004-populare","8":"product_cat-skincare","9":"product_cat-soin-concentre","10":"product_cat-soins-solaires","11":"product_cat-ampoules","12":"product_cat-ecrans","13":"product_cat-nouveautes","15":"first","16":"outofstock","17":"shipping-taxable","18":"product-type-simple"},"_links":{"self":[{"href":"https:\/\/gangnambeaute.com\/fr\/wp-json\/wp\/v2\/product\/44662","targetHints":{"allow":["GET"]}}],"collection":[{"href":"https:\/\/gangnambeaute.com\/fr\/wp-json\/wp\/v2\/product"}],"about":[{"href":"https:\/\/gangnambeaute.com\/fr\/wp-json\/wp\/v2\/types\/product"}],"replies":[{"embeddable":true,"href":"https:\/\/gangnambeaute.com\/fr\/wp-json\/wp\/v2\/comments?post=44662"}],"version-history":[{"count":3,"href":"https:\/\/gangnambeaute.com\/fr\/wp-json\/wp\/v2\/product\/44662\/revisions"}],"predecessor-version":[{"id":44670,"href":"https:\/\/gangnambeaute.com\/fr\/wp-json\/wp\/v2\/product\/44662\/revisions\/44670"}],"wp:featuredmedia":[{"embeddable":true,"href":"https:\/\/gangnambeaute.com\/fr\/wp-json\/wp\/v2\/media\/44663"}],"wp:attachment":[{"href":"https:\/\/gangnambeaute.com\/fr\/wp-json\/wp\/v2\/media?parent=44662"}],"wp:term":[{"taxonomy":"product_brand","embeddable":true,"href":"https:\/\/gangnambeaute.com\/fr\/wp-json\/wp\/v2\/product_brand?post=44662"},{"taxonomy":"product_cat","embeddable":true,"href":"https:\/\/gangnambeaute.com\/fr\/wp-json\/wp\/v2\/product_cat?post=44662"},{"taxonomy":"product_tag","embeddable":true,"href":"https:\/\/gangnambeaute.com\/fr\/wp-json\/wp\/v2\/product_tag?post=44662"}],"curies":[{"name":"wp","href":"https:\/\/api.w.org\/{rel}","templated":true}]}}