{"id":44623,"date":"2026-05-05T11:33:58","date_gmt":"2026-05-05T11:33:58","guid":{"rendered":"https:\/\/gangnambeaute.com\/?post_type=product&#038;p=44623"},"modified":"2026-05-05T11:37:55","modified_gmt":"2026-05-05T11:37:55","slug":"dr-reju-all-advanced-pdrn-rejuvenating-lip-serum-10ml","status":"publish","type":"product","link":"https:\/\/gangnambeaute.com\/fr\/product\/dr-reju-all-advanced-pdrn-rejuvenating-lip-serum-10ml\/","title":{"rendered":"Dr. Reju-All &#8211; Advanced PDRN Rejuvenating Lip Serum &#8211; 10ml"},"content":{"rendered":"<p><strong>Ce s\u00e9rum est un soin r\u00e9g\u00e9n\u00e9rant intense qui repulpe les l\u00e8vres et lisse les ridules<!--TgQPHd|[]--> gr\u00e2ce au PDRN (ADN de saumon) qui booste la r\u00e9paration cellulaire.<\/strong><\/p>\n","protected":false},"excerpt":{"rendered":"<p><strong>Appliquez une fine couche sur vos l\u00e8vres propres d\u00e8s que vous en ressentez le besoin ou comme soin de nuit<!--TgQPHd|[]--> pour un effet r\u00e9parateur profond.\u00a0<\/strong><\/p>\n","protected":false},"featured_media":44624,"comment_status":"open","ping_status":"closed","template":"","meta":[],"product_brand":[1015,1034],"product_cat":[354,382,383],"product_tag":[],"class_list":{"0":"post-44623","1":"product","2":"type-product","3":"status-publish","4":"has-post-thumbnail","6":"product_brand-populare","7":"product_brand-dr-reju-all","8":"product_cat-soins-des-levres","9":"product_cat-gommage-levres","10":"product_cat-masque-de-nuit","12":"first","13":"outofstock","14":"shipping-taxable","15":"product-type-simple"},"_links":{"self":[{"href":"https:\/\/gangnambeaute.com\/fr\/wp-json\/wp\/v2\/product\/44623","targetHints":{"allow":["GET"]}}],"collection":[{"href":"https:\/\/gangnambeaute.com\/fr\/wp-json\/wp\/v2\/product"}],"about":[{"href":"https:\/\/gangnambeaute.com\/fr\/wp-json\/wp\/v2\/types\/product"}],"replies":[{"embeddable":true,"href":"https:\/\/gangnambeaute.com\/fr\/wp-json\/wp\/v2\/comments?post=44623"}],"version-history":[{"count":2,"href":"https:\/\/gangnambeaute.com\/fr\/wp-json\/wp\/v2\/product\/44623\/revisions"}],"predecessor-version":[{"id":44630,"href":"https:\/\/gangnambeaute.com\/fr\/wp-json\/wp\/v2\/product\/44623\/revisions\/44630"}],"wp:featuredmedia":[{"embeddable":true,"href":"https:\/\/gangnambeaute.com\/fr\/wp-json\/wp\/v2\/media\/44624"}],"wp:attachment":[{"href":"https:\/\/gangnambeaute.com\/fr\/wp-json\/wp\/v2\/media?parent=44623"}],"wp:term":[{"taxonomy":"product_brand","embeddable":true,"href":"https:\/\/gangnambeaute.com\/fr\/wp-json\/wp\/v2\/product_brand?post=44623"},{"taxonomy":"product_cat","embeddable":true,"href":"https:\/\/gangnambeaute.com\/fr\/wp-json\/wp\/v2\/product_cat?post=44623"},{"taxonomy":"product_tag","embeddable":true,"href":"https:\/\/gangnambeaute.com\/fr\/wp-json\/wp\/v2\/product_tag?post=44623"}],"curies":[{"name":"wp","href":"https:\/\/api.w.org\/{rel}","templated":true}]}}