{"id":44552,"date":"2026-05-04T14:36:57","date_gmt":"2026-05-04T14:36:57","guid":{"rendered":"https:\/\/gangnambeaute.com\/?post_type=product&#038;p=44552"},"modified":"2026-05-04T14:41:39","modified_gmt":"2026-05-04T14:41:39","slug":"dr-melaxin-cemenrete-cyano-pink-spicule-cream-creme-visage-50ml","status":"publish","type":"product","link":"https:\/\/gangnambeaute.com\/fr\/product\/dr-melaxin-cemenrete-cyano-pink-spicule-cream-creme-visage-50ml\/","title":{"rendered":"Dr.Melaxin \u2013 Cemenrete Cyano Pink Spicule Cream &#8211; Cr\u00e8me Visage &#8211; 50ml"},"content":{"rendered":"<p><strong>Cette cr\u00e8me innovante est un soin r\u00e9g\u00e9n\u00e9rant puissant qui stimule le renouvellement cellulaire et lisse les rides<!--TgQPHd|[]--> gr\u00e2ce \u00e0 des micro-aiguilles naturelles (spicules) qui font p\u00e9n\u00e9trer les actifs en profondeur.<\/strong><\/p>\n","protected":false},"excerpt":{"rendered":"<p><strong>Appliquez une petite quantit\u00e9 sur le visage en effectuant des pressions fermes avec la paume des mains<!--TgQPHd|[]--> (plut\u00f4t que de frotter) pour aider les micro-spicules \u00e0 s&rsquo;activer, de pr\u00e9f\u00e9rence le soir.<\/strong><\/p>\n","protected":false},"featured_media":44561,"comment_status":"open","ping_status":"closed","template":"","meta":[],"product_brand":[1015,1032],"product_cat":[344,348,370,434],"product_tag":[],"class_list":{"0":"post-44552","1":"product","2":"type-product","3":"status-publish","4":"has-post-thumbnail","6":"product_brand-populare","7":"product_brand-dr-melaxin","8":"product_cat-skincare","9":"product_cat-soin-concentre","10":"product_cat-cremes","11":"product_cat-nouveautes","13":"first","14":"outofstock","15":"shipping-taxable","16":"product-type-simple"},"_links":{"self":[{"href":"https:\/\/gangnambeaute.com\/fr\/wp-json\/wp\/v2\/product\/44552","targetHints":{"allow":["GET"]}}],"collection":[{"href":"https:\/\/gangnambeaute.com\/fr\/wp-json\/wp\/v2\/product"}],"about":[{"href":"https:\/\/gangnambeaute.com\/fr\/wp-json\/wp\/v2\/types\/product"}],"replies":[{"embeddable":true,"href":"https:\/\/gangnambeaute.com\/fr\/wp-json\/wp\/v2\/comments?post=44552"}],"version-history":[{"count":3,"href":"https:\/\/gangnambeaute.com\/fr\/wp-json\/wp\/v2\/product\/44552\/revisions"}],"predecessor-version":[{"id":44560,"href":"https:\/\/gangnambeaute.com\/fr\/wp-json\/wp\/v2\/product\/44552\/revisions\/44560"}],"wp:featuredmedia":[{"embeddable":true,"href":"https:\/\/gangnambeaute.com\/fr\/wp-json\/wp\/v2\/media\/44561"}],"wp:attachment":[{"href":"https:\/\/gangnambeaute.com\/fr\/wp-json\/wp\/v2\/media?parent=44552"}],"wp:term":[{"taxonomy":"product_brand","embeddable":true,"href":"https:\/\/gangnambeaute.com\/fr\/wp-json\/wp\/v2\/product_brand?post=44552"},{"taxonomy":"product_cat","embeddable":true,"href":"https:\/\/gangnambeaute.com\/fr\/wp-json\/wp\/v2\/product_cat?post=44552"},{"taxonomy":"product_tag","embeddable":true,"href":"https:\/\/gangnambeaute.com\/fr\/wp-json\/wp\/v2\/product_tag?post=44552"}],"curies":[{"name":"wp","href":"https:\/\/api.w.org\/{rel}","templated":true}]}}