{"id":44537,"date":"2026-05-04T14:27:21","date_gmt":"2026-05-04T14:27:21","guid":{"rendered":"https:\/\/gangnambeaute.com\/?post_type=product&#038;p=44537"},"modified":"2026-05-04T14:47:05","modified_gmt":"2026-05-04T14:47:05","slug":"dr-melaxin-cemenrete-calcium-intense-cream-creme-visage-50ml","status":"publish","type":"product","link":"https:\/\/gangnambeaute.com\/fr\/product\/dr-melaxin-cemenrete-calcium-intense-cream-creme-visage-50ml\/","title":{"rendered":"Dr.Melaxin \u2013 Cemenrete Calcium Intense Cream &#8211; Cr\u00e8me Visage &#8211; 50ml"},"content":{"rendered":"<p><strong>Cette cr\u00e8me riche est un soin fortifiant con\u00e7u pour raffermir la peau et restaurer sa barri\u00e8re protectrice en apportant du calcium essentiel pour lutter contre le rel\u00e2chement cutan\u00e9 li\u00e9 \u00e0 l&rsquo;\u00e2ge.<\/strong><\/p>\n","protected":false},"excerpt":{"rendered":"<p><strong>Pr\u00e9levez une petite quantit\u00e9 et massez-la sur votre visage et votre cou en effectuant des mouvements ascendants (du bas vers le haut) comme derni\u00e8re \u00e9tape de votre routine<!--TgQPHd|[]--> de soir ou de matin.<\/strong><\/p>\n","protected":false},"featured_media":44538,"comment_status":"open","ping_status":"closed","template":"","meta":[],"product_brand":[1015,1032],"product_cat":[344,348,370,434],"product_tag":[],"class_list":{"0":"post-44537","1":"product","2":"type-product","3":"status-publish","4":"has-post-thumbnail","6":"product_brand-populare","7":"product_brand-dr-melaxin","8":"product_cat-skincare","9":"product_cat-soin-concentre","10":"product_cat-cremes","11":"product_cat-nouveautes","13":"first","14":"outofstock","15":"shipping-taxable","16":"product-type-simple"},"_links":{"self":[{"href":"https:\/\/gangnambeaute.com\/fr\/wp-json\/wp\/v2\/product\/44537","targetHints":{"allow":["GET"]}}],"collection":[{"href":"https:\/\/gangnambeaute.com\/fr\/wp-json\/wp\/v2\/product"}],"about":[{"href":"https:\/\/gangnambeaute.com\/fr\/wp-json\/wp\/v2\/types\/product"}],"replies":[{"embeddable":true,"href":"https:\/\/gangnambeaute.com\/fr\/wp-json\/wp\/v2\/comments?post=44537"}],"version-history":[{"count":2,"href":"https:\/\/gangnambeaute.com\/fr\/wp-json\/wp\/v2\/product\/44537\/revisions"}],"predecessor-version":[{"id":44544,"href":"https:\/\/gangnambeaute.com\/fr\/wp-json\/wp\/v2\/product\/44537\/revisions\/44544"}],"wp:featuredmedia":[{"embeddable":true,"href":"https:\/\/gangnambeaute.com\/fr\/wp-json\/wp\/v2\/media\/44538"}],"wp:attachment":[{"href":"https:\/\/gangnambeaute.com\/fr\/wp-json\/wp\/v2\/media?parent=44537"}],"wp:term":[{"taxonomy":"product_brand","embeddable":true,"href":"https:\/\/gangnambeaute.com\/fr\/wp-json\/wp\/v2\/product_brand?post=44537"},{"taxonomy":"product_cat","embeddable":true,"href":"https:\/\/gangnambeaute.com\/fr\/wp-json\/wp\/v2\/product_cat?post=44537"},{"taxonomy":"product_tag","embeddable":true,"href":"https:\/\/gangnambeaute.com\/fr\/wp-json\/wp\/v2\/product_tag?post=44537"}],"curies":[{"name":"wp","href":"https:\/\/api.w.org\/{rel}","templated":true}]}}