{"id":44528,"date":"2026-05-04T14:17:45","date_gmt":"2026-05-04T14:17:45","guid":{"rendered":"https:\/\/gangnambeaute.com\/?post_type=product&#038;p=44528"},"modified":"2026-05-04T14:18:23","modified_gmt":"2026-05-04T14:18:23","slug":"dr-melaxin-peel-shot-exfoliating-kojic-acid-turmeric-serum-80ml","status":"publish","type":"product","link":"https:\/\/gangnambeaute.com\/fr\/product\/dr-melaxin-peel-shot-exfoliating-kojic-acid-turmeric-serum-80ml\/","title":{"rendered":"Dr.Melaxin \u2013 Peel Shot Exfoliating Kojic Acid Turmeric Serum &#8211; 80ml"},"content":{"rendered":"<div class=\"n6owBd awi2gc\" data-sfc-cp=\"\" data-sfc-root=\"c\" data-sfc-cb=\"\" data-hveid=\"CAEIARAA\" data-complete=\"true\" data-processed=\"true\" data-copy-service-computed-style=\"font-family: &quot;Google Sans&quot;, Arial, sans-serif; font-size: 16px; font-weight: 400; margin: 12px 0px 16px; text-decoration: none; border-bottom: 0px rgb(10, 10, 10);\"><strong>Ce s\u00e9rum intensif est un soin cibl\u00e9 qui corrige les taches brunes et l&rsquo;hyperpigmentation<!--TgQPHd|[]--> tout en lissant la peau gr\u00e2ce \u00e0 l&rsquo;action combin\u00e9e de l&rsquo;acide kojique et du curcuma.<\/strong><!--TgQPHd|[]--><\/div>\n<div class=\"n6owBd awi2gc\" data-sfc-cp=\"\" data-sfc-root=\"c\" data-sfc-cb=\"\" data-hveid=\"CAEIAhAA\" data-processed=\"true\" data-complete=\"true\" aria-owns=\"action-menu-parent-container\" data-copy-service-computed-style=\"font-family: &quot;Google Sans&quot;, Arial, sans-serif; font-size: 16px; font-weight: 400; margin: 12px 0px 16px; text-decoration: none; border-bottom: 0px rgb(10, 10, 10);\"><\/div>\n","protected":false},"excerpt":{"rendered":"<p><strong>Appliquez quelques gouttes sur les zones concern\u00e9es (taches) ou sur l&rsquo;ensemble du visage le soir sur peau propre, puis massez d\u00e9licatement jusqu&rsquo;\u00e0 p\u00e9n\u00e9tration.<\/strong><\/p>\n","protected":false},"featured_media":44530,"comment_status":"open","ping_status":"closed","template":"","meta":[],"product_brand":[1032,1015],"product_cat":[344,348,368,434],"product_tag":[],"class_list":{"0":"post-44528","1":"product","2":"type-product","3":"status-publish","4":"has-post-thumbnail","6":"product_brand-dr-melaxin","7":"product_brand-populare","8":"product_cat-skincare","9":"product_cat-soin-concentre","10":"product_cat-serums","11":"product_cat-nouveautes","13":"first","14":"outofstock","15":"shipping-taxable","16":"product-type-simple"},"_links":{"self":[{"href":"https:\/\/gangnambeaute.com\/fr\/wp-json\/wp\/v2\/product\/44528","targetHints":{"allow":["GET"]}}],"collection":[{"href":"https:\/\/gangnambeaute.com\/fr\/wp-json\/wp\/v2\/product"}],"about":[{"href":"https:\/\/gangnambeaute.com\/fr\/wp-json\/wp\/v2\/types\/product"}],"replies":[{"embeddable":true,"href":"https:\/\/gangnambeaute.com\/fr\/wp-json\/wp\/v2\/comments?post=44528"}],"version-history":[{"count":2,"href":"https:\/\/gangnambeaute.com\/fr\/wp-json\/wp\/v2\/product\/44528\/revisions"}],"predecessor-version":[{"id":44536,"href":"https:\/\/gangnambeaute.com\/fr\/wp-json\/wp\/v2\/product\/44528\/revisions\/44536"}],"wp:featuredmedia":[{"embeddable":true,"href":"https:\/\/gangnambeaute.com\/fr\/wp-json\/wp\/v2\/media\/44530"}],"wp:attachment":[{"href":"https:\/\/gangnambeaute.com\/fr\/wp-json\/wp\/v2\/media?parent=44528"}],"wp:term":[{"taxonomy":"product_brand","embeddable":true,"href":"https:\/\/gangnambeaute.com\/fr\/wp-json\/wp\/v2\/product_brand?post=44528"},{"taxonomy":"product_cat","embeddable":true,"href":"https:\/\/gangnambeaute.com\/fr\/wp-json\/wp\/v2\/product_cat?post=44528"},{"taxonomy":"product_tag","embeddable":true,"href":"https:\/\/gangnambeaute.com\/fr\/wp-json\/wp\/v2\/product_tag?post=44528"}],"curies":[{"name":"wp","href":"https:\/\/api.w.org\/{rel}","templated":true}]}}