{"id":44515,"date":"2026-05-04T13:52:13","date_gmt":"2026-05-04T13:52:13","guid":{"rendered":"https:\/\/gangnambeaute.com\/?post_type=product&#038;p=44515"},"modified":"2026-05-04T13:53:21","modified_gmt":"2026-05-04T13:53:21","slug":"dr-melaxin-peel-shot-glow-white-rice-toner-tonique-visage-200ml","status":"publish","type":"product","link":"https:\/\/gangnambeaute.com\/fr\/product\/dr-melaxin-peel-shot-glow-white-rice-toner-tonique-visage-200ml\/","title":{"rendered":"Dr.Melaxin &#8211; Peel Shot Glow White Rice Toner &#8211; Tonique Visage &#8211; 200ml"},"content":{"rendered":"<p><strong>Ce toner lact\u00e9 est un soin hybride qui exfolie en douceur tout en hydratant intens\u00e9ment<!--TgQPHd|[]--> pour r\u00e9v\u00e9ler l&rsquo;\u00e9clat \u00ab\u00a0glass skin\u00a0\u00bb du visage gr\u00e2ce \u00e0 l&rsquo;eau de son de riz ferment\u00e9e et aux c\u00e9ramides.<\/strong><\/p>\n","protected":false},"excerpt":{"rendered":"<p><strong>Versez une quantit\u00e9 g\u00e9n\u00e9reuse dans le creux de vos mains ou sur un coton, puis tapotez doucement sur votre visage propre<!--TgQPHd|[]--> jusqu&rsquo;\u00e0 absorption compl\u00e8te avant d&rsquo;appliquer votre s\u00e9rum.<\/strong><\/p>\n","protected":false},"featured_media":44517,"comment_status":"open","ping_status":"closed","template":"","meta":[],"product_brand":[1015,1032],"product_cat":[344,347,348,366,434],"product_tag":[],"class_list":{"0":"post-44515","1":"product","2":"type-product","3":"status-publish","4":"has-post-thumbnail","6":"product_brand-populare","7":"product_brand-dr-melaxin","8":"product_cat-skincare","9":"product_cat-toniques","10":"product_cat-soin-concentre","11":"product_cat-toniques-hydratants-toniques","12":"product_cat-nouveautes","14":"first","15":"outofstock","16":"shipping-taxable","17":"product-type-simple"},"_links":{"self":[{"href":"https:\/\/gangnambeaute.com\/fr\/wp-json\/wp\/v2\/product\/44515","targetHints":{"allow":["GET"]}}],"collection":[{"href":"https:\/\/gangnambeaute.com\/fr\/wp-json\/wp\/v2\/product"}],"about":[{"href":"https:\/\/gangnambeaute.com\/fr\/wp-json\/wp\/v2\/types\/product"}],"replies":[{"embeddable":true,"href":"https:\/\/gangnambeaute.com\/fr\/wp-json\/wp\/v2\/comments?post=44515"}],"version-history":[{"count":1,"href":"https:\/\/gangnambeaute.com\/fr\/wp-json\/wp\/v2\/product\/44515\/revisions"}],"predecessor-version":[{"id":44522,"href":"https:\/\/gangnambeaute.com\/fr\/wp-json\/wp\/v2\/product\/44515\/revisions\/44522"}],"wp:featuredmedia":[{"embeddable":true,"href":"https:\/\/gangnambeaute.com\/fr\/wp-json\/wp\/v2\/media\/44517"}],"wp:attachment":[{"href":"https:\/\/gangnambeaute.com\/fr\/wp-json\/wp\/v2\/media?parent=44515"}],"wp:term":[{"taxonomy":"product_brand","embeddable":true,"href":"https:\/\/gangnambeaute.com\/fr\/wp-json\/wp\/v2\/product_brand?post=44515"},{"taxonomy":"product_cat","embeddable":true,"href":"https:\/\/gangnambeaute.com\/fr\/wp-json\/wp\/v2\/product_cat?post=44515"},{"taxonomy":"product_tag","embeddable":true,"href":"https:\/\/gangnambeaute.com\/fr\/wp-json\/wp\/v2\/product_tag?post=44515"}],"curies":[{"name":"wp","href":"https:\/\/api.w.org\/{rel}","templated":true}]}}