{"id":44502,"date":"2026-05-03T14:01:29","date_gmt":"2026-05-03T14:01:29","guid":{"rendered":"https:\/\/gangnambeaute.com\/?post_type=product&#038;p=44502"},"modified":"2026-05-03T14:01:29","modified_gmt":"2026-05-03T14:01:29","slug":"skin1004-madagascar-centella-tone-brightening-cleansing-gel-foam-gel-nettoyant-125ml","status":"publish","type":"product","link":"https:\/\/gangnambeaute.com\/fr\/product\/skin1004-madagascar-centella-tone-brightening-cleansing-gel-foam-gel-nettoyant-125ml\/","title":{"rendered":"SKIN1004 &#8211; Madagascar Centella Tone Brightening Cleansing Gel Foam &#8211; Gel nettoyant &#8211; 125ml"},"content":{"rendered":"<p><strong>Ce nettoyant moussant est un soin doux au pH \u00e9quilibr\u00e9 qui \u00e9limine les impuret\u00e9s et illumine le teint<!--TgQPHd|[]--> sans ass\u00e9cher la peau, gr\u00e2ce \u00e0 l&rsquo;extrait de Centella Asiatica et \u00e0 la vitamine C.<\/strong><\/p>\n","protected":false},"excerpt":{"rendered":"<p><strong>Pour l&rsquo;utiliser, faites mousser une petite quantit\u00e9 de gel entre vos mains humides, massez d\u00e9licatement votre visage, puis rincez abondamment \u00e0 l&rsquo;eau ti\u00e8de.<\/strong><\/p>\n","protected":false},"featured_media":44503,"comment_status":"open","ping_status":"closed","template":"","meta":[],"product_brand":[1015,1046],"product_cat":[344,346,348,360,434],"product_tag":[],"class_list":{"0":"post-44502","1":"product","2":"type-product","3":"status-publish","4":"has-post-thumbnail","6":"product_brand-populare","7":"product_brand-skin-1004-populare","8":"product_cat-skincare","9":"product_cat-nettoyants","10":"product_cat-soin-concentre","11":"product_cat-gels-nettoyants","12":"product_cat-nouveautes","14":"first","15":"instock","16":"shipping-taxable","17":"product-type-simple"},"_links":{"self":[{"href":"https:\/\/gangnambeaute.com\/fr\/wp-json\/wp\/v2\/product\/44502","targetHints":{"allow":["GET"]}}],"collection":[{"href":"https:\/\/gangnambeaute.com\/fr\/wp-json\/wp\/v2\/product"}],"about":[{"href":"https:\/\/gangnambeaute.com\/fr\/wp-json\/wp\/v2\/types\/product"}],"replies":[{"embeddable":true,"href":"https:\/\/gangnambeaute.com\/fr\/wp-json\/wp\/v2\/comments?post=44502"}],"version-history":[{"count":2,"href":"https:\/\/gangnambeaute.com\/fr\/wp-json\/wp\/v2\/product\/44502\/revisions"}],"predecessor-version":[{"id":44509,"href":"https:\/\/gangnambeaute.com\/fr\/wp-json\/wp\/v2\/product\/44502\/revisions\/44509"}],"wp:featuredmedia":[{"embeddable":true,"href":"https:\/\/gangnambeaute.com\/fr\/wp-json\/wp\/v2\/media\/44503"}],"wp:attachment":[{"href":"https:\/\/gangnambeaute.com\/fr\/wp-json\/wp\/v2\/media?parent=44502"}],"wp:term":[{"taxonomy":"product_brand","embeddable":true,"href":"https:\/\/gangnambeaute.com\/fr\/wp-json\/wp\/v2\/product_brand?post=44502"},{"taxonomy":"product_cat","embeddable":true,"href":"https:\/\/gangnambeaute.com\/fr\/wp-json\/wp\/v2\/product_cat?post=44502"},{"taxonomy":"product_tag","embeddable":true,"href":"https:\/\/gangnambeaute.com\/fr\/wp-json\/wp\/v2\/product_tag?post=44502"}],"curies":[{"name":"wp","href":"https:\/\/api.w.org\/{rel}","templated":true}]}}