{"id":44494,"date":"2026-05-03T13:51:30","date_gmt":"2026-05-03T13:51:30","guid":{"rendered":"https:\/\/gangnambeaute.com\/?post_type=product&#038;p=44494"},"modified":"2026-05-03T13:51:30","modified_gmt":"2026-05-03T13:51:30","slug":"skin1004-madagascar-centella-poremizing-light-gel-cream-creme-visage-75-ml","status":"publish","type":"product","link":"https:\/\/gangnambeaute.com\/fr\/product\/skin1004-madagascar-centella-poremizing-light-gel-cream-creme-visage-75-ml\/","title":{"rendered":"SKIN1004-Madagascar Centella Poremizing Light Gel Cream \u2013 Cr\u00e8me Visage &#8211; 75 ml"},"content":{"rendered":"<p><strong>Ce gel-cr\u00e8me est un soin hydratant ultra-l\u00e9ger con\u00e7u pour purifier et resserrer les pores tout en apaisant les peaux mixtes \u00e0 grasses gr\u00e2ce au sel rose de l&rsquo;Himalaya et \u00e0 la Centella Asiatica.<\/strong><\/p>\n","protected":false},"excerpt":{"rendered":"<p><strong>Appliquez une noisette de produit sur votre visage propre matin et soir, puis tapotez d\u00e9licatement avec vos paumes jusqu&rsquo;\u00e0 absorption compl\u00e8te.<\/strong><\/p>\n","protected":false},"featured_media":44495,"comment_status":"open","ping_status":"closed","template":"","meta":[],"product_brand":[1015,1046],"product_cat":[344,348,370,434],"product_tag":[],"class_list":{"0":"post-44494","1":"product","2":"type-product","3":"status-publish","4":"has-post-thumbnail","6":"product_brand-populare","7":"product_brand-skin-1004-populare","8":"product_cat-skincare","9":"product_cat-soin-concentre","10":"product_cat-cremes","11":"product_cat-nouveautes","13":"first","14":"instock","15":"shipping-taxable","16":"product-type-simple"},"_links":{"self":[{"href":"https:\/\/gangnambeaute.com\/fr\/wp-json\/wp\/v2\/product\/44494","targetHints":{"allow":["GET"]}}],"collection":[{"href":"https:\/\/gangnambeaute.com\/fr\/wp-json\/wp\/v2\/product"}],"about":[{"href":"https:\/\/gangnambeaute.com\/fr\/wp-json\/wp\/v2\/types\/product"}],"replies":[{"embeddable":true,"href":"https:\/\/gangnambeaute.com\/fr\/wp-json\/wp\/v2\/comments?post=44494"}],"version-history":[{"count":2,"href":"https:\/\/gangnambeaute.com\/fr\/wp-json\/wp\/v2\/product\/44494\/revisions"}],"predecessor-version":[{"id":44501,"href":"https:\/\/gangnambeaute.com\/fr\/wp-json\/wp\/v2\/product\/44494\/revisions\/44501"}],"wp:featuredmedia":[{"embeddable":true,"href":"https:\/\/gangnambeaute.com\/fr\/wp-json\/wp\/v2\/media\/44495"}],"wp:attachment":[{"href":"https:\/\/gangnambeaute.com\/fr\/wp-json\/wp\/v2\/media?parent=44494"}],"wp:term":[{"taxonomy":"product_brand","embeddable":true,"href":"https:\/\/gangnambeaute.com\/fr\/wp-json\/wp\/v2\/product_brand?post=44494"},{"taxonomy":"product_cat","embeddable":true,"href":"https:\/\/gangnambeaute.com\/fr\/wp-json\/wp\/v2\/product_cat?post=44494"},{"taxonomy":"product_tag","embeddable":true,"href":"https:\/\/gangnambeaute.com\/fr\/wp-json\/wp\/v2\/product_tag?post=44494"}],"curies":[{"name":"wp","href":"https:\/\/api.w.org\/{rel}","templated":true}]}}