{"id":44433,"date":"2026-04-27T11:56:22","date_gmt":"2026-04-27T11:56:22","guid":{"rendered":"https:\/\/gangnambeaute.com\/?post_type=product&#038;p=44433"},"modified":"2026-04-27T15:49:43","modified_gmt":"2026-04-27T15:49:43","slug":"seoul-1988-boosting-ball-collagen-100-boules-boost-de-collagene-35mg","status":"publish","type":"product","link":"https:\/\/gangnambeaute.com\/fr\/product\/seoul-1988-boosting-ball-collagen-100-boules-boost-de-collagene-35mg\/","title":{"rendered":"K-SECRET- SEOUL 1988 Boosting Ball : Collagen 100% &#8211; Boules Boost de Collag\u00e8ne &#8211; 35mg x 7 capsules"},"content":{"rendered":"<p><strong>C&rsquo;est une bille de\u00a0collag\u00e8ne pur \u00e0 100 % qui se dissout dans un s\u00e9rum pour raffermir instantan\u00e9ment la peau et booster son \u00e9lasticit\u00e9.<\/strong><\/p>\n","protected":false},"excerpt":{"rendered":"<p><strong>M\u00e9langez une bille de collag\u00e8ne avec quelques gouttes de votre s\u00e9rum dans le creux de la main, puis appliquez le m\u00e9lange sur votre visage propre pour une peau repulp\u00e9e.<\/strong><\/p>\n","protected":false},"featured_media":44434,"comment_status":"open","ping_status":"closed","template":"","meta":[],"product_brand":[1027,1015],"product_cat":[344,348,368,434],"product_tag":[],"class_list":{"0":"post-44433","1":"product","2":"type-product","3":"status-publish","4":"has-post-thumbnail","6":"product_brand-k-secret","7":"product_brand-populare","8":"product_cat-skincare","9":"product_cat-soin-concentre","10":"product_cat-serums","11":"product_cat-nouveautes","13":"first","14":"outofstock","15":"sale","16":"shipping-taxable","17":"purchasable","18":"product-type-simple"},"_links":{"self":[{"href":"https:\/\/gangnambeaute.com\/fr\/wp-json\/wp\/v2\/product\/44433","targetHints":{"allow":["GET"]}}],"collection":[{"href":"https:\/\/gangnambeaute.com\/fr\/wp-json\/wp\/v2\/product"}],"about":[{"href":"https:\/\/gangnambeaute.com\/fr\/wp-json\/wp\/v2\/types\/product"}],"replies":[{"embeddable":true,"href":"https:\/\/gangnambeaute.com\/fr\/wp-json\/wp\/v2\/comments?post=44433"}],"version-history":[{"count":9,"href":"https:\/\/gangnambeaute.com\/fr\/wp-json\/wp\/v2\/product\/44433\/revisions"}],"predecessor-version":[{"id":44478,"href":"https:\/\/gangnambeaute.com\/fr\/wp-json\/wp\/v2\/product\/44433\/revisions\/44478"}],"wp:featuredmedia":[{"embeddable":true,"href":"https:\/\/gangnambeaute.com\/fr\/wp-json\/wp\/v2\/media\/44434"}],"wp:attachment":[{"href":"https:\/\/gangnambeaute.com\/fr\/wp-json\/wp\/v2\/media?parent=44433"}],"wp:term":[{"taxonomy":"product_brand","embeddable":true,"href":"https:\/\/gangnambeaute.com\/fr\/wp-json\/wp\/v2\/product_brand?post=44433"},{"taxonomy":"product_cat","embeddable":true,"href":"https:\/\/gangnambeaute.com\/fr\/wp-json\/wp\/v2\/product_cat?post=44433"},{"taxonomy":"product_tag","embeddable":true,"href":"https:\/\/gangnambeaute.com\/fr\/wp-json\/wp\/v2\/product_tag?post=44433"}],"curies":[{"name":"wp","href":"https:\/\/api.w.org\/{rel}","templated":true}]}}