{"id":44312,"date":"2026-04-22T11:18:18","date_gmt":"2026-04-22T11:18:18","guid":{"rendered":"https:\/\/gangnambeaute.com\/?post_type=product&#038;p=44312"},"modified":"2026-04-22T11:39:04","modified_gmt":"2026-04-22T11:39:04","slug":"medicube-age-r-booster-pro-yellow-edition-appareil-anti-age-multifonction-edition-jaune","status":"publish","type":"product","link":"https:\/\/gangnambeaute.com\/fr\/product\/medicube-age-r-booster-pro-yellow-edition-appareil-anti-age-multifonction-edition-jaune\/","title":{"rendered":"Medicube \u2013 AGE-R Booster Pro Lemon Edition \u2013 Appareil anti-\u00e2ge multifonction \u00e9dition jaune"},"content":{"rendered":"<div class=\"elementor-element elementor-element-7fdeff93 wd-section-stretch e-flex e-con-boxed e-con e-parent e-lazyloaded\" data-id=\"7fdeff93\" data-element_type=\"container\" data-e-type=\"container\">\n<div class=\"e-con-inner\">\n<div class=\"elementor-element elementor-element-c5d06d7 e-n-tabs-none elementor-widget elementor-widget-n-tabs\" data-id=\"c5d06d7\" data-element_type=\"widget\" data-e-type=\"widget\" data-settings=\"{&quot;horizontal_scroll&quot;:&quot;disable&quot;}\" data-widget_type=\"nested-tabs.default\">\n<div class=\"elementor-widget-container\">\n<div class=\"e-n-tabs e-activated\" data-widget-number=\"207423191\" aria-label=\"Tabs. Open items with Enter or Space, close with Escape and navigate using the Arrow keys.\" data-touch-mode=\"false\">\n<div class=\"e-n-tabs-content\">\n<div id=\"e-n-tab-content-2074231911\" class=\"e-active elementor-element elementor-element-705807c e-con-full e-flex e-con e-child\" role=\"tabpanel\" aria-labelledby=\"e-n-tab-title-2074231911\" data-tab-index=\"1\" data-id=\"705807c\" data-element_type=\"container\" data-e-type=\"container\">\n<div class=\"wd-negative-gap elementor-element elementor-element-1f76df4 e-flex e-con-boxed e-con e-child\" data-id=\"1f76df4\" data-element_type=\"container\" data-e-type=\"container\">\n<div class=\"e-con-inner\">\n<div class=\"elementor-element elementor-element-c6136b4 color-scheme-inherit text-left elementor-widget elementor-widget-text-editor\" data-id=\"c6136b4\" data-element_type=\"widget\" data-e-type=\"widget\" data-widget_type=\"text-editor.default\">\n<div class=\"elementor-widget-container\"><strong>L\u2019AGE-R Booster Pro est un appareil 6-en-1 qui raffermit, illumine et r\u00e9g\u00e9n\u00e8re votre peau \u00e0 domicile gr\u00e2ce \u00e0 des technologies comme les micro-courants et l\u2019\u00e9lectroporation.<\/strong><\/div>\n<\/div>\n<\/div>\n<\/div>\n<\/div>\n<\/div>\n<\/div>\n<\/div>\n<\/div>\n<\/div>\n<\/div>\n<div class=\"wd-negative-gap elementor-element elementor-element-1c99ebb9 wd-section-stretch e-flex e-con-boxed e-con e-parent e-lazyloaded\" data-id=\"1c99ebb9\" data-element_type=\"container\" data-e-type=\"container\">\n<div class=\"e-con-inner\">\n<div class=\"elementor-element elementor-element-1dd000af wd-width-100 elementor-widget elementor-widget-wd_title\" data-id=\"1dd000af\" data-element_type=\"widget\" data-e-type=\"widget\" data-widget_type=\"wd_title.default\">\n<div class=\"elementor-widget-container\">\n<div class=\"title-wrapper set-mb-s reset-last-child wd-title-color-primary wd-title-style-simple wd-title-size-default text-left\"><\/div>\n<\/div>\n<\/div>\n<\/div>\n<\/div>\n","protected":false},"excerpt":{"rendered":"<div class=\"elementor-element elementor-element-7fdeff93 wd-section-stretch e-flex e-con-boxed e-con e-parent e-lazyloaded\" data-id=\"7fdeff93\" data-element_type=\"container\" data-e-type=\"container\">\n<div class=\"e-con-inner\">\n<div class=\"elementor-element elementor-element-c5d06d7 e-n-tabs-none elementor-widget elementor-widget-n-tabs\" data-id=\"c5d06d7\" data-element_type=\"widget\" data-e-type=\"widget\" data-settings=\"{&quot;horizontal_scroll&quot;:&quot;disable&quot;}\" data-widget_type=\"nested-tabs.default\">\n<div class=\"elementor-widget-container\">\n<div class=\"e-n-tabs e-activated\" data-widget-number=\"207423191\" aria-label=\"Tabs. Open items with Enter or Space, close with Escape and navigate using the Arrow keys.\" data-touch-mode=\"false\">\n<div class=\"e-n-tabs-content\">\n<div id=\"e-n-tab-content-2074231912\" class=\"elementor-element elementor-element-66ca28c e-con-full e-flex e-con e-child e-active\" role=\"tabpanel\" aria-labelledby=\"e-n-tab-title-2074231912\" data-tab-index=\"2\" data-id=\"66ca28c\" data-element_type=\"container\" data-e-type=\"container\">\n<div class=\"wd-negative-gap elementor-element elementor-element-f2b94b0 e-flex e-con-boxed e-con e-child\" data-id=\"f2b94b0\" data-element_type=\"container\" data-e-type=\"container\">\n<div class=\"e-con-inner\">\n<div class=\"elementor-element elementor-element-ab1a609 color-scheme-inherit text-left elementor-widget elementor-widget-text-editor\" data-id=\"ab1a609\" data-element_type=\"widget\" data-e-type=\"widget\" data-widget_type=\"text-editor.default\">\n<div class=\"elementor-widget-container\"><strong>Appliquez vos soins habituels, puis passez l\u2019appareil sur votre visage en choisissant le mode Booster pour faire p\u00e9n\u00e9trer les actifs ou le mode MC pour raffermir<\/strong><\/div>\n<\/div>\n<\/div>\n<\/div>\n<\/div>\n<\/div>\n<\/div>\n<\/div>\n<\/div>\n<\/div>\n<\/div>\n<div class=\"wd-negative-gap elementor-element elementor-element-1c99ebb9 wd-section-stretch e-flex e-con-boxed e-con e-parent e-lazyloaded\" data-id=\"1c99ebb9\" data-element_type=\"container\" data-e-type=\"container\">\n<div class=\"e-con-inner\">\n<div class=\"elementor-element elementor-element-1dd000af wd-width-100 elementor-widget elementor-widget-wd_title\" data-id=\"1dd000af\" data-element_type=\"widget\" data-e-type=\"widget\" data-widget_type=\"wd_title.default\">\n<div class=\"elementor-widget-container\">\n<div class=\"title-wrapper set-mb-s reset-last-child wd-title-color-primary wd-title-style-simple wd-title-size-default text-left\"><\/div>\n<\/div>\n<\/div>\n<\/div>\n<\/div>\n","protected":false},"featured_media":44320,"comment_status":"open","ping_status":"closed","template":"","meta":[],"product_brand":[1015,1058],"product_cat":[344,348,434],"product_tag":[],"class_list":{"0":"post-44312","1":"product","2":"type-product","3":"status-publish","4":"has-post-thumbnail","6":"product_brand-populare","7":"product_brand-medicube-populare","8":"product_cat-skincare","9":"product_cat-soin-concentre","10":"product_cat-nouveautes","12":"first","13":"outofstock","14":"shipping-taxable","15":"product-type-simple"},"_links":{"self":[{"href":"https:\/\/gangnambeaute.com\/fr\/wp-json\/wp\/v2\/product\/44312","targetHints":{"allow":["GET"]}}],"collection":[{"href":"https:\/\/gangnambeaute.com\/fr\/wp-json\/wp\/v2\/product"}],"about":[{"href":"https:\/\/gangnambeaute.com\/fr\/wp-json\/wp\/v2\/types\/product"}],"replies":[{"embeddable":true,"href":"https:\/\/gangnambeaute.com\/fr\/wp-json\/wp\/v2\/comments?post=44312"}],"version-history":[{"count":3,"href":"https:\/\/gangnambeaute.com\/fr\/wp-json\/wp\/v2\/product\/44312\/revisions"}],"predecessor-version":[{"id":44321,"href":"https:\/\/gangnambeaute.com\/fr\/wp-json\/wp\/v2\/product\/44312\/revisions\/44321"}],"wp:featuredmedia":[{"embeddable":true,"href":"https:\/\/gangnambeaute.com\/fr\/wp-json\/wp\/v2\/media\/44320"}],"wp:attachment":[{"href":"https:\/\/gangnambeaute.com\/fr\/wp-json\/wp\/v2\/media?parent=44312"}],"wp:term":[{"taxonomy":"product_brand","embeddable":true,"href":"https:\/\/gangnambeaute.com\/fr\/wp-json\/wp\/v2\/product_brand?post=44312"},{"taxonomy":"product_cat","embeddable":true,"href":"https:\/\/gangnambeaute.com\/fr\/wp-json\/wp\/v2\/product_cat?post=44312"},{"taxonomy":"product_tag","embeddable":true,"href":"https:\/\/gangnambeaute.com\/fr\/wp-json\/wp\/v2\/product_tag?post=44312"}],"curies":[{"name":"wp","href":"https:\/\/api.w.org\/{rel}","templated":true}]}}