{"id":44293,"date":"2026-04-22T09:18:53","date_gmt":"2026-04-22T09:18:53","guid":{"rendered":"https:\/\/gangnambeaute.com\/?post_type=product&#038;p=44293"},"modified":"2026-04-22T09:20:30","modified_gmt":"2026-04-22T09:20:30","slug":"medicube-age-r-booster-pro-pink-edition-appareil-anti-age-multifonction-edition-rose-2","status":"publish","type":"product","link":"https:\/\/gangnambeaute.com\/fr\/product\/medicube-age-r-booster-pro-pink-edition-appareil-anti-age-multifonction-edition-rose-2\/","title":{"rendered":"Medicube \u2013 AGE-R Booster Pro Pink Edition &#8211; Appareil anti-\u00e2ge multifonction \u00e9dition rose"},"content":{"rendered":"<p><strong>L\u2019AGE-R Booster Pro est un appareil 6-en-1 qui raffermit, illumine et r\u00e9g\u00e9n\u00e8re votre peau \u00e0 domicile gr\u00e2ce \u00e0 des technologies comme les micro-courants et l\u2019\u00e9lectroporation.<\/strong><\/p>\n","protected":false},"excerpt":{"rendered":"<p><strong>Appliquez vos soins habituels, puis passez l\u2019appareil sur votre visage en choisissant le mode Booster pour faire p\u00e9n\u00e9trer les actifs ou le mode MC pour raffermir<\/strong><\/p>\n","protected":false},"featured_media":44294,"comment_status":"open","ping_status":"closed","template":"","meta":[],"product_brand":[1015,1058],"product_cat":[344,348,429,431,432,435],"product_tag":[],"class_list":{"0":"post-44293","1":"product","2":"type-product","3":"status-publish","4":"has-post-thumbnail","6":"product_brand-populare","7":"product_brand-medicube-populare","8":"product_cat-skincare","9":"product_cat-soin-concentre","10":"product_cat-soldes","11":"product_cat-offres","12":"product_cat-meilleurs-ventes","13":"product_cat-retour-en-stock","15":"first","16":"instock","17":"sale","18":"shipping-taxable","19":"purchasable","20":"product-type-simple"},"_links":{"self":[{"href":"https:\/\/gangnambeaute.com\/fr\/wp-json\/wp\/v2\/product\/44293","targetHints":{"allow":["GET"]}}],"collection":[{"href":"https:\/\/gangnambeaute.com\/fr\/wp-json\/wp\/v2\/product"}],"about":[{"href":"https:\/\/gangnambeaute.com\/fr\/wp-json\/wp\/v2\/types\/product"}],"replies":[{"embeddable":true,"href":"https:\/\/gangnambeaute.com\/fr\/wp-json\/wp\/v2\/comments?post=44293"}],"version-history":[{"count":2,"href":"https:\/\/gangnambeaute.com\/fr\/wp-json\/wp\/v2\/product\/44293\/revisions"}],"predecessor-version":[{"id":44299,"href":"https:\/\/gangnambeaute.com\/fr\/wp-json\/wp\/v2\/product\/44293\/revisions\/44299"}],"wp:featuredmedia":[{"embeddable":true,"href":"https:\/\/gangnambeaute.com\/fr\/wp-json\/wp\/v2\/media\/44294"}],"wp:attachment":[{"href":"https:\/\/gangnambeaute.com\/fr\/wp-json\/wp\/v2\/media?parent=44293"}],"wp:term":[{"taxonomy":"product_brand","embeddable":true,"href":"https:\/\/gangnambeaute.com\/fr\/wp-json\/wp\/v2\/product_brand?post=44293"},{"taxonomy":"product_cat","embeddable":true,"href":"https:\/\/gangnambeaute.com\/fr\/wp-json\/wp\/v2\/product_cat?post=44293"},{"taxonomy":"product_tag","embeddable":true,"href":"https:\/\/gangnambeaute.com\/fr\/wp-json\/wp\/v2\/product_tag?post=44293"}],"curies":[{"name":"wp","href":"https:\/\/api.w.org\/{rel}","templated":true}]}}