{"id":43275,"date":"2026-03-12T13:48:04","date_gmt":"2026-03-12T13:48:04","guid":{"rendered":"https:\/\/gangnambeaute.com\/?post_type=product&#038;p=43275"},"modified":"2026-04-21T21:53:53","modified_gmt":"2026-04-21T21:53:53","slug":"celimax-the-real-noni-hydra-firming-lotion-150ml","status":"publish","type":"product","link":"https:\/\/gangnambeaute.com\/fr\/product\/celimax-the-real-noni-hydra-firming-lotion-150ml\/","title":{"rendered":"Celimax &#8211; The Real Noni Hydra Firming Lotion &#8211; 150ml"},"content":{"rendered":"<p><strong>Cette lotion \u00e0 l&rsquo;extrait de fruit de noni\u00a0et \u00e0 l&rsquo;acide hyaluronique\u00a0renforce la barri\u00e8re cutan\u00e9e et raffermit les peaux fatigu\u00e9es tout en contr\u00f4lant l&rsquo;\u00e9quilibre huile-eau.<span class=\"uJ19be notranslate\" data-wiz-uids=\"MgtqFc_o,MgtqFc_p\" data-sfc-cb=\"\" data-complete=\"true\" data-processed=\"true\"><span class=\"vKEkVd\" data-animation-atomic=\"\" data-wiz-attrbind=\"class=MgtqFc_n\/TKHnVd\" data-sae=\"\"><span aria-hidden=\"true\">\u00a0<\/span><\/span><\/span><\/strong><\/p>\n","protected":false},"excerpt":{"rendered":"<p><strong>Appliquez sur votre\u00a0visage propre\u00a0apr\u00e8s votre tonique, puis tapotez d\u00e9licatement pour faire p\u00e9n\u00e9trer avant votre cr\u00e8me habituelle.<span class=\"uJ19be notranslate\" data-wiz-uids=\"MgtqFc_y,MgtqFc_z\" data-sfc-cb=\"\" data-complete=\"true\" data-processed=\"true\"><span class=\"vKEkVd\" data-animation-atomic=\"\" data-wiz-attrbind=\"class=MgtqFc_x\/TKHnVd\" data-sae=\"\"><span aria-hidden=\"true\">\u00a0<\/span><\/span><\/span><\/strong><\/p>\n","protected":false},"featured_media":43285,"comment_status":"open","ping_status":"closed","template":"","meta":[],"product_brand":[1015,1059],"product_cat":[344,118,348,370,434],"product_tag":[],"class_list":{"0":"post-43275","1":"product","2":"type-product","3":"status-publish","4":"has-post-thumbnail","6":"product_brand-populare","7":"product_brand-celimax-populare","8":"product_cat-skincare","9":"product_cat-default","10":"product_cat-soin-concentre","11":"product_cat-cremes","12":"product_cat-nouveautes","14":"first","15":"instock","16":"sale","17":"shipping-taxable","18":"purchasable","19":"product-type-simple"},"_links":{"self":[{"href":"https:\/\/gangnambeaute.com\/fr\/wp-json\/wp\/v2\/product\/43275","targetHints":{"allow":["GET"]}}],"collection":[{"href":"https:\/\/gangnambeaute.com\/fr\/wp-json\/wp\/v2\/product"}],"about":[{"href":"https:\/\/gangnambeaute.com\/fr\/wp-json\/wp\/v2\/types\/product"}],"replies":[{"embeddable":true,"href":"https:\/\/gangnambeaute.com\/fr\/wp-json\/wp\/v2\/comments?post=43275"}],"version-history":[{"count":2,"href":"https:\/\/gangnambeaute.com\/fr\/wp-json\/wp\/v2\/product\/43275\/revisions"}],"predecessor-version":[{"id":43991,"href":"https:\/\/gangnambeaute.com\/fr\/wp-json\/wp\/v2\/product\/43275\/revisions\/43991"}],"wp:featuredmedia":[{"embeddable":true,"href":"https:\/\/gangnambeaute.com\/fr\/wp-json\/wp\/v2\/media\/43285"}],"wp:attachment":[{"href":"https:\/\/gangnambeaute.com\/fr\/wp-json\/wp\/v2\/media?parent=43275"}],"wp:term":[{"taxonomy":"product_brand","embeddable":true,"href":"https:\/\/gangnambeaute.com\/fr\/wp-json\/wp\/v2\/product_brand?post=43275"},{"taxonomy":"product_cat","embeddable":true,"href":"https:\/\/gangnambeaute.com\/fr\/wp-json\/wp\/v2\/product_cat?post=43275"},{"taxonomy":"product_tag","embeddable":true,"href":"https:\/\/gangnambeaute.com\/fr\/wp-json\/wp\/v2\/product_tag?post=43275"}],"curies":[{"name":"wp","href":"https:\/\/api.w.org\/{rel}","templated":true}]}}