{"id":43237,"date":"2026-03-12T12:18:35","date_gmt":"2026-03-12T12:18:35","guid":{"rendered":"https:\/\/gangnambeaute.com\/?post_type=product&#038;p=43237"},"modified":"2026-04-11T02:55:35","modified_gmt":"2026-04-11T02:55:35","slug":"manyo-galactomy-enzyme-peeling-gel-75ml","status":"publish","type":"product","link":"https:\/\/gangnambeaute.com\/fr\/product\/manyo-galactomy-enzyme-peeling-gel-75ml\/","title":{"rendered":"Ma:nyo &#8211; Galactomy Enzyme Peeling Gel &#8211; 75ml"},"content":{"rendered":"<div class=\"Y3BBE\" data-sfc-cp=\"\" data-sfc-cb=\"\" data-hveid=\"CAEIAhAA\" data-complete=\"true\" data-processed=\"true\"><strong>Ce gel aux\u00a0enzymes et galactomyces exfolie en douceur pour un grain de peau lisse et un teint lumineux sans irritation.<\/strong><\/div>\n","protected":false},"excerpt":{"rendered":"<p><strong>Massez sur\u00a0visage propre et sec\u00a0jusqu&rsquo;\u00e0 l&rsquo;apparition de bouloches, puis rincez abondamment \u00e0 l&rsquo;eau ti\u00e8de.<\/strong><\/p>\n","protected":false},"featured_media":43238,"comment_status":"open","ping_status":"closed","template":"","meta":[],"product_brand":[1026,1015],"product_cat":[344,346,348,350,360,434],"product_tag":[],"class_list":{"0":"post-43237","1":"product","2":"type-product","3":"status-publish","4":"has-post-thumbnail","6":"product_brand-manyo","7":"product_brand-populare","8":"product_cat-skincare","9":"product_cat-nettoyants","10":"product_cat-soin-concentre","11":"product_cat-exfoliants","12":"product_cat-gels-nettoyants","13":"product_cat-nouveautes","15":"first","16":"instock","17":"sale","18":"shipping-taxable","19":"purchasable","20":"product-type-simple"},"_links":{"self":[{"href":"https:\/\/gangnambeaute.com\/fr\/wp-json\/wp\/v2\/product\/43237","targetHints":{"allow":["GET"]}}],"collection":[{"href":"https:\/\/gangnambeaute.com\/fr\/wp-json\/wp\/v2\/product"}],"about":[{"href":"https:\/\/gangnambeaute.com\/fr\/wp-json\/wp\/v2\/types\/product"}],"replies":[{"embeddable":true,"href":"https:\/\/gangnambeaute.com\/fr\/wp-json\/wp\/v2\/comments?post=43237"}],"version-history":[{"count":2,"href":"https:\/\/gangnambeaute.com\/fr\/wp-json\/wp\/v2\/product\/43237\/revisions"}],"predecessor-version":[{"id":43989,"href":"https:\/\/gangnambeaute.com\/fr\/wp-json\/wp\/v2\/product\/43237\/revisions\/43989"}],"wp:featuredmedia":[{"embeddable":true,"href":"https:\/\/gangnambeaute.com\/fr\/wp-json\/wp\/v2\/media\/43238"}],"wp:attachment":[{"href":"https:\/\/gangnambeaute.com\/fr\/wp-json\/wp\/v2\/media?parent=43237"}],"wp:term":[{"taxonomy":"product_brand","embeddable":true,"href":"https:\/\/gangnambeaute.com\/fr\/wp-json\/wp\/v2\/product_brand?post=43237"},{"taxonomy":"product_cat","embeddable":true,"href":"https:\/\/gangnambeaute.com\/fr\/wp-json\/wp\/v2\/product_cat?post=43237"},{"taxonomy":"product_tag","embeddable":true,"href":"https:\/\/gangnambeaute.com\/fr\/wp-json\/wp\/v2\/product_tag?post=43237"}],"curies":[{"name":"wp","href":"https:\/\/api.w.org\/{rel}","templated":true}]}}