{"id":43231,"date":"2026-03-12T12:11:12","date_gmt":"2026-03-12T12:11:12","guid":{"rendered":"https:\/\/gangnambeaute.com\/?post_type=product&#038;p=43231"},"modified":"2026-04-13T12:15:40","modified_gmt":"2026-04-13T12:15:40","slug":"manyo-pure-deep-cleansing-foam-mousse-nettoyante-100ml","status":"publish","type":"product","link":"https:\/\/gangnambeaute.com\/fr\/product\/manyo-pure-deep-cleansing-foam-mousse-nettoyante-100ml\/","title":{"rendered":"Ma:nyo &#8211; Pure &#038; Deep Cleansing Foam &#8211; Mousse nettoyante &#8211; 100ml"},"content":{"rendered":"<p><strong>cette mousse nettoyante aux\u00a0dix extraits de fleurs\u00a0et c\u00e9ramides purifie vos pores en profondeur tout en renfor\u00e7ant votre barri\u00e8re cutan\u00e9e.<\/strong><\/p>\n","protected":false},"excerpt":{"rendered":"<p><strong>Faites mousser une noisette entre vos mains, massez sur\u00a0visage humide, puis rincez abondamment \u00e0 l&rsquo;eau ti\u00e8de.<\/strong><\/p>\n","protected":false},"featured_media":43232,"comment_status":"open","ping_status":"closed","template":"","meta":[],"product_brand":[1026,1015],"product_cat":[344,346,348,360,434],"product_tag":[],"class_list":{"0":"post-43231","1":"product","2":"type-product","3":"status-publish","4":"has-post-thumbnail","6":"product_brand-manyo","7":"product_brand-populare","8":"product_cat-skincare","9":"product_cat-nettoyants","10":"product_cat-soin-concentre","11":"product_cat-gels-nettoyants","12":"product_cat-nouveautes","14":"first","15":"outofstock","16":"sale","17":"shipping-taxable","18":"purchasable","19":"product-type-simple"},"_links":{"self":[{"href":"https:\/\/gangnambeaute.com\/fr\/wp-json\/wp\/v2\/product\/43231","targetHints":{"allow":["GET"]}}],"collection":[{"href":"https:\/\/gangnambeaute.com\/fr\/wp-json\/wp\/v2\/product"}],"about":[{"href":"https:\/\/gangnambeaute.com\/fr\/wp-json\/wp\/v2\/types\/product"}],"replies":[{"embeddable":true,"href":"https:\/\/gangnambeaute.com\/fr\/wp-json\/wp\/v2\/comments?post=43231"}],"version-history":[{"count":2,"href":"https:\/\/gangnambeaute.com\/fr\/wp-json\/wp\/v2\/product\/43231\/revisions"}],"predecessor-version":[{"id":43994,"href":"https:\/\/gangnambeaute.com\/fr\/wp-json\/wp\/v2\/product\/43231\/revisions\/43994"}],"wp:featuredmedia":[{"embeddable":true,"href":"https:\/\/gangnambeaute.com\/fr\/wp-json\/wp\/v2\/media\/43232"}],"wp:attachment":[{"href":"https:\/\/gangnambeaute.com\/fr\/wp-json\/wp\/v2\/media?parent=43231"}],"wp:term":[{"taxonomy":"product_brand","embeddable":true,"href":"https:\/\/gangnambeaute.com\/fr\/wp-json\/wp\/v2\/product_brand?post=43231"},{"taxonomy":"product_cat","embeddable":true,"href":"https:\/\/gangnambeaute.com\/fr\/wp-json\/wp\/v2\/product_cat?post=43231"},{"taxonomy":"product_tag","embeddable":true,"href":"https:\/\/gangnambeaute.com\/fr\/wp-json\/wp\/v2\/product_tag?post=43231"}],"curies":[{"name":"wp","href":"https:\/\/api.w.org\/{rel}","templated":true}]}}