{"id":43216,"date":"2026-03-12T11:17:38","date_gmt":"2026-03-12T11:17:38","guid":{"rendered":"https:\/\/gangnambeaute.com\/?post_type=product&#038;p=43216"},"modified":"2026-04-11T02:55:34","modified_gmt":"2026-04-11T02:55:34","slug":"manyo-pure-cleansing-oil-deep-clean-huile-demaquillante-200ml","status":"publish","type":"product","link":"https:\/\/gangnambeaute.com\/fr\/product\/manyo-pure-cleansing-oil-deep-clean-huile-demaquillante-200ml\/","title":{"rendered":"Ma:nyo &#8211; Pure Cleansing Oil Deep Clean &#8211; Huile d\u00e9maquillante &#8211; 200ml"},"content":{"rendered":"<p><strong>Cette huile d\u00e9maquillante haute performance dissout instantan\u00e9ment le maquillage tenace et les impuret\u00e9s tout en purifiant les pores en profondeur.<\/strong><\/p>\n","protected":false},"excerpt":{"rendered":"<p><strong>Massez sur\u00a0visage sec, ajoutez un peu d&rsquo;eau pour \u00e9mulsionner, puis\u00a0rincez abondamment.<\/strong><\/p>\n","protected":false},"featured_media":43217,"comment_status":"open","ping_status":"closed","template":"","meta":[],"product_brand":[1026,1015],"product_cat":[344,345,346,348,357,434],"product_tag":[],"class_list":{"0":"post-43216","1":"product","2":"type-product","3":"status-publish","4":"has-post-thumbnail","6":"product_brand-manyo","7":"product_brand-populare","8":"product_cat-skincare","9":"product_cat-demaquillants","10":"product_cat-nettoyants","11":"product_cat-soin-concentre","12":"product_cat-huiles-nettoyantes","13":"product_cat-nouveautes","15":"first","16":"instock","17":"sale","18":"shipping-taxable","19":"purchasable","20":"product-type-simple"},"_links":{"self":[{"href":"https:\/\/gangnambeaute.com\/fr\/wp-json\/wp\/v2\/product\/43216","targetHints":{"allow":["GET"]}}],"collection":[{"href":"https:\/\/gangnambeaute.com\/fr\/wp-json\/wp\/v2\/product"}],"about":[{"href":"https:\/\/gangnambeaute.com\/fr\/wp-json\/wp\/v2\/types\/product"}],"replies":[{"embeddable":true,"href":"https:\/\/gangnambeaute.com\/fr\/wp-json\/wp\/v2\/comments?post=43216"}],"version-history":[{"count":2,"href":"https:\/\/gangnambeaute.com\/fr\/wp-json\/wp\/v2\/product\/43216\/revisions"}],"predecessor-version":[{"id":43996,"href":"https:\/\/gangnambeaute.com\/fr\/wp-json\/wp\/v2\/product\/43216\/revisions\/43996"}],"wp:featuredmedia":[{"embeddable":true,"href":"https:\/\/gangnambeaute.com\/fr\/wp-json\/wp\/v2\/media\/43217"}],"wp:attachment":[{"href":"https:\/\/gangnambeaute.com\/fr\/wp-json\/wp\/v2\/media?parent=43216"}],"wp:term":[{"taxonomy":"product_brand","embeddable":true,"href":"https:\/\/gangnambeaute.com\/fr\/wp-json\/wp\/v2\/product_brand?post=43216"},{"taxonomy":"product_cat","embeddable":true,"href":"https:\/\/gangnambeaute.com\/fr\/wp-json\/wp\/v2\/product_cat?post=43216"},{"taxonomy":"product_tag","embeddable":true,"href":"https:\/\/gangnambeaute.com\/fr\/wp-json\/wp\/v2\/product_tag?post=43216"}],"curies":[{"name":"wp","href":"https:\/\/api.w.org\/{rel}","templated":true}]}}