{"id":43099,"date":"2026-03-06T16:08:09","date_gmt":"2026-03-06T16:08:09","guid":{"rendered":"https:\/\/gangnambeaute.com\/?post_type=product&#038;p=43099"},"modified":"2026-04-11T14:26:45","modified_gmt":"2026-04-11T14:26:45","slug":"skin1004-madagascar-centella-poremizing-deep-cleansing-foam-125-ml","status":"publish","type":"product","link":"https:\/\/gangnambeaute.com\/fr\/product\/skin1004-madagascar-centella-poremizing-deep-cleansing-foam-125-ml\/","title":{"rendered":"SKIN1004 &#8211; Madagascar Centella Poremizing Deep Cleansing Foam &#8211;  Gel nettoyant -125 ml"},"content":{"rendered":"<p><strong>Cette mousse nettoyante enrichie au\u00a0sel rose de l&rsquo;Himalaya\u00a0et \u00e0 la\u00a0Centella Asiatica\u00a0purifie les pores en profondeur et \u00e9limine l&rsquo;exc\u00e8s de s\u00e9bum pour une peau lisse et fra\u00eeche.<span class=\"uJ19be notranslate\" data-wiz-uids=\"n724F_o,n724F_p\" data-sfc-cb=\"\" data-complete=\"true\" data-processed=\"true\"><span class=\"vKEkVd\" data-animation-atomic=\"\" data-wiz-attrbind=\"class=n724F_n\/TKHnVd\" data-sae=\"\"><span aria-hidden=\"true\">\u00a0<\/span><\/span><\/span><\/strong><\/p>\n","protected":false},"excerpt":{"rendered":"<p><strong>Appliquez une noisette sur votre\u00a0visage humide, massez d\u00e9licatement par mouvements circulaires, puis\u00a0rincez \u00e0 l&rsquo;eau ti\u00e8de.<\/strong><\/p>\n","protected":false},"featured_media":43100,"comment_status":"open","ping_status":"closed","template":"","meta":[],"product_brand":[1015,1046],"product_cat":[344,346,348,360,434],"product_tag":[],"class_list":{"0":"post-43099","1":"product","2":"type-product","3":"status-publish","4":"has-post-thumbnail","6":"product_brand-populare","7":"product_brand-skin-1004-populare","8":"product_cat-skincare","9":"product_cat-nettoyants","10":"product_cat-soin-concentre","11":"product_cat-gels-nettoyants","12":"product_cat-nouveautes","14":"first","15":"outofstock","16":"sale","17":"shipping-taxable","18":"purchasable","19":"product-type-simple"},"_links":{"self":[{"href":"https:\/\/gangnambeaute.com\/fr\/wp-json\/wp\/v2\/product\/43099","targetHints":{"allow":["GET"]}}],"collection":[{"href":"https:\/\/gangnambeaute.com\/fr\/wp-json\/wp\/v2\/product"}],"about":[{"href":"https:\/\/gangnambeaute.com\/fr\/wp-json\/wp\/v2\/types\/product"}],"replies":[{"embeddable":true,"href":"https:\/\/gangnambeaute.com\/fr\/wp-json\/wp\/v2\/comments?post=43099"}],"version-history":[{"count":2,"href":"https:\/\/gangnambeaute.com\/fr\/wp-json\/wp\/v2\/product\/43099\/revisions"}],"predecessor-version":[{"id":44003,"href":"https:\/\/gangnambeaute.com\/fr\/wp-json\/wp\/v2\/product\/43099\/revisions\/44003"}],"wp:featuredmedia":[{"embeddable":true,"href":"https:\/\/gangnambeaute.com\/fr\/wp-json\/wp\/v2\/media\/43100"}],"wp:attachment":[{"href":"https:\/\/gangnambeaute.com\/fr\/wp-json\/wp\/v2\/media?parent=43099"}],"wp:term":[{"taxonomy":"product_brand","embeddable":true,"href":"https:\/\/gangnambeaute.com\/fr\/wp-json\/wp\/v2\/product_brand?post=43099"},{"taxonomy":"product_cat","embeddable":true,"href":"https:\/\/gangnambeaute.com\/fr\/wp-json\/wp\/v2\/product_cat?post=43099"},{"taxonomy":"product_tag","embeddable":true,"href":"https:\/\/gangnambeaute.com\/fr\/wp-json\/wp\/v2\/product_tag?post=43099"}],"curies":[{"name":"wp","href":"https:\/\/api.w.org\/{rel}","templated":true}]}}