{"id":43093,"date":"2026-03-06T15:55:58","date_gmt":"2026-03-06T15:55:58","guid":{"rendered":"https:\/\/gangnambeaute.com\/?post_type=product&#038;p=43093"},"modified":"2026-04-11T02:55:32","modified_gmt":"2026-04-11T02:55:32","slug":"medicube-zero-pore-pad-mild-70-pads-155g","status":"publish","type":"product","link":"https:\/\/gangnambeaute.com\/fr\/product\/medicube-zero-pore-pad-mild-70-pads-155g\/","title":{"rendered":"Medicube\u00a0&#8211;\u00a0Zero Pore Pad Mild 70 Pads &#8211; Disques exfoliants &#8211; 155g"},"content":{"rendered":"<div class=\"Y3BBE\" data-sfc-cp=\"\" data-sfc-cb=\"\" data-hveid=\"CAEIAhAA\" data-complete=\"true\" data-processed=\"true\"><strong>Ces disques\u00a0exfoliants doux \u00e0 base d&rsquo;AHA et BHA resserrent les pores et lissent le grain de peau sans irriter les peaux sensibles.<\/strong><\/div>\n","protected":false},"excerpt":{"rendered":"<p><strong>Passez le\u00a0c\u00f4t\u00e9 textur\u00e9\u00a0sur votre visage propre pour exfolier, puis le\u00a0c\u00f4t\u00e9 doux\u00a0pour hydrater et apaiser.<\/strong><\/p>\n","protected":false},"featured_media":43094,"comment_status":"open","ping_status":"closed","template":"","meta":[],"product_brand":[1015,1058,1051],"product_cat":[344,347,348,350,363,434],"product_tag":[],"class_list":{"0":"post-43093","1":"product","2":"type-product","3":"status-publish","4":"has-post-thumbnail","6":"product_brand-populare","7":"product_brand-medicube-populare","8":"product_brand-kundal-populare","9":"product_cat-skincare","10":"product_cat-toniques","11":"product_cat-soin-concentre","12":"product_cat-exfoliants","13":"product_cat-toniques-exfoliants","14":"product_cat-nouveautes","16":"first","17":"outofstock","18":"sale","19":"shipping-taxable","20":"purchasable","21":"product-type-simple"},"_links":{"self":[{"href":"https:\/\/gangnambeaute.com\/fr\/wp-json\/wp\/v2\/product\/43093","targetHints":{"allow":["GET"]}}],"collection":[{"href":"https:\/\/gangnambeaute.com\/fr\/wp-json\/wp\/v2\/product"}],"about":[{"href":"https:\/\/gangnambeaute.com\/fr\/wp-json\/wp\/v2\/types\/product"}],"replies":[{"embeddable":true,"href":"https:\/\/gangnambeaute.com\/fr\/wp-json\/wp\/v2\/comments?post=43093"}],"version-history":[{"count":2,"href":"https:\/\/gangnambeaute.com\/fr\/wp-json\/wp\/v2\/product\/43093\/revisions"}],"predecessor-version":[{"id":44002,"href":"https:\/\/gangnambeaute.com\/fr\/wp-json\/wp\/v2\/product\/43093\/revisions\/44002"}],"wp:featuredmedia":[{"embeddable":true,"href":"https:\/\/gangnambeaute.com\/fr\/wp-json\/wp\/v2\/media\/43094"}],"wp:attachment":[{"href":"https:\/\/gangnambeaute.com\/fr\/wp-json\/wp\/v2\/media?parent=43093"}],"wp:term":[{"taxonomy":"product_brand","embeddable":true,"href":"https:\/\/gangnambeaute.com\/fr\/wp-json\/wp\/v2\/product_brand?post=43093"},{"taxonomy":"product_cat","embeddable":true,"href":"https:\/\/gangnambeaute.com\/fr\/wp-json\/wp\/v2\/product_cat?post=43093"},{"taxonomy":"product_tag","embeddable":true,"href":"https:\/\/gangnambeaute.com\/fr\/wp-json\/wp\/v2\/product_tag?post=43093"}],"curies":[{"name":"wp","href":"https:\/\/api.w.org\/{rel}","templated":true}]}}