{"id":43080,"date":"2026-03-06T15:34:27","date_gmt":"2026-03-06T15:34:27","guid":{"rendered":"https:\/\/gangnambeaute.com\/?post_type=product&#038;p=43080"},"modified":"2026-04-11T02:55:32","modified_gmt":"2026-04-11T02:55:32","slug":"medicube-pdrn-pink-hyaluronic-moisturizing-cream-50-ml","status":"publish","type":"product","link":"https:\/\/gangnambeaute.com\/fr\/product\/medicube-pdrn-pink-hyaluronic-moisturizing-cream-50-ml\/","title":{"rendered":"Medicube &#8211; PDRN Pink Hyaluronic Moisturizing Cream &#8211; Cr\u00e8me visage &#8211; 50 ml"},"content":{"rendered":"<div class=\"Y3BBE\" data-sfc-cp=\"\" data-sfc-cb=\"\" data-hveid=\"CAEIARAA\" data-complete=\"true\" data-processed=\"true\"><strong>Cette cr\u00e8me au\u00a0PDRN de saumon\u00a0et acide hyaluronique hydrate intens\u00e9ment et redonne un \u00e9clat ros\u00e9 aux peaux ternes et d\u00e9shydrat\u00e9es.<span class=\"uJ19be notranslate\" data-wiz-uids=\"Z1FdHd_d,Z1FdHd_e\" data-sfc-cb=\"\" data-complete=\"true\" data-processed=\"true\"><span class=\"vKEkVd\" data-animation-atomic=\"\" data-wiz-attrbind=\"class=Z1FdHd_c\/TKHnVd\" data-sae=\"\"><span aria-hidden=\"true\">\u00a0<\/span><\/span><\/span><\/strong><\/div>\n","protected":false},"excerpt":{"rendered":"<div class=\"Y3BBE\" data-sfc-cp=\"\" data-sfc-cb=\"\" data-hveid=\"CAEIAhAA\" data-complete=\"true\" data-processed=\"true\"><strong>Appliquez une noisette sur votre\u00a0visage propre matin et soir comme derni\u00e8re \u00e9tape de votre routine d&rsquo;hydratation.<\/strong><\/div>\n","protected":false},"featured_media":43114,"comment_status":"open","ping_status":"closed","template":"","meta":[],"product_brand":[1015,1058],"product_cat":[344,348,370,434],"product_tag":[],"class_list":{"0":"post-43080","1":"product","2":"type-product","3":"status-publish","4":"has-post-thumbnail","6":"product_brand-populare","7":"product_brand-medicube-populare","8":"product_cat-skincare","9":"product_cat-soin-concentre","10":"product_cat-cremes","11":"product_cat-nouveautes","13":"first","14":"outofstock","15":"sale","16":"shipping-taxable","17":"purchasable","18":"product-type-simple"},"_links":{"self":[{"href":"https:\/\/gangnambeaute.com\/fr\/wp-json\/wp\/v2\/product\/43080","targetHints":{"allow":["GET"]}}],"collection":[{"href":"https:\/\/gangnambeaute.com\/fr\/wp-json\/wp\/v2\/product"}],"about":[{"href":"https:\/\/gangnambeaute.com\/fr\/wp-json\/wp\/v2\/types\/product"}],"replies":[{"embeddable":true,"href":"https:\/\/gangnambeaute.com\/fr\/wp-json\/wp\/v2\/comments?post=43080"}],"version-history":[{"count":2,"href":"https:\/\/gangnambeaute.com\/fr\/wp-json\/wp\/v2\/product\/43080\/revisions"}],"predecessor-version":[{"id":44000,"href":"https:\/\/gangnambeaute.com\/fr\/wp-json\/wp\/v2\/product\/43080\/revisions\/44000"}],"wp:featuredmedia":[{"embeddable":true,"href":"https:\/\/gangnambeaute.com\/fr\/wp-json\/wp\/v2\/media\/43114"}],"wp:attachment":[{"href":"https:\/\/gangnambeaute.com\/fr\/wp-json\/wp\/v2\/media?parent=43080"}],"wp:term":[{"taxonomy":"product_brand","embeddable":true,"href":"https:\/\/gangnambeaute.com\/fr\/wp-json\/wp\/v2\/product_brand?post=43080"},{"taxonomy":"product_cat","embeddable":true,"href":"https:\/\/gangnambeaute.com\/fr\/wp-json\/wp\/v2\/product_cat?post=43080"},{"taxonomy":"product_tag","embeddable":true,"href":"https:\/\/gangnambeaute.com\/fr\/wp-json\/wp\/v2\/product_tag?post=43080"}],"curies":[{"name":"wp","href":"https:\/\/api.w.org\/{rel}","templated":true}]}}