{"id":38468,"date":"2026-01-30T21:31:27","date_gmt":"2026-01-30T21:31:27","guid":{"rendered":"https:\/\/gangnambeaute.com\/?post_type=product&#038;p=38468"},"modified":"2026-04-11T02:55:28","modified_gmt":"2026-04-11T02:55:28","slug":"dr-althea-147-barrier-cream-duo-pack-creme-visage-exclusive-kit","status":"publish","type":"product","link":"https:\/\/gangnambeaute.com\/fr\/product\/dr-althea-147-barrier-cream-duo-pack-creme-visage-exclusive-kit\/","title":{"rendered":"Dr. Althea \u2013 147 Barrier Cream duo pack \u2013 Cr\u00e8me visage \u2013 Exclusive kit"},"content":{"rendered":"<p>&nbsp;<\/p>\n<div class=\"Y3BBE\" data-sfc-cp=\"\" data-hveid=\"CAEIAxAA\" data-complete=\"true\" data-processed=\"true\"><strong>Cette\u00a0cr\u00e8me apaisante \u00e0 l&rsquo;azul\u00e8ne et aux c\u00e9ramides\u00a0calme instantan\u00e9ment les irritations et restaure durablement la barri\u00e8re cutan\u00e9e des peaux s\u00e8ches, sensibles ou matures.<span class=\"uJ19be notranslate\" data-wiz-uids=\"BTRNnb_i,BTRNnb_j\" data-complete=\"true\" data-processed=\"true\"><span class=\"vKEkVd\" data-animation-atomic=\"\" data-wiz-attrbind=\"class=BTRNnb_h\/TKHnVd\" data-sae=\"\"><span aria-hidden=\"true\">\u00a0<\/span><\/span><\/span><\/strong><\/div>\n<p>&nbsp;<\/p>\n","protected":false},"excerpt":{"rendered":"<p><strong>Appliquez une quantit\u00e9 mod\u00e9r\u00e9e de produit sur le visage, puis massez jusqu\u2019\u00e0 absorption compl\u00e8te.<\/strong><\/p>\n","protected":false},"featured_media":43863,"comment_status":"open","ping_status":"closed","template":"","meta":[],"product_brand":[1015,1047],"product_cat":[344,348,370,429],"product_tag":[],"class_list":{"0":"post-38468","1":"product","2":"type-product","3":"status-publish","4":"has-post-thumbnail","6":"product_brand-populare","7":"product_brand-dr-althea-populare","8":"product_cat-skincare","9":"product_cat-soin-concentre","10":"product_cat-cremes","11":"product_cat-soldes","13":"first","14":"instock","15":"sale","16":"shipping-taxable","17":"purchasable","18":"product-type-simple"},"_links":{"self":[{"href":"https:\/\/gangnambeaute.com\/fr\/wp-json\/wp\/v2\/product\/38468","targetHints":{"allow":["GET"]}}],"collection":[{"href":"https:\/\/gangnambeaute.com\/fr\/wp-json\/wp\/v2\/product"}],"about":[{"href":"https:\/\/gangnambeaute.com\/fr\/wp-json\/wp\/v2\/types\/product"}],"replies":[{"embeddable":true,"href":"https:\/\/gangnambeaute.com\/fr\/wp-json\/wp\/v2\/comments?post=38468"}],"version-history":[{"count":6,"href":"https:\/\/gangnambeaute.com\/fr\/wp-json\/wp\/v2\/product\/38468\/revisions"}],"predecessor-version":[{"id":42592,"href":"https:\/\/gangnambeaute.com\/fr\/wp-json\/wp\/v2\/product\/38468\/revisions\/42592"}],"wp:featuredmedia":[{"embeddable":true,"href":"https:\/\/gangnambeaute.com\/fr\/wp-json\/wp\/v2\/media\/43863"}],"wp:attachment":[{"href":"https:\/\/gangnambeaute.com\/fr\/wp-json\/wp\/v2\/media?parent=38468"}],"wp:term":[{"taxonomy":"product_brand","embeddable":true,"href":"https:\/\/gangnambeaute.com\/fr\/wp-json\/wp\/v2\/product_brand?post=38468"},{"taxonomy":"product_cat","embeddable":true,"href":"https:\/\/gangnambeaute.com\/fr\/wp-json\/wp\/v2\/product_cat?post=38468"},{"taxonomy":"product_tag","embeddable":true,"href":"https:\/\/gangnambeaute.com\/fr\/wp-json\/wp\/v2\/product_tag?post=38468"}],"curies":[{"name":"wp","href":"https:\/\/api.w.org\/{rel}","templated":true}]}}