{"id":38465,"date":"2026-01-30T18:12:57","date_gmt":"2026-01-30T18:12:57","guid":{"rendered":"https:\/\/gangnambeaute.com\/?post_type=product&#038;p=38465"},"modified":"2026-04-11T02:55:28","modified_gmt":"2026-04-11T02:55:28","slug":"dr-althea-dual-cream-set-creme-visage-exclusive-kit","status":"publish","type":"product","link":"https:\/\/gangnambeaute.com\/fr\/product\/dr-althea-dual-cream-set-creme-visage-exclusive-kit\/","title":{"rendered":"Dr.Althea &#8211; Dual Cream Set &#8211; Cr\u00e8me visage &#8211; Exclusive kit"},"content":{"rendered":"<div class=\"Y3BBE\" data-sfc-cp=\"\" data-hveid=\"CAEIAxAA\" data-complete=\"true\" data-processed=\"true\"><strong>Ce\u00a0duo r\u00e9g\u00e9n\u00e9rant Dr. Althea\u00a0associe une cr\u00e8me l\u00e9g\u00e8re apaisante (345) pour corriger les imperfections et une cr\u00e8me riche protectrice (147) pour restaurer intens\u00e9ment la barri\u00e8re cutan\u00e9e des peaux sensibles.<span class=\"uJ19be notranslate\" data-wiz-uids=\"DhS22b_i,DhS22b_j\" data-complete=\"true\" data-processed=\"true\"><span class=\"vKEkVd\" data-animation-atomic=\"\" data-wiz-attrbind=\"class=DhS22b_h\/TKHnVd\" data-sae=\"\"><span aria-hidden=\"true\">\u00a0<\/span><\/span><\/span><\/strong><\/div>\n<div class=\"Fsg96\" data-sfc-cp=\"\" data-complete=\"true\" data-processed=\"true\"><\/div>\n","protected":false},"excerpt":{"rendered":"<div class=\"Y3BBE\" data-sfc-cp=\"\" data-hveid=\"CAEIARAA\" data-complete=\"true\" data-processed=\"true\"><strong>Appliquez le\u00a0peeling corporel\u00a0sur peau s\u00e8che, laissez agir 1 minute puis rincez, et utilisez la\u00a0cr\u00e8me 345\u00a0le matin pour apaiser et la\u00a0cr\u00e8me 147 le soir pour r\u00e9parer.<\/strong><\/div>\n<div class=\"Fsg96\" data-sfc-cp=\"\" data-complete=\"true\" data-processed=\"true\"><\/div>\n","protected":false},"featured_media":43868,"comment_status":"open","ping_status":"closed","template":"","meta":[],"product_brand":[1015,1047],"product_cat":[344,348,370],"product_tag":[666],"class_list":{"0":"post-38465","1":"product","2":"type-product","3":"status-publish","4":"has-post-thumbnail","6":"product_brand-populare","7":"product_brand-dr-althea-populare","8":"product_cat-skincare","9":"product_cat-soin-concentre","10":"product_cat-cremes","11":"product_tag-coupcoeur","13":"first","14":"outofstock","15":"sale","16":"shipping-taxable","17":"purchasable","18":"product-type-simple"},"_links":{"self":[{"href":"https:\/\/gangnambeaute.com\/fr\/wp-json\/wp\/v2\/product\/38465","targetHints":{"allow":["GET"]}}],"collection":[{"href":"https:\/\/gangnambeaute.com\/fr\/wp-json\/wp\/v2\/product"}],"about":[{"href":"https:\/\/gangnambeaute.com\/fr\/wp-json\/wp\/v2\/types\/product"}],"replies":[{"embeddable":true,"href":"https:\/\/gangnambeaute.com\/fr\/wp-json\/wp\/v2\/comments?post=38465"}],"version-history":[{"count":5,"href":"https:\/\/gangnambeaute.com\/fr\/wp-json\/wp\/v2\/product\/38465\/revisions"}],"predecessor-version":[{"id":38476,"href":"https:\/\/gangnambeaute.com\/fr\/wp-json\/wp\/v2\/product\/38465\/revisions\/38476"}],"wp:featuredmedia":[{"embeddable":true,"href":"https:\/\/gangnambeaute.com\/fr\/wp-json\/wp\/v2\/media\/43868"}],"wp:attachment":[{"href":"https:\/\/gangnambeaute.com\/fr\/wp-json\/wp\/v2\/media?parent=38465"}],"wp:term":[{"taxonomy":"product_brand","embeddable":true,"href":"https:\/\/gangnambeaute.com\/fr\/wp-json\/wp\/v2\/product_brand?post=38465"},{"taxonomy":"product_cat","embeddable":true,"href":"https:\/\/gangnambeaute.com\/fr\/wp-json\/wp\/v2\/product_cat?post=38465"},{"taxonomy":"product_tag","embeddable":true,"href":"https:\/\/gangnambeaute.com\/fr\/wp-json\/wp\/v2\/product_tag?post=38465"}],"curies":[{"name":"wp","href":"https:\/\/api.w.org\/{rel}","templated":true}]}}