{"id":38337,"date":"2026-01-28T14:40:50","date_gmt":"2026-01-28T14:40:50","guid":{"rendered":"https:\/\/gangnambeaute.com\/?post_type=product&#038;p=38337"},"modified":"2026-04-15T15:14:21","modified_gmt":"2026-04-15T15:14:21","slug":"house-of-hur-moist-ampoule-blusher-05-peach-coral-20ml","status":"publish","type":"product","link":"https:\/\/gangnambeaute.com\/fr\/product\/house-of-hur-moist-ampoule-blusher-05-peach-coral-20ml\/","title":{"rendered":"House of Hur &#8211; Moist Ampoule Blusher -Blush liquide &#8211; 05 peach Coral &#8211; 20ml"},"content":{"rendered":"<p><strong>e blush liquide sert \u00e0\u00a0rehausser le teint avec un fini frais et naturel gr\u00e2ce \u00e0 sa texture s\u00e9rum hautement hydratante.<\/strong><\/p>\n","protected":false},"excerpt":{"rendered":"<p><strong>Appliquez deux ou trois points sur vos\u00a0pommettes \u00e0 l&rsquo;aide de l&rsquo;applicateur, puis estompez d\u00e9licatement au doigt ou \u00e0 l&rsquo;\u00e9ponge.<\/strong><\/p>\n","protected":false},"featured_media":43858,"comment_status":"open","ping_status":"closed","template":"","meta":[],"product_brand":[1008,1015],"product_cat":[388,389,395,434],"product_tag":[],"class_list":{"0":"post-38337","1":"product","2":"type-product","3":"status-publish","4":"has-post-thumbnail","6":"product_brand-house-of-hur","7":"product_brand-populare","8":"product_cat-maquillage","9":"product_cat-visage","10":"product_cat-blush","11":"product_cat-nouveautes","13":"first","14":"instock","15":"sale","16":"shipping-taxable","17":"purchasable","18":"product-type-simple"},"_links":{"self":[{"href":"https:\/\/gangnambeaute.com\/fr\/wp-json\/wp\/v2\/product\/38337","targetHints":{"allow":["GET"]}}],"collection":[{"href":"https:\/\/gangnambeaute.com\/fr\/wp-json\/wp\/v2\/product"}],"about":[{"href":"https:\/\/gangnambeaute.com\/fr\/wp-json\/wp\/v2\/types\/product"}],"replies":[{"embeddable":true,"href":"https:\/\/gangnambeaute.com\/fr\/wp-json\/wp\/v2\/comments?post=38337"}],"version-history":[{"count":4,"href":"https:\/\/gangnambeaute.com\/fr\/wp-json\/wp\/v2\/product\/38337\/revisions"}],"predecessor-version":[{"id":43860,"href":"https:\/\/gangnambeaute.com\/fr\/wp-json\/wp\/v2\/product\/38337\/revisions\/43860"}],"wp:featuredmedia":[{"embeddable":true,"href":"https:\/\/gangnambeaute.com\/fr\/wp-json\/wp\/v2\/media\/43858"}],"wp:attachment":[{"href":"https:\/\/gangnambeaute.com\/fr\/wp-json\/wp\/v2\/media?parent=38337"}],"wp:term":[{"taxonomy":"product_brand","embeddable":true,"href":"https:\/\/gangnambeaute.com\/fr\/wp-json\/wp\/v2\/product_brand?post=38337"},{"taxonomy":"product_cat","embeddable":true,"href":"https:\/\/gangnambeaute.com\/fr\/wp-json\/wp\/v2\/product_cat?post=38337"},{"taxonomy":"product_tag","embeddable":true,"href":"https:\/\/gangnambeaute.com\/fr\/wp-json\/wp\/v2\/product_tag?post=38337"}],"curies":[{"name":"wp","href":"https:\/\/api.w.org\/{rel}","templated":true}]}}