{"id":38314,"date":"2026-01-27T16:18:50","date_gmt":"2026-01-27T16:18:50","guid":{"rendered":"https:\/\/gangnambeaute.com\/?post_type=product&#038;p=38314"},"modified":"2026-04-27T15:51:16","modified_gmt":"2026-04-27T15:51:16","slug":"seoul-1988-cream-retinal-liposome-1-fermented-rice-50ml","status":"publish","type":"product","link":"https:\/\/gangnambeaute.com\/fr\/product\/seoul-1988-cream-retinal-liposome-1-fermented-rice-50ml\/","title":{"rendered":"K-SECRET- SEOUL 1988 &#8211; Cream : Retinal Liposome 1% + Fermented Rice &#8211; 50ml"},"content":{"rendered":"<p>Ingr\u00e9dients :<\/p>\n<p>Eau, \u00e9thylhexanoate de c\u00e9tyle, glyc\u00e9rine, butyl\u00e8ne glycol, 1,2-hexanediol, niacinamide, propanediol, copolym\u00e8re d&rsquo;acryloyldim\u00e9thyltaurate d&rsquo;ammonium\/VP, carbom\u00e8re, trom\u00e9thamine, copolym\u00e8re d&rsquo;acrylate de sodium\/acryloyldim\u00e9thyltaurate de sodium, polyisobut\u00e8ne, triglyc\u00e9ride caprylique\/caprique, filtrat de ferment de racine de Lactobacillus\/Panax ginseng, ferment de Lactobacillus\/riz (1\u00a0000 ppm), extrait de ferment de Lactobacillus\/soja, huile de graines de Macadamia ternifolia, filtrat de ferment de graines de Saccharomyces\/Coix lacryma-jobi ma-yuen, filtrat de ferment d&rsquo;extrait de pomme de terre de Saccharomyces, gomme xanthane, l\u00e9cithine hydrog\u00e9n\u00e9e, EDTA disodique, \u00e9thylhexylglyc\u00e9rine, allanto\u00efne. Caprylyl glycol, ad\u00e9nosine, copolym\u00e8re d&rsquo;acrylate de glyc\u00e9ryle\/acide acrylique, glucoside de caprylyle\/capryle, cholest\u00e9rol, ol\u00e9ate de polyglyc\u00e9ryl-10, ol\u00e9ate de sorbitan, st\u00e9rols de Brassica campestris (colza), lauroyl glutamate de phytost\u00e9ryl\/b\u00e9h\u00e9nyle\/octyldod\u00e9cyle, r\u00e9tinal (100 ppm), silice, st\u00e9arate d&rsquo;hydroxyde d&rsquo;aluminium\/magn\u00e9sium, tocoph\u00e9rol, phosphate de c\u00e9tyle de potassium, t\u00e9tra-di-t-butyl hydroxyhydrocinnamate de penta\u00e9rythrityle, extrait de racine d&rsquo;Arctium lappa, extrait de racine de Cnidium officinale, extrait de racine de Dioscorea japonica, extrait de racine de Paeonia suffruticosa, extrait de racine de Rehmannia chinensis, acide 3-O-\u00e9thyl ascorbique, bakuchiol, sh-oligopeptide-1, sh-oligopeptide-2 sh-Polypeptide-1<\/p>\n<p>Bienfaits et avantages :<\/p>\n<p>&#8211; Cette cr\u00e8me enrichie en r\u00e9tinal liposom\u00e9 \u00e0 1% et en ferment de lactobacillus\/riz offre des effets anti-\u00e2ge et \u00e9clat tout en am\u00e9liorant l&rsquo;\u00e9lasticit\u00e9 de la peau, avec une formule minimisant les irritations.<\/p>\n<p>&#8211; Sa formule int\u00e8gre du bakuchiol, des vitamines C et E, ainsi que trois peptides qui stimulent la production de collag\u00e8ne pour un effet anti-rides renforc\u00e9.<\/p>\n<p>&#8211; Sa formule est enrichie de cinq extraits de racines de plantes aux propri\u00e9t\u00e9s antioxydantes et d&rsquo;un extrait apaisant de ferment de racine de ginseng Panax (Lactobacillus\/Panax Ginseng Root<\/p>\n<p>Ferment Filtrate).<\/p>\n<p>&#8211; Sa texture lisse et cr\u00e9meuse permet une absorption instantan\u00e9e, hydrate sans effet collant et laisse un fini lisse.<\/p>\n<p>Utilisation :<\/p>\n<p>&#8211; Apr\u00e8s avoir nettoy\u00e9 et tonifi\u00e9 votre peau, appliquez une quantit\u00e9 mod\u00e9r\u00e9e de cr\u00e8me uniform\u00e9ment sur le contour des yeux et tapotez d\u00e9licatement pour favoriser l&rsquo;absorption.<\/p>\n","protected":false},"excerpt":{"rendered":"<p>Ingr\u00e9dients : Eau, \u00e9thylhexanoate de c\u00e9tyle, glyc\u00e9rine, butyl\u00e8ne glycol, 1,2-hexanediol, niacinamide, propanediol, copolym\u00e8re d&rsquo;acryloyldim\u00e9thyltaurate d&rsquo;ammonium\/VP, carbom\u00e8re, trom\u00e9thamine, copolym\u00e8re d&rsquo;acrylate de<\/p>\n","protected":false},"featured_media":42103,"comment_status":"open","ping_status":"closed","template":"","meta":[],"product_brand":[1015,1027],"product_cat":[344,348,370,434],"product_tag":[],"class_list":{"0":"post-38314","1":"product","2":"type-product","3":"status-publish","4":"has-post-thumbnail","6":"product_brand-populare","7":"product_brand-k-secret","8":"product_cat-skincare","9":"product_cat-soin-concentre","10":"product_cat-cremes","11":"product_cat-nouveautes","13":"first","14":"outofstock","15":"sale","16":"shipping-taxable","17":"purchasable","18":"product-type-simple"},"_links":{"self":[{"href":"https:\/\/gangnambeaute.com\/fr\/wp-json\/wp\/v2\/product\/38314","targetHints":{"allow":["GET"]}}],"collection":[{"href":"https:\/\/gangnambeaute.com\/fr\/wp-json\/wp\/v2\/product"}],"about":[{"href":"https:\/\/gangnambeaute.com\/fr\/wp-json\/wp\/v2\/types\/product"}],"replies":[{"embeddable":true,"href":"https:\/\/gangnambeaute.com\/fr\/wp-json\/wp\/v2\/comments?post=38314"}],"version-history":[{"count":5,"href":"https:\/\/gangnambeaute.com\/fr\/wp-json\/wp\/v2\/product\/38314\/revisions"}],"predecessor-version":[{"id":44479,"href":"https:\/\/gangnambeaute.com\/fr\/wp-json\/wp\/v2\/product\/38314\/revisions\/44479"}],"wp:featuredmedia":[{"embeddable":true,"href":"https:\/\/gangnambeaute.com\/fr\/wp-json\/wp\/v2\/media\/42103"}],"wp:attachment":[{"href":"https:\/\/gangnambeaute.com\/fr\/wp-json\/wp\/v2\/media?parent=38314"}],"wp:term":[{"taxonomy":"product_brand","embeddable":true,"href":"https:\/\/gangnambeaute.com\/fr\/wp-json\/wp\/v2\/product_brand?post=38314"},{"taxonomy":"product_cat","embeddable":true,"href":"https:\/\/gangnambeaute.com\/fr\/wp-json\/wp\/v2\/product_cat?post=38314"},{"taxonomy":"product_tag","embeddable":true,"href":"https:\/\/gangnambeaute.com\/fr\/wp-json\/wp\/v2\/product_tag?post=38314"}],"curies":[{"name":"wp","href":"https:\/\/api.w.org\/{rel}","templated":true}]}}