{"id":38237,"date":"2026-01-27T14:34:40","date_gmt":"2026-01-27T14:34:40","guid":{"rendered":"https:\/\/gangnambeaute.com\/?post_type=product&#038;p=38237"},"modified":"2026-04-11T02:55:18","modified_gmt":"2026-04-11T02:55:18","slug":"celimax-dual-barrier-skin-wearable-cream-creme-hydratante-50ml","status":"publish","type":"product","link":"https:\/\/gangnambeaute.com\/fr\/product\/celimax-dual-barrier-skin-wearable-cream-creme-hydratante-50ml\/","title":{"rendered":"Celimax\u00a0&#8211;\u00a0Dual Barrier Skin Wearable Cream\u00a0&#8211; Cr\u00e8me Hydratante &#8211; 50ml"},"content":{"rendered":"<p>&nbsp;<\/p>\n<div class=\"Y3BBE\" data-sfc-cp=\"\" data-hveid=\"CAEIARAA\" data-complete=\"true\" data-processed=\"true\">\n<div data-subtree=\"aimfl\" data-complete=\"true\" data-processed=\"true\" aria-owns=\"action-menu-parent-container\"><strong>Cette cr\u00e8me v\u00e9gane aux cinq c\u00e9ramides renforce et hydrate intens\u00e9ment les peaux s\u00e8ches et sensibles pour un teint rebondi, sain et prot\u00e9g\u00e9.<\/strong><\/div>\n<\/div>\n<p>&nbsp;<\/p>\n","protected":false},"excerpt":{"rendered":"<div class=\"Y3BBE\" data-sfc-cp=\"\" data-hveid=\"CAEIARAA\" data-complete=\"true\" data-processed=\"true\"><strong class=\"Yjhzub\" data-complete=\"true\" data-processed=\"true\">Appliquez une dose mod\u00e9r\u00e9e sur le visage et massez d\u00e9licatement pour faire p\u00e9n\u00e9trer.<\/strong><\/div>\n","protected":false},"featured_media":42067,"comment_status":"open","ping_status":"closed","template":"","meta":[],"product_brand":[1015,1059],"product_cat":[344,348,370,434],"product_tag":[],"class_list":{"0":"post-38237","1":"product","2":"type-product","3":"status-publish","4":"has-post-thumbnail","6":"product_brand-populare","7":"product_brand-celimax-populare","8":"product_cat-skincare","9":"product_cat-soin-concentre","10":"product_cat-cremes","11":"product_cat-nouveautes","13":"first","14":"outofstock","15":"sale","16":"shipping-taxable","17":"purchasable","18":"product-type-simple"},"_links":{"self":[{"href":"https:\/\/gangnambeaute.com\/fr\/wp-json\/wp\/v2\/product\/38237","targetHints":{"allow":["GET"]}}],"collection":[{"href":"https:\/\/gangnambeaute.com\/fr\/wp-json\/wp\/v2\/product"}],"about":[{"href":"https:\/\/gangnambeaute.com\/fr\/wp-json\/wp\/v2\/types\/product"}],"replies":[{"embeddable":true,"href":"https:\/\/gangnambeaute.com\/fr\/wp-json\/wp\/v2\/comments?post=38237"}],"version-history":[{"count":4,"href":"https:\/\/gangnambeaute.com\/fr\/wp-json\/wp\/v2\/product\/38237\/revisions"}],"predecessor-version":[{"id":42544,"href":"https:\/\/gangnambeaute.com\/fr\/wp-json\/wp\/v2\/product\/38237\/revisions\/42544"}],"wp:featuredmedia":[{"embeddable":true,"href":"https:\/\/gangnambeaute.com\/fr\/wp-json\/wp\/v2\/media\/42067"}],"wp:attachment":[{"href":"https:\/\/gangnambeaute.com\/fr\/wp-json\/wp\/v2\/media?parent=38237"}],"wp:term":[{"taxonomy":"product_brand","embeddable":true,"href":"https:\/\/gangnambeaute.com\/fr\/wp-json\/wp\/v2\/product_brand?post=38237"},{"taxonomy":"product_cat","embeddable":true,"href":"https:\/\/gangnambeaute.com\/fr\/wp-json\/wp\/v2\/product_cat?post=38237"},{"taxonomy":"product_tag","embeddable":true,"href":"https:\/\/gangnambeaute.com\/fr\/wp-json\/wp\/v2\/product_tag?post=38237"}],"curies":[{"name":"wp","href":"https:\/\/api.w.org\/{rel}","templated":true}]}}