{"id":38181,"date":"2026-01-27T12:46:13","date_gmt":"2026-01-27T12:46:13","guid":{"rendered":"https:\/\/gangnambeaute.com\/?post_type=product&#038;p=38181"},"modified":"2026-04-11T02:55:15","modified_gmt":"2026-04-11T02:55:15","slug":"purito-seoul-pure-vitamin-c-serum-serum-visage-60ml","status":"publish","type":"product","link":"https:\/\/gangnambeaute.com\/fr\/product\/purito-seoul-pure-vitamin-c-serum-serum-visage-60ml\/","title":{"rendered":"Purito SEOUL\u00a0&#8211;\u00a0Pure Vitamin C Serum &#8211; S\u00e9rum Visage &#8211; 60ml"},"content":{"rendered":"<p><strong>Ce s\u00e9rum sert \u00e0\u00a0illuminer le teint et \u00e0 stimuler la production de collag\u00e8ne gr\u00e2ce \u00e0 5 % de vitamine C pure et \u00e0 l&rsquo;acide hyaluronique.<\/strong><\/p>\n","protected":false},"excerpt":{"rendered":"<div class=\"Y3BBE\" data-sfc-cp=\"\" data-sfc-cb=\"\" data-hveid=\"CAEIAhAA\" data-complete=\"true\" data-processed=\"true\"><strong>Appliquez 2 \u00e0 3 gouttes sur votre\u00a0visage propre le matin, massez doucement et appliquez imp\u00e9rativement une cr\u00e8me solaire ensuite.<\/strong><\/div>\n","protected":false},"featured_media":44149,"comment_status":"open","ping_status":"closed","template":"","meta":[],"product_brand":[1015,1031],"product_cat":[344,348,368,434],"product_tag":[],"class_list":{"0":"post-38181","1":"product","2":"type-product","3":"status-publish","4":"has-post-thumbnail","6":"product_brand-populare","7":"product_brand-purito-seoul","8":"product_cat-skincare","9":"product_cat-soin-concentre","10":"product_cat-serums","11":"product_cat-nouveautes","13":"first","14":"outofstock","15":"sale","16":"shipping-taxable","17":"purchasable","18":"product-type-simple"},"_links":{"self":[{"href":"https:\/\/gangnambeaute.com\/fr\/wp-json\/wp\/v2\/product\/38181","targetHints":{"allow":["GET"]}}],"collection":[{"href":"https:\/\/gangnambeaute.com\/fr\/wp-json\/wp\/v2\/product"}],"about":[{"href":"https:\/\/gangnambeaute.com\/fr\/wp-json\/wp\/v2\/types\/product"}],"replies":[{"embeddable":true,"href":"https:\/\/gangnambeaute.com\/fr\/wp-json\/wp\/v2\/comments?post=38181"}],"version-history":[{"count":2,"href":"https:\/\/gangnambeaute.com\/fr\/wp-json\/wp\/v2\/product\/38181\/revisions"}],"predecessor-version":[{"id":43790,"href":"https:\/\/gangnambeaute.com\/fr\/wp-json\/wp\/v2\/product\/38181\/revisions\/43790"}],"wp:featuredmedia":[{"embeddable":true,"href":"https:\/\/gangnambeaute.com\/fr\/wp-json\/wp\/v2\/media\/44149"}],"wp:attachment":[{"href":"https:\/\/gangnambeaute.com\/fr\/wp-json\/wp\/v2\/media?parent=38181"}],"wp:term":[{"taxonomy":"product_brand","embeddable":true,"href":"https:\/\/gangnambeaute.com\/fr\/wp-json\/wp\/v2\/product_brand?post=38181"},{"taxonomy":"product_cat","embeddable":true,"href":"https:\/\/gangnambeaute.com\/fr\/wp-json\/wp\/v2\/product_cat?post=38181"},{"taxonomy":"product_tag","embeddable":true,"href":"https:\/\/gangnambeaute.com\/fr\/wp-json\/wp\/v2\/product_tag?post=38181"}],"curies":[{"name":"wp","href":"https:\/\/api.w.org\/{rel}","templated":true}]}}