{"id":38172,"date":"2026-01-27T12:36:03","date_gmt":"2026-01-27T12:36:03","guid":{"rendered":"https:\/\/gangnambeaute.com\/?post_type=product&#038;p=38172"},"modified":"2026-04-21T15:59:29","modified_gmt":"2026-04-21T15:59:29","slug":"purito-seoul-daily-soft-touch-sunscreen-stick-stick-solaire-20g","status":"publish","type":"product","link":"https:\/\/gangnambeaute.com\/fr\/product\/purito-seoul-daily-soft-touch-sunscreen-stick-stick-solaire-20g\/","title":{"rendered":"Purito SEOUL\u00a0&#8211;\u00a0Daily Soft Touch Sunscreen Stick\u00a0&#8211; Stick solaire &#8211; 20g"},"content":{"rendered":"<p><strong>Ce stick solaire sert \u00e0\u00a0prot\u00e9ger des UV avec un fini doux et mat, tout en renfor\u00e7ant la barri\u00e8re cutan\u00e9e gr\u00e2ce aux cinq types de c\u00e9ramides.<\/strong><\/p>\n","protected":false},"excerpt":{"rendered":"<div class=\"Y3BBE\" data-sfc-cp=\"\" data-sfc-cb=\"\" data-hveid=\"CAEIAhAA\" data-complete=\"true\" data-processed=\"true\"><strong>Passez le stick directement sur votre\u00a0visage propre\u00a0ou par-dessus votre maquillage pour des retouches faciles tout au long de la journ\u00e9e.<span class=\"uJ19be notranslate\" data-wiz-uids=\"Jdm8db_j,Jdm8db_k\" data-sfc-cb=\"\" data-complete=\"true\" data-processed=\"true\"><span class=\"vKEkVd\" data-animation-atomic=\"\" data-wiz-attrbind=\"class=Jdm8db_i\/TKHnVd\" data-sae=\"\"><span aria-hidden=\"true\">\u00a0<\/span><\/span><\/span><\/strong><\/div>\n","protected":false},"featured_media":42038,"comment_status":"open","ping_status":"closed","template":"","meta":[],"product_brand":[1015,1031],"product_cat":[344,348,352,377,432,435],"product_tag":[],"class_list":{"0":"post-38172","1":"product","2":"type-product","3":"status-publish","4":"has-post-thumbnail","6":"product_brand-populare","7":"product_brand-purito-seoul","8":"product_cat-skincare","9":"product_cat-soin-concentre","10":"product_cat-soins-solaires","11":"product_cat-stick-solaire","12":"product_cat-meilleurs-ventes","13":"product_cat-retour-en-stock","15":"first","16":"instock","17":"sale","18":"shipping-taxable","19":"purchasable","20":"product-type-simple"},"_links":{"self":[{"href":"https:\/\/gangnambeaute.com\/fr\/wp-json\/wp\/v2\/product\/38172","targetHints":{"allow":["GET"]}}],"collection":[{"href":"https:\/\/gangnambeaute.com\/fr\/wp-json\/wp\/v2\/product"}],"about":[{"href":"https:\/\/gangnambeaute.com\/fr\/wp-json\/wp\/v2\/types\/product"}],"replies":[{"embeddable":true,"href":"https:\/\/gangnambeaute.com\/fr\/wp-json\/wp\/v2\/comments?post=38172"}],"version-history":[{"count":2,"href":"https:\/\/gangnambeaute.com\/fr\/wp-json\/wp\/v2\/product\/38172\/revisions"}],"predecessor-version":[{"id":43791,"href":"https:\/\/gangnambeaute.com\/fr\/wp-json\/wp\/v2\/product\/38172\/revisions\/43791"}],"wp:featuredmedia":[{"embeddable":true,"href":"https:\/\/gangnambeaute.com\/fr\/wp-json\/wp\/v2\/media\/42038"}],"wp:attachment":[{"href":"https:\/\/gangnambeaute.com\/fr\/wp-json\/wp\/v2\/media?parent=38172"}],"wp:term":[{"taxonomy":"product_brand","embeddable":true,"href":"https:\/\/gangnambeaute.com\/fr\/wp-json\/wp\/v2\/product_brand?post=38172"},{"taxonomy":"product_cat","embeddable":true,"href":"https:\/\/gangnambeaute.com\/fr\/wp-json\/wp\/v2\/product_cat?post=38172"},{"taxonomy":"product_tag","embeddable":true,"href":"https:\/\/gangnambeaute.com\/fr\/wp-json\/wp\/v2\/product_tag?post=38172"}],"curies":[{"name":"wp","href":"https:\/\/api.w.org\/{rel}","templated":true}]}}