{"id":38166,"date":"2026-01-27T11:52:27","date_gmt":"2026-01-27T11:52:27","guid":{"rendered":"https:\/\/gangnambeaute.com\/?post_type=product&#038;p=38166"},"modified":"2026-04-13T13:56:27","modified_gmt":"2026-04-13T13:56:27","slug":"purito-seoul-timeless-bloom-retinol-spot-cream-creme-visage-30ml","status":"publish","type":"product","link":"https:\/\/gangnambeaute.com\/fr\/product\/purito-seoul-timeless-bloom-retinol-spot-cream-creme-visage-30ml\/","title":{"rendered":"Purito SEOUL\u00a0&#8211;\u00a0Timeless Bloom Retinol Spot Cream &#8211; Cr\u00e8me Visage &#8211; 30ml"},"content":{"rendered":"<p><strong>Cette cr\u00e8me sert \u00e0\u00a0r\u00e9duire les rides et \u00e0 affiner le grain de peau en douceur gr\u00e2ce \u00e0 une faible concentration de r\u00e9tinol pur (0,1 %) et au bakuchiol.<\/strong><\/p>\n","protected":false},"excerpt":{"rendered":"<div class=\"Y3BBE\" data-sfc-cp=\"\" data-sfc-cb=\"\" data-hveid=\"CAEIAhAA\" data-complete=\"true\" data-processed=\"true\"><strong>Appliquez une petite quantit\u00e9 sur votre\u00a0visage propre uniquement le soir, en ciblant les zones \u00e0 traiter (ridules, pores) avant votre cr\u00e8me hydratante.<\/strong><\/div>\n","protected":false},"featured_media":44219,"comment_status":"open","ping_status":"closed","template":"","meta":[],"product_brand":[1015,1031],"product_cat":[344,348,370,434,435],"product_tag":[],"class_list":{"0":"post-38166","1":"product","2":"type-product","3":"status-publish","4":"has-post-thumbnail","6":"product_brand-populare","7":"product_brand-purito-seoul","8":"product_cat-skincare","9":"product_cat-soin-concentre","10":"product_cat-cremes","11":"product_cat-nouveautes","12":"product_cat-retour-en-stock","14":"first","15":"instock","16":"sale","17":"shipping-taxable","18":"purchasable","19":"product-type-simple"},"_links":{"self":[{"href":"https:\/\/gangnambeaute.com\/fr\/wp-json\/wp\/v2\/product\/38166","targetHints":{"allow":["GET"]}}],"collection":[{"href":"https:\/\/gangnambeaute.com\/fr\/wp-json\/wp\/v2\/product"}],"about":[{"href":"https:\/\/gangnambeaute.com\/fr\/wp-json\/wp\/v2\/types\/product"}],"replies":[{"embeddable":true,"href":"https:\/\/gangnambeaute.com\/fr\/wp-json\/wp\/v2\/comments?post=38166"}],"version-history":[{"count":3,"href":"https:\/\/gangnambeaute.com\/fr\/wp-json\/wp\/v2\/product\/38166\/revisions"}],"predecessor-version":[{"id":44220,"href":"https:\/\/gangnambeaute.com\/fr\/wp-json\/wp\/v2\/product\/38166\/revisions\/44220"}],"wp:featuredmedia":[{"embeddable":true,"href":"https:\/\/gangnambeaute.com\/fr\/wp-json\/wp\/v2\/media\/44219"}],"wp:attachment":[{"href":"https:\/\/gangnambeaute.com\/fr\/wp-json\/wp\/v2\/media?parent=38166"}],"wp:term":[{"taxonomy":"product_brand","embeddable":true,"href":"https:\/\/gangnambeaute.com\/fr\/wp-json\/wp\/v2\/product_brand?post=38166"},{"taxonomy":"product_cat","embeddable":true,"href":"https:\/\/gangnambeaute.com\/fr\/wp-json\/wp\/v2\/product_cat?post=38166"},{"taxonomy":"product_tag","embeddable":true,"href":"https:\/\/gangnambeaute.com\/fr\/wp-json\/wp\/v2\/product_tag?post=38166"}],"curies":[{"name":"wp","href":"https:\/\/api.w.org\/{rel}","templated":true}]}}