{"id":38157,"date":"2026-01-27T11:20:53","date_gmt":"2026-01-27T11:20:53","guid":{"rendered":"https:\/\/gangnambeaute.com\/?post_type=product&#038;p=38157"},"modified":"2026-04-11T02:55:12","modified_gmt":"2026-04-11T02:55:12","slug":"skin1004-madagascar-centella-tea-trica-mild-peeling-gel-125ml","status":"publish","type":"product","link":"https:\/\/gangnambeaute.com\/fr\/product\/skin1004-madagascar-centella-tea-trica-mild-peeling-gel-125ml\/","title":{"rendered":"SKIN1004\u00a0&#8211;\u00a0Madagascar Centella Tea-Trica Mild Peeling Gel\u00a0&#8211; 125ml"},"content":{"rendered":"<p><strong>Ce gel sert \u00e0\u00a0exfolier en douceur les peaux \u00e0 tendance acn\u00e9ique et \u00e0 lisser le grain de peau gr\u00e2ce au complexe Tea-Trica.<\/strong><\/p>\n","protected":false},"excerpt":{"rendered":"<div class=\"Y3BBE\" data-sfc-cp=\"\" data-sfc-cb=\"\" data-hveid=\"CAEIAhAA\" data-complete=\"true\" data-processed=\"true\"><strong>Appliquez une noisette sur votre\u00a0visage propre et sec, massez d\u00e9licatement pour faire boulocher les peaux mortes, puis rincez abondamment.<\/strong><\/div>\n","protected":false},"featured_media":43663,"comment_status":"open","ping_status":"closed","template":"","meta":[],"product_brand":[1015,1046],"product_cat":[344,346,348,360,434],"product_tag":[],"class_list":{"0":"post-38157","1":"product","2":"type-product","3":"status-publish","4":"has-post-thumbnail","6":"product_brand-populare","7":"product_brand-skin-1004-populare","8":"product_cat-skincare","9":"product_cat-nettoyants","10":"product_cat-soin-concentre","11":"product_cat-gels-nettoyants","12":"product_cat-nouveautes","14":"first","15":"outofstock","16":"sale","17":"shipping-taxable","18":"purchasable","19":"product-type-simple"},"_links":{"self":[{"href":"https:\/\/gangnambeaute.com\/fr\/wp-json\/wp\/v2\/product\/38157","targetHints":{"allow":["GET"]}}],"collection":[{"href":"https:\/\/gangnambeaute.com\/fr\/wp-json\/wp\/v2\/product"}],"about":[{"href":"https:\/\/gangnambeaute.com\/fr\/wp-json\/wp\/v2\/types\/product"}],"replies":[{"embeddable":true,"href":"https:\/\/gangnambeaute.com\/fr\/wp-json\/wp\/v2\/comments?post=38157"}],"version-history":[{"count":3,"href":"https:\/\/gangnambeaute.com\/fr\/wp-json\/wp\/v2\/product\/38157\/revisions"}],"predecessor-version":[{"id":43664,"href":"https:\/\/gangnambeaute.com\/fr\/wp-json\/wp\/v2\/product\/38157\/revisions\/43664"}],"wp:featuredmedia":[{"embeddable":true,"href":"https:\/\/gangnambeaute.com\/fr\/wp-json\/wp\/v2\/media\/43663"}],"wp:attachment":[{"href":"https:\/\/gangnambeaute.com\/fr\/wp-json\/wp\/v2\/media?parent=38157"}],"wp:term":[{"taxonomy":"product_brand","embeddable":true,"href":"https:\/\/gangnambeaute.com\/fr\/wp-json\/wp\/v2\/product_brand?post=38157"},{"taxonomy":"product_cat","embeddable":true,"href":"https:\/\/gangnambeaute.com\/fr\/wp-json\/wp\/v2\/product_cat?post=38157"},{"taxonomy":"product_tag","embeddable":true,"href":"https:\/\/gangnambeaute.com\/fr\/wp-json\/wp\/v2\/product_tag?post=38157"}],"curies":[{"name":"wp","href":"https:\/\/api.w.org\/{rel}","templated":true}]}}