{"id":38117,"date":"2026-01-26T17:03:36","date_gmt":"2026-01-26T17:03:36","guid":{"rendered":"https:\/\/gangnambeaute.com\/?post_type=product&#038;p=38117"},"modified":"2026-04-17T11:41:21","modified_gmt":"2026-04-17T11:41:21","slug":"beauty-of-joseon-tinted-fluid-sunscreen-spf50-pa-50ml","status":"publish","type":"product","link":"https:\/\/gangnambeaute.com\/fr\/product\/beauty-of-joseon-tinted-fluid-sunscreen-spf50-pa-50ml\/","title":{"rendered":"Beauty Of Joseon Tinted Fluid Sunscreen SPF50+ PA+ &#8211; 50ml &#8211; 7 Couleurs"},"content":{"rendered":"<p><strong class=\"Yjhzub\" data-complete=\"true\" data-processed=\"true\" aria-owns=\"action-menu-parent-container\">Ce solaire min\u00e9ral (Zinc) prot\u00e8ge intens\u00e9ment tout en apaisant les rougeurs gr\u00e2ce \u00e0 l&rsquo;armoise. Sa texture l\u00e9g\u00e8re unifie le teint, contr\u00f4le le s\u00e9bum et sert de base de maquillage parfaite sans boucher les pores ni piquer les yeux.<\/strong><\/p>\n","protected":false},"excerpt":{"rendered":"<p><strong class=\"Yjhzub\" data-complete=\"true\" data-processed=\"true\" aria-owns=\"action-menu-parent-container\">Le matin, appliquez g\u00e9n\u00e9reusement sur le visage et le cou apr\u00e8s votre soin, Massez pour faire p\u00e9n\u00e9trer et r\u00e9appliquez toutes les 2 heures en cas d&rsquo;exposition prolong\u00e9e.<\/strong><\/p>\n","protected":false},"featured_media":44217,"comment_status":"open","ping_status":"closed","template":"","meta":[],"product_brand":[1015,1063],"product_cat":[344,348,352,376,388,393,435],"product_tag":[],"class_list":{"0":"post-38117","1":"product","2":"type-product","3":"status-publish","4":"has-post-thumbnail","6":"product_brand-populare","7":"product_brand-beauty-of-joseon","8":"product_cat-skincare","9":"product_cat-soin-concentre","10":"product_cat-soins-solaires","11":"product_cat-ecrans","12":"product_cat-maquillage","13":"product_cat-bb-creme","14":"product_cat-retour-en-stock","16":"first","17":"instock","18":"sale","19":"shipping-taxable","20":"purchasable","21":"product-type-variable"},"_links":{"self":[{"href":"https:\/\/gangnambeaute.com\/fr\/wp-json\/wp\/v2\/product\/38117","targetHints":{"allow":["GET"]}}],"collection":[{"href":"https:\/\/gangnambeaute.com\/fr\/wp-json\/wp\/v2\/product"}],"about":[{"href":"https:\/\/gangnambeaute.com\/fr\/wp-json\/wp\/v2\/types\/product"}],"replies":[{"embeddable":true,"href":"https:\/\/gangnambeaute.com\/fr\/wp-json\/wp\/v2\/comments?post=38117"}],"version-history":[{"count":5,"href":"https:\/\/gangnambeaute.com\/fr\/wp-json\/wp\/v2\/product\/38117\/revisions"}],"predecessor-version":[{"id":42388,"href":"https:\/\/gangnambeaute.com\/fr\/wp-json\/wp\/v2\/product\/38117\/revisions\/42388"}],"wp:featuredmedia":[{"embeddable":true,"href":"https:\/\/gangnambeaute.com\/fr\/wp-json\/wp\/v2\/media\/44217"}],"wp:attachment":[{"href":"https:\/\/gangnambeaute.com\/fr\/wp-json\/wp\/v2\/media?parent=38117"}],"wp:term":[{"taxonomy":"product_brand","embeddable":true,"href":"https:\/\/gangnambeaute.com\/fr\/wp-json\/wp\/v2\/product_brand?post=38117"},{"taxonomy":"product_cat","embeddable":true,"href":"https:\/\/gangnambeaute.com\/fr\/wp-json\/wp\/v2\/product_cat?post=38117"},{"taxonomy":"product_tag","embeddable":true,"href":"https:\/\/gangnambeaute.com\/fr\/wp-json\/wp\/v2\/product_tag?post=38117"}],"curies":[{"name":"wp","href":"https:\/\/api.w.org\/{rel}","templated":true}]}}