{"id":38112,"date":"2026-01-26T16:44:39","date_gmt":"2026-01-26T16:44:39","guid":{"rendered":"https:\/\/gangnambeaute.com\/?post_type=product&#038;p=38112"},"modified":"2026-04-11T02:55:05","modified_gmt":"2026-04-11T02:55:05","slug":"beauty-of-joseon-revive-under-eye-patch-patchs-des-yeux-93g","status":"publish","type":"product","link":"https:\/\/gangnambeaute.com\/fr\/product\/beauty-of-joseon-revive-under-eye-patch-patchs-des-yeux-93g\/","title":{"rendered":"Beauty of Joseon &#8211; Revive Under Eye Patch &#8211; Patchs des yeux &#8211; 93g"},"content":{"rendered":"<p><strong>Ces patchs hydrogel au ginseng et au r\u00e9tinal lissent les rides et hydratent intens\u00e9ment le regard gr\u00e2ce au collag\u00e8ne et au bakuchiol pour un contour des yeux ferme et \u00e9clatant.<\/strong><\/p>\n<p>&nbsp;<\/p>\n","protected":false},"excerpt":{"rendered":"<div data-subtree=\"aimfl\" data-complete=\"true\" data-processed=\"true\" aria-owns=\"action-menu-parent-container\"><strong>\u00c0 l&rsquo;aide de la spatule, appliquez les patchs sur le contour des yeux pendant 20 \u00e0 30 minutes, puis retirez-les et tapotez doucement pour faire p\u00e9n\u00e9trer le reste du produit.<\/strong><\/div>\n","protected":false},"featured_media":42980,"comment_status":"open","ping_status":"closed","template":"","meta":[],"product_brand":[1015,1063],"product_cat":[344,348,356,386,432],"product_tag":[],"class_list":{"0":"post-38112","1":"product","2":"type-product","3":"status-publish","4":"has-post-thumbnail","6":"product_brand-populare","7":"product_brand-beauty-of-joseon","8":"product_cat-skincare","9":"product_cat-soin-concentre","10":"product_cat-patchs","11":"product_cat-patch-pour-les-yeux","12":"product_cat-meilleurs-ventes","14":"first","15":"outofstock","16":"sale","17":"shipping-taxable","18":"purchasable","19":"product-type-simple"},"_links":{"self":[{"href":"https:\/\/gangnambeaute.com\/fr\/wp-json\/wp\/v2\/product\/38112","targetHints":{"allow":["GET"]}}],"collection":[{"href":"https:\/\/gangnambeaute.com\/fr\/wp-json\/wp\/v2\/product"}],"about":[{"href":"https:\/\/gangnambeaute.com\/fr\/wp-json\/wp\/v2\/types\/product"}],"replies":[{"embeddable":true,"href":"https:\/\/gangnambeaute.com\/fr\/wp-json\/wp\/v2\/comments?post=38112"}],"version-history":[{"count":4,"href":"https:\/\/gangnambeaute.com\/fr\/wp-json\/wp\/v2\/product\/38112\/revisions"}],"predecessor-version":[{"id":42542,"href":"https:\/\/gangnambeaute.com\/fr\/wp-json\/wp\/v2\/product\/38112\/revisions\/42542"}],"wp:featuredmedia":[{"embeddable":true,"href":"https:\/\/gangnambeaute.com\/fr\/wp-json\/wp\/v2\/media\/42980"}],"wp:attachment":[{"href":"https:\/\/gangnambeaute.com\/fr\/wp-json\/wp\/v2\/media?parent=38112"}],"wp:term":[{"taxonomy":"product_brand","embeddable":true,"href":"https:\/\/gangnambeaute.com\/fr\/wp-json\/wp\/v2\/product_brand?post=38112"},{"taxonomy":"product_cat","embeddable":true,"href":"https:\/\/gangnambeaute.com\/fr\/wp-json\/wp\/v2\/product_cat?post=38112"},{"taxonomy":"product_tag","embeddable":true,"href":"https:\/\/gangnambeaute.com\/fr\/wp-json\/wp\/v2\/product_tag?post=38112"}],"curies":[{"name":"wp","href":"https:\/\/api.w.org\/{rel}","templated":true}]}}