{"id":38092,"date":"2026-01-26T14:48:15","date_gmt":"2026-01-26T14:48:15","guid":{"rendered":"https:\/\/gangnambeaute.com\/?post_type=product&#038;p=38092"},"modified":"2026-04-27T11:33:26","modified_gmt":"2026-04-27T11:33:26","slug":"medicube-deep-vita-c-glutathione-brightening-mask-masque-visage-27ml","status":"publish","type":"product","link":"https:\/\/gangnambeaute.com\/fr\/product\/medicube-deep-vita-c-glutathione-brightening-mask-masque-visage-27ml\/","title":{"rendered":"Medicube\u00a0&#8211;\u00a0Deep Vita C Glutathione Brightening Mask &#8211; Masque Visage -27ml"},"content":{"rendered":"<p>&nbsp;<\/p>\n<p>&#8211;<\/p>\n<div class=\"Y3BBE\" data-sfc-cp=\"\" data-hveid=\"CAEIARAA\" data-complete=\"true\" data-processed=\"true\"><strong>Ce\u00a0masque au glutathion illumine instantan\u00e9ment le teint, r\u00e9duit les rougeurs et corrige les reflets jaunes pour une peau radieuse.<\/strong><\/div>\n","protected":false},"excerpt":{"rendered":"<p><strong>Appliquez le masque sur peau tonifi\u00e9e, laissez poser 10 \u00e0 20 minutes, puis massez l&rsquo;exc\u00e9dent de s\u00e9rum apr\u00e8s l&rsquo;avoir retir\u00e9.<\/strong><\/p>\n","protected":false},"featured_media":44393,"comment_status":"open","ping_status":"closed","template":"","meta":[],"product_brand":[1015,1058],"product_cat":[344,348,355,384,434],"product_tag":[666],"class_list":{"0":"post-38092","1":"product","2":"type-product","3":"status-publish","4":"has-post-thumbnail","6":"product_brand-populare","7":"product_brand-medicube-populare","8":"product_cat-skincare","9":"product_cat-soin-concentre","10":"product_cat-masques","11":"product_cat-masques-en-feuille","12":"product_cat-nouveautes","13":"product_tag-coupcoeur","15":"first","16":"instock","17":"sale","18":"shipping-taxable","19":"purchasable","20":"product-type-simple"},"_links":{"self":[{"href":"https:\/\/gangnambeaute.com\/fr\/wp-json\/wp\/v2\/product\/38092","targetHints":{"allow":["GET"]}}],"collection":[{"href":"https:\/\/gangnambeaute.com\/fr\/wp-json\/wp\/v2\/product"}],"about":[{"href":"https:\/\/gangnambeaute.com\/fr\/wp-json\/wp\/v2\/types\/product"}],"replies":[{"embeddable":true,"href":"https:\/\/gangnambeaute.com\/fr\/wp-json\/wp\/v2\/comments?post=38092"}],"version-history":[{"count":3,"href":"https:\/\/gangnambeaute.com\/fr\/wp-json\/wp\/v2\/product\/38092\/revisions"}],"predecessor-version":[{"id":42626,"href":"https:\/\/gangnambeaute.com\/fr\/wp-json\/wp\/v2\/product\/38092\/revisions\/42626"}],"wp:featuredmedia":[{"embeddable":true,"href":"https:\/\/gangnambeaute.com\/fr\/wp-json\/wp\/v2\/media\/44393"}],"wp:attachment":[{"href":"https:\/\/gangnambeaute.com\/fr\/wp-json\/wp\/v2\/media?parent=38092"}],"wp:term":[{"taxonomy":"product_brand","embeddable":true,"href":"https:\/\/gangnambeaute.com\/fr\/wp-json\/wp\/v2\/product_brand?post=38092"},{"taxonomy":"product_cat","embeddable":true,"href":"https:\/\/gangnambeaute.com\/fr\/wp-json\/wp\/v2\/product_cat?post=38092"},{"taxonomy":"product_tag","embeddable":true,"href":"https:\/\/gangnambeaute.com\/fr\/wp-json\/wp\/v2\/product_tag?post=38092"}],"curies":[{"name":"wp","href":"https:\/\/api.w.org\/{rel}","templated":true}]}}