{"id":38075,"date":"2026-01-26T14:27:02","date_gmt":"2026-01-26T14:27:02","guid":{"rendered":"https:\/\/gangnambeaute.com\/?post_type=product&#038;p=38075"},"modified":"2026-04-11T02:55:03","modified_gmt":"2026-04-11T02:55:03","slug":"medicube-collagen-lifting-mask-masque-visage-27g","status":"publish","type":"product","link":"https:\/\/gangnambeaute.com\/fr\/product\/medicube-collagen-lifting-mask-masque-visage-27g\/","title":{"rendered":"Medicube\u00a0&#8211;\u00a0Collagen Lifting Mask\u00a0&#8211; Masque Visage &#8211; 27g"},"content":{"rendered":"<p>&nbsp;<\/p>\n<p><strong>Ce masque au triple collag\u00e8ne et \u00e0 l&rsquo;allanto\u00efne lifte, repulpe et hydrate intens\u00e9ment pour une peau visiblement plus jeune et \u00e9clatante.<\/strong><\/p>\n","protected":false},"excerpt":{"rendered":"<p><strong>Appliquez le masque sur visage propre, laissez poser 10 \u00e0 20 minutes, puis retirez-le et massez l&rsquo;exc\u00e9dent de s\u00e9rum.<\/strong><\/p>\n","protected":false},"featured_media":42913,"comment_status":"open","ping_status":"closed","template":"","meta":[],"product_brand":[1015,1058],"product_cat":[344,348,355,384,434],"product_tag":[],"class_list":{"0":"post-38075","1":"product","2":"type-product","3":"status-publish","4":"has-post-thumbnail","6":"product_brand-populare","7":"product_brand-medicube-populare","8":"product_cat-skincare","9":"product_cat-soin-concentre","10":"product_cat-masques","11":"product_cat-masques-en-feuille","12":"product_cat-nouveautes","14":"first","15":"outofstock","16":"sale","17":"shipping-taxable","18":"purchasable","19":"product-type-simple"},"_links":{"self":[{"href":"https:\/\/gangnambeaute.com\/fr\/wp-json\/wp\/v2\/product\/38075","targetHints":{"allow":["GET"]}}],"collection":[{"href":"https:\/\/gangnambeaute.com\/fr\/wp-json\/wp\/v2\/product"}],"about":[{"href":"https:\/\/gangnambeaute.com\/fr\/wp-json\/wp\/v2\/types\/product"}],"replies":[{"embeddable":true,"href":"https:\/\/gangnambeaute.com\/fr\/wp-json\/wp\/v2\/comments?post=38075"}],"version-history":[{"count":2,"href":"https:\/\/gangnambeaute.com\/fr\/wp-json\/wp\/v2\/product\/38075\/revisions"}],"predecessor-version":[{"id":42912,"href":"https:\/\/gangnambeaute.com\/fr\/wp-json\/wp\/v2\/product\/38075\/revisions\/42912"}],"wp:featuredmedia":[{"embeddable":true,"href":"https:\/\/gangnambeaute.com\/fr\/wp-json\/wp\/v2\/media\/42913"}],"wp:attachment":[{"href":"https:\/\/gangnambeaute.com\/fr\/wp-json\/wp\/v2\/media?parent=38075"}],"wp:term":[{"taxonomy":"product_brand","embeddable":true,"href":"https:\/\/gangnambeaute.com\/fr\/wp-json\/wp\/v2\/product_brand?post=38075"},{"taxonomy":"product_cat","embeddable":true,"href":"https:\/\/gangnambeaute.com\/fr\/wp-json\/wp\/v2\/product_cat?post=38075"},{"taxonomy":"product_tag","embeddable":true,"href":"https:\/\/gangnambeaute.com\/fr\/wp-json\/wp\/v2\/product_tag?post=38075"}],"curies":[{"name":"wp","href":"https:\/\/api.w.org\/{rel}","templated":true}]}}