{"id":38067,"date":"2026-01-26T14:08:39","date_gmt":"2026-01-26T14:08:39","guid":{"rendered":"https:\/\/gangnambeaute.com\/?post_type=product&#038;p=38067"},"modified":"2026-04-20T18:48:54","modified_gmt":"2026-04-20T18:48:54","slug":"medicube-zero-pore-peel-pad-set-8-coussins","status":"publish","type":"product","link":"https:\/\/gangnambeaute.com\/fr\/product\/medicube-zero-pore-peel-pad-set-8-coussins\/","title":{"rendered":"Medicube\u00a0&#8211;\u00a0Zero Pore Peel Pad Set &#8211; Disque exfoliant &#8211; 8 pi\u00e8ces"},"content":{"rendered":"<p>&nbsp;<\/p>\n<p>&nbsp;<\/p>\n<p><strong>Ces disques \u00e0 l&rsquo;extrait de riz et AHA exfolient en douceur et renforcent la barri\u00e8re cutan\u00e9e pour un teint lisse et parfaitement hydrat\u00e9.<\/strong><\/p>\n<p>&nbsp;<\/p>\n","protected":false},"excerpt":{"rendered":"<p><strong>Passez d\u00e9licatement le disque sur votre visage propre pour exfolier et hydrater, puis tapotez l&rsquo;exc\u00e9dent sans rincer<\/strong><\/p>\n","protected":false},"featured_media":42915,"comment_status":"open","ping_status":"closed","template":"","meta":[],"product_brand":[1015,1058],"product_cat":[344,348,351,434],"product_tag":[],"class_list":{"0":"post-38067","1":"product","2":"type-product","3":"status-publish","4":"has-post-thumbnail","6":"product_brand-populare","7":"product_brand-medicube-populare","8":"product_cat-skincare","9":"product_cat-soin-concentre","10":"product_cat-pads","11":"product_cat-nouveautes","13":"first","14":"outofstock","15":"sale","16":"shipping-taxable","17":"purchasable","18":"product-type-simple"},"_links":{"self":[{"href":"https:\/\/gangnambeaute.com\/fr\/wp-json\/wp\/v2\/product\/38067","targetHints":{"allow":["GET"]}}],"collection":[{"href":"https:\/\/gangnambeaute.com\/fr\/wp-json\/wp\/v2\/product"}],"about":[{"href":"https:\/\/gangnambeaute.com\/fr\/wp-json\/wp\/v2\/types\/product"}],"replies":[{"embeddable":true,"href":"https:\/\/gangnambeaute.com\/fr\/wp-json\/wp\/v2\/comments?post=38067"}],"version-history":[{"count":5,"href":"https:\/\/gangnambeaute.com\/fr\/wp-json\/wp\/v2\/product\/38067\/revisions"}],"predecessor-version":[{"id":42916,"href":"https:\/\/gangnambeaute.com\/fr\/wp-json\/wp\/v2\/product\/38067\/revisions\/42916"}],"wp:featuredmedia":[{"embeddable":true,"href":"https:\/\/gangnambeaute.com\/fr\/wp-json\/wp\/v2\/media\/42915"}],"wp:attachment":[{"href":"https:\/\/gangnambeaute.com\/fr\/wp-json\/wp\/v2\/media?parent=38067"}],"wp:term":[{"taxonomy":"product_brand","embeddable":true,"href":"https:\/\/gangnambeaute.com\/fr\/wp-json\/wp\/v2\/product_brand?post=38067"},{"taxonomy":"product_cat","embeddable":true,"href":"https:\/\/gangnambeaute.com\/fr\/wp-json\/wp\/v2\/product_cat?post=38067"},{"taxonomy":"product_tag","embeddable":true,"href":"https:\/\/gangnambeaute.com\/fr\/wp-json\/wp\/v2\/product_tag?post=38067"}],"curies":[{"name":"wp","href":"https:\/\/api.w.org\/{rel}","templated":true}]}}