{"id":38043,"date":"2026-01-26T13:24:45","date_gmt":"2026-01-26T13:24:45","guid":{"rendered":"https:\/\/gangnambeaute.com\/?post_type=product&#038;p=38043"},"modified":"2026-04-11T02:55:01","modified_gmt":"2026-04-11T02:55:01","slug":"medicube-age-r-repair-deep-lifting-age-repair-cream-30ml","status":"publish","type":"product","link":"https:\/\/gangnambeaute.com\/fr\/product\/medicube-age-r-repair-deep-lifting-age-repair-cream-30ml\/","title":{"rendered":"Medicube AGE-R Repair Deep Lifting Age Repair Cream &#8211; 30ml"},"content":{"rendered":"<div class=\"Y3BBE\" data-sfc-cp=\"\" data-hveid=\"CAEIARAA\" data-complete=\"true\" data-processed=\"true\"><strong>Cette\u00a0cr\u00e8me liftante aux peptides raffermit le visage, lisse les rides et hydrate intens\u00e9ment pour une peau \u00e9clatante et prot\u00e9g\u00e9e<\/strong>.<\/div>\n<p>&nbsp;<\/p>\n","protected":false},"excerpt":{"rendered":"<p><strong>Appliquez la cr\u00e8me matin et soir sur le visage et le cou apr\u00e8s votre s\u00e9rum, en massant vers le haut jusqu&rsquo;\u00e0 absorption.<\/strong><\/p>\n","protected":false},"featured_media":42639,"comment_status":"open","ping_status":"closed","template":"","meta":[],"product_brand":[1015,1058],"product_cat":[344,348,370,434],"product_tag":[],"class_list":{"0":"post-38043","1":"product","2":"type-product","3":"status-publish","4":"has-post-thumbnail","6":"product_brand-populare","7":"product_brand-medicube-populare","8":"product_cat-skincare","9":"product_cat-soin-concentre","10":"product_cat-cremes","11":"product_cat-nouveautes","13":"first","14":"outofstock","15":"sale","16":"shipping-taxable","17":"purchasable","18":"product-type-simple"},"_links":{"self":[{"href":"https:\/\/gangnambeaute.com\/fr\/wp-json\/wp\/v2\/product\/38043","targetHints":{"allow":["GET"]}}],"collection":[{"href":"https:\/\/gangnambeaute.com\/fr\/wp-json\/wp\/v2\/product"}],"about":[{"href":"https:\/\/gangnambeaute.com\/fr\/wp-json\/wp\/v2\/types\/product"}],"replies":[{"embeddable":true,"href":"https:\/\/gangnambeaute.com\/fr\/wp-json\/wp\/v2\/comments?post=38043"}],"version-history":[{"count":3,"href":"https:\/\/gangnambeaute.com\/fr\/wp-json\/wp\/v2\/product\/38043\/revisions"}],"predecessor-version":[{"id":42640,"href":"https:\/\/gangnambeaute.com\/fr\/wp-json\/wp\/v2\/product\/38043\/revisions\/42640"}],"wp:featuredmedia":[{"embeddable":true,"href":"https:\/\/gangnambeaute.com\/fr\/wp-json\/wp\/v2\/media\/42639"}],"wp:attachment":[{"href":"https:\/\/gangnambeaute.com\/fr\/wp-json\/wp\/v2\/media?parent=38043"}],"wp:term":[{"taxonomy":"product_brand","embeddable":true,"href":"https:\/\/gangnambeaute.com\/fr\/wp-json\/wp\/v2\/product_brand?post=38043"},{"taxonomy":"product_cat","embeddable":true,"href":"https:\/\/gangnambeaute.com\/fr\/wp-json\/wp\/v2\/product_cat?post=38043"},{"taxonomy":"product_tag","embeddable":true,"href":"https:\/\/gangnambeaute.com\/fr\/wp-json\/wp\/v2\/product_tag?post=38043"}],"curies":[{"name":"wp","href":"https:\/\/api.w.org\/{rel}","templated":true}]}}