{"id":38030,"date":"2026-01-26T13:00:13","date_gmt":"2026-01-26T13:00:13","guid":{"rendered":"https:\/\/gangnambeaute.com\/?post_type=product&#038;p=38030"},"modified":"2026-04-13T15:36:44","modified_gmt":"2026-04-13T15:36:44","slug":"medicube-pdrn-lip-sleeping-mask-masque-de-nuit-pour-les-levres-10g","status":"publish","type":"product","link":"https:\/\/gangnambeaute.com\/fr\/product\/medicube-pdrn-lip-sleeping-mask-masque-de-nuit-pour-les-levres-10g\/","title":{"rendered":"Medicube\u00a0&#8211;\u00a0PDRN Lip Sleeping Mask &#8211; Masque de nuit pour les l\u00e8vres &#8211; 10g"},"content":{"rendered":"<div class=\"Y3BBE\" data-sfc-cp=\"\" data-hveid=\"CAEIAhAA\" data-complete=\"true\" data-processed=\"true\"><strong class=\"Yjhzub\" data-complete=\"true\" data-processed=\"true\">Ce masque de nuit au PDRN (ADN de saumon) repulpe et hydrate intens\u00e9ment vos l\u00e8vres. Enrichi en collag\u00e8ne et beurre de karit\u00e9, il raffermit et adoucit pour un fini brillant et des l\u00e8vres rebondies.<\/strong><\/div>\n","protected":false},"excerpt":{"rendered":"<p><strong>Appliquer une quantit\u00e9 mod\u00e9r\u00e9e quotidiennement et pendant la nuit.<\/strong><\/p>\n","protected":false},"featured_media":42576,"comment_status":"open","ping_status":"closed","template":"","meta":[],"product_brand":[1015,1058],"product_cat":[354,383,434],"product_tag":[666],"class_list":{"0":"post-38030","1":"product","2":"type-product","3":"status-publish","4":"has-post-thumbnail","6":"product_brand-populare","7":"product_brand-medicube-populare","8":"product_cat-soins-des-levres","9":"product_cat-masque-de-nuit","10":"product_cat-nouveautes","11":"product_tag-coupcoeur","13":"first","14":"instock","15":"sale","16":"shipping-taxable","17":"purchasable","18":"product-type-simple"},"_links":{"self":[{"href":"https:\/\/gangnambeaute.com\/fr\/wp-json\/wp\/v2\/product\/38030","targetHints":{"allow":["GET"]}}],"collection":[{"href":"https:\/\/gangnambeaute.com\/fr\/wp-json\/wp\/v2\/product"}],"about":[{"href":"https:\/\/gangnambeaute.com\/fr\/wp-json\/wp\/v2\/types\/product"}],"replies":[{"embeddable":true,"href":"https:\/\/gangnambeaute.com\/fr\/wp-json\/wp\/v2\/comments?post=38030"}],"version-history":[{"count":3,"href":"https:\/\/gangnambeaute.com\/fr\/wp-json\/wp\/v2\/product\/38030\/revisions"}],"predecessor-version":[{"id":42406,"href":"https:\/\/gangnambeaute.com\/fr\/wp-json\/wp\/v2\/product\/38030\/revisions\/42406"}],"wp:featuredmedia":[{"embeddable":true,"href":"https:\/\/gangnambeaute.com\/fr\/wp-json\/wp\/v2\/media\/42576"}],"wp:attachment":[{"href":"https:\/\/gangnambeaute.com\/fr\/wp-json\/wp\/v2\/media?parent=38030"}],"wp:term":[{"taxonomy":"product_brand","embeddable":true,"href":"https:\/\/gangnambeaute.com\/fr\/wp-json\/wp\/v2\/product_brand?post=38030"},{"taxonomy":"product_cat","embeddable":true,"href":"https:\/\/gangnambeaute.com\/fr\/wp-json\/wp\/v2\/product_cat?post=38030"},{"taxonomy":"product_tag","embeddable":true,"href":"https:\/\/gangnambeaute.com\/fr\/wp-json\/wp\/v2\/product_tag?post=38030"}],"curies":[{"name":"wp","href":"https:\/\/api.w.org\/{rel}","templated":true}]}}