{"id":37964,"date":"2026-01-24T14:26:00","date_gmt":"2026-01-24T14:26:00","guid":{"rendered":"https:\/\/gangnambeaute.com\/?post_type=product&#038;p=37964"},"modified":"2026-04-11T02:54:57","modified_gmt":"2026-04-11T02:54:57","slug":"medicube-pdrn-pink-collagen-bubble-serum-serum-visage-95ml","status":"publish","type":"product","link":"https:\/\/gangnambeaute.com\/fr\/product\/medicube-pdrn-pink-collagen-bubble-serum-serum-visage-95ml\/","title":{"rendered":"Medicube\u00a0&#8211;\u00a0PDRN Pink Collagen Bubble Serum &#8211; S\u00e9rum Visage &#8211; 95ml"},"content":{"rendered":"<p><strong class=\"Yjhzub\" data-complete=\"true\" data-processed=\"true\" aria-owns=\"action-menu-parent-container\">Ce s\u00e9rum \u00e0 texture bulles repulpe la peau et booste son \u00e9clat. Gr\u00e2ce au collag\u00e8ne et \u00e0 la niacinamide, il lisse le teint et redonne de la souplesse sans coller.<\/strong><\/p>\n<p>&nbsp;<\/p>\n","protected":false},"excerpt":{"rendered":"<p><strong>Bien agiter avant utilisation et appliquer une quantit\u00e9 appropri\u00e9e uniform\u00e9ment sur le visage apr\u00e8s la lotion tonique.<\/strong><\/p>\n","protected":false},"featured_media":41938,"comment_status":"open","ping_status":"closed","template":"","meta":[],"product_brand":[1015,1058],"product_cat":[344,348,368,434],"product_tag":[],"class_list":{"0":"post-37964","1":"product","2":"type-product","3":"status-publish","4":"has-post-thumbnail","6":"product_brand-populare","7":"product_brand-medicube-populare","8":"product_cat-skincare","9":"product_cat-soin-concentre","10":"product_cat-serums","11":"product_cat-nouveautes","13":"first","14":"outofstock","15":"sale","16":"shipping-taxable","17":"purchasable","18":"product-type-simple"},"_links":{"self":[{"href":"https:\/\/gangnambeaute.com\/fr\/wp-json\/wp\/v2\/product\/37964","targetHints":{"allow":["GET"]}}],"collection":[{"href":"https:\/\/gangnambeaute.com\/fr\/wp-json\/wp\/v2\/product"}],"about":[{"href":"https:\/\/gangnambeaute.com\/fr\/wp-json\/wp\/v2\/types\/product"}],"replies":[{"embeddable":true,"href":"https:\/\/gangnambeaute.com\/fr\/wp-json\/wp\/v2\/comments?post=37964"}],"version-history":[{"count":3,"href":"https:\/\/gangnambeaute.com\/fr\/wp-json\/wp\/v2\/product\/37964\/revisions"}],"predecessor-version":[{"id":42395,"href":"https:\/\/gangnambeaute.com\/fr\/wp-json\/wp\/v2\/product\/37964\/revisions\/42395"}],"wp:featuredmedia":[{"embeddable":true,"href":"https:\/\/gangnambeaute.com\/fr\/wp-json\/wp\/v2\/media\/41938"}],"wp:attachment":[{"href":"https:\/\/gangnambeaute.com\/fr\/wp-json\/wp\/v2\/media?parent=37964"}],"wp:term":[{"taxonomy":"product_brand","embeddable":true,"href":"https:\/\/gangnambeaute.com\/fr\/wp-json\/wp\/v2\/product_brand?post=37964"},{"taxonomy":"product_cat","embeddable":true,"href":"https:\/\/gangnambeaute.com\/fr\/wp-json\/wp\/v2\/product_cat?post=37964"},{"taxonomy":"product_tag","embeddable":true,"href":"https:\/\/gangnambeaute.com\/fr\/wp-json\/wp\/v2\/product_tag?post=37964"}],"curies":[{"name":"wp","href":"https:\/\/api.w.org\/{rel}","templated":true}]}}