{"id":37942,"date":"2026-01-24T13:37:43","date_gmt":"2026-01-24T13:37:43","guid":{"rendered":"https:\/\/gangnambeaute.com\/?post_type=product&#038;p=37942"},"modified":"2026-04-27T10:57:15","modified_gmt":"2026-04-27T10:57:15","slug":"medicube-deep-vita-a-retinol-serum-serum-retinol-30ml","status":"publish","type":"product","link":"https:\/\/gangnambeaute.com\/fr\/product\/medicube-deep-vita-a-retinol-serum-serum-retinol-30ml\/","title":{"rendered":"Medicube\u00a0&#8211;\u00a0Deep Vita A Retinol Serum &#8211; S\u00e9rum R\u00e9tinol &#8211; 30ml"},"content":{"rendered":"<p>&nbsp;<\/p>\n<p><strong>Ce s\u00e9rum au r\u00e9tinol booste intens\u00e9ment la production de collag\u00e8ne pour raffermir et densifier les peaux rel\u00e2ch\u00e9es sans irritation.<\/strong><\/p>\n<p>&nbsp;<\/p>\n<div class=\"Fsg96\" data-sfc-cp=\"\" data-complete=\"true\" data-processed=\"true\"><\/div>\n","protected":false},"excerpt":{"rendered":"<div class=\"Y3BBE\" data-sfc-cp=\"\" data-hveid=\"CAEIARAA\" data-complete=\"true\" data-processed=\"true\"><strong>Appliquez une noisette un soir sur deux sur les zones cibl\u00e9es, puis passez \u00e0 une fine couche sur tout le visage chaque soir apr\u00e8s deux semaines.<\/strong><\/div>\n<div class=\"Fsg96\" data-sfc-cp=\"\" data-complete=\"true\" data-processed=\"true\"><\/div>\n","protected":false},"featured_media":44405,"comment_status":"open","ping_status":"closed","template":"","meta":[],"product_brand":[1015,1058],"product_cat":[344,348,368,434],"product_tag":[],"class_list":{"0":"post-37942","1":"product","2":"type-product","3":"status-publish","4":"has-post-thumbnail","6":"product_brand-populare","7":"product_brand-medicube-populare","8":"product_cat-skincare","9":"product_cat-soin-concentre","10":"product_cat-serums","11":"product_cat-nouveautes","13":"first","14":"outofstock","15":"sale","16":"shipping-taxable","17":"purchasable","18":"product-type-simple"},"_links":{"self":[{"href":"https:\/\/gangnambeaute.com\/fr\/wp-json\/wp\/v2\/product\/37942","targetHints":{"allow":["GET"]}}],"collection":[{"href":"https:\/\/gangnambeaute.com\/fr\/wp-json\/wp\/v2\/product"}],"about":[{"href":"https:\/\/gangnambeaute.com\/fr\/wp-json\/wp\/v2\/types\/product"}],"replies":[{"embeddable":true,"href":"https:\/\/gangnambeaute.com\/fr\/wp-json\/wp\/v2\/comments?post=37942"}],"version-history":[{"count":4,"href":"https:\/\/gangnambeaute.com\/fr\/wp-json\/wp\/v2\/product\/37942\/revisions"}],"predecessor-version":[{"id":42672,"href":"https:\/\/gangnambeaute.com\/fr\/wp-json\/wp\/v2\/product\/37942\/revisions\/42672"}],"wp:featuredmedia":[{"embeddable":true,"href":"https:\/\/gangnambeaute.com\/fr\/wp-json\/wp\/v2\/media\/44405"}],"wp:attachment":[{"href":"https:\/\/gangnambeaute.com\/fr\/wp-json\/wp\/v2\/media?parent=37942"}],"wp:term":[{"taxonomy":"product_brand","embeddable":true,"href":"https:\/\/gangnambeaute.com\/fr\/wp-json\/wp\/v2\/product_brand?post=37942"},{"taxonomy":"product_cat","embeddable":true,"href":"https:\/\/gangnambeaute.com\/fr\/wp-json\/wp\/v2\/product_cat?post=37942"},{"taxonomy":"product_tag","embeddable":true,"href":"https:\/\/gangnambeaute.com\/fr\/wp-json\/wp\/v2\/product_tag?post=37942"}],"curies":[{"name":"wp","href":"https:\/\/api.w.org\/{rel}","templated":true}]}}