{"id":37920,"date":"2026-01-24T11:50:57","date_gmt":"2026-01-24T11:50:57","guid":{"rendered":"https:\/\/gangnambeaute.com\/?post_type=product&#038;p=37920"},"modified":"2026-04-24T15:19:08","modified_gmt":"2026-04-24T15:19:08","slug":"medicube-red-acne-succinic-acid-peel-serum-peeling-40g","status":"publish","type":"product","link":"https:\/\/gangnambeaute.com\/fr\/product\/medicube-red-acne-succinic-acid-peel-serum-peeling-40g\/","title":{"rendered":"Medicube &#8211; Red Acne Succinic Acid Peel &#8211; S\u00e9rum peeling &#8211; 40g"},"content":{"rendered":"<p><strong>Ce peeling \u00e0 l&rsquo;acide succinique d\u00e9sobstrue les pores et \u00e9limine les cellules mortes pour r\u00e9duire l&rsquo;acn\u00e9 sans irriter la peau<\/strong><\/p>\n","protected":false},"excerpt":{"rendered":"<p><strong>Appliquez sur visage propre, laissez agir\u00a01 \u00e0 2 minutes, puis\u00a0rincez imp\u00e9rativement\u00a0\u00e0 l&rsquo;eau ti\u00e8de.<\/strong><\/p>\n","protected":false},"featured_media":44375,"comment_status":"open","ping_status":"closed","template":"","meta":[],"product_brand":[1015,1058],"product_cat":[344,348,350,368,434],"product_tag":[],"class_list":{"0":"post-37920","1":"product","2":"type-product","3":"status-publish","4":"has-post-thumbnail","6":"product_brand-populare","7":"product_brand-medicube-populare","8":"product_cat-skincare","9":"product_cat-soin-concentre","10":"product_cat-exfoliants","11":"product_cat-serums","12":"product_cat-nouveautes","14":"first","15":"outofstock","16":"sale","17":"shipping-taxable","18":"purchasable","19":"product-type-simple"},"_links":{"self":[{"href":"https:\/\/gangnambeaute.com\/fr\/wp-json\/wp\/v2\/product\/37920","targetHints":{"allow":["GET"]}}],"collection":[{"href":"https:\/\/gangnambeaute.com\/fr\/wp-json\/wp\/v2\/product"}],"about":[{"href":"https:\/\/gangnambeaute.com\/fr\/wp-json\/wp\/v2\/types\/product"}],"replies":[{"embeddable":true,"href":"https:\/\/gangnambeaute.com\/fr\/wp-json\/wp\/v2\/comments?post=37920"}],"version-history":[{"count":3,"href":"https:\/\/gangnambeaute.com\/fr\/wp-json\/wp\/v2\/product\/37920\/revisions"}],"predecessor-version":[{"id":42937,"href":"https:\/\/gangnambeaute.com\/fr\/wp-json\/wp\/v2\/product\/37920\/revisions\/42937"}],"wp:featuredmedia":[{"embeddable":true,"href":"https:\/\/gangnambeaute.com\/fr\/wp-json\/wp\/v2\/media\/44375"}],"wp:attachment":[{"href":"https:\/\/gangnambeaute.com\/fr\/wp-json\/wp\/v2\/media?parent=37920"}],"wp:term":[{"taxonomy":"product_brand","embeddable":true,"href":"https:\/\/gangnambeaute.com\/fr\/wp-json\/wp\/v2\/product_brand?post=37920"},{"taxonomy":"product_cat","embeddable":true,"href":"https:\/\/gangnambeaute.com\/fr\/wp-json\/wp\/v2\/product_cat?post=37920"},{"taxonomy":"product_tag","embeddable":true,"href":"https:\/\/gangnambeaute.com\/fr\/wp-json\/wp\/v2\/product_tag?post=37920"}],"curies":[{"name":"wp","href":"https:\/\/api.w.org\/{rel}","templated":true}]}}