{"id":37868,"date":"2026-01-24T10:41:11","date_gmt":"2026-01-24T10:41:11","guid":{"rendered":"https:\/\/gangnambeaute.com\/?post_type=product&#038;p=37868"},"modified":"2026-04-15T13:32:05","modified_gmt":"2026-04-15T13:32:05","slug":"medicube-triple-collagen-serum-serum-visage-55ml","status":"publish","type":"product","link":"https:\/\/gangnambeaute.com\/fr\/product\/medicube-triple-collagen-serum-serum-visage-55ml\/","title":{"rendered":"Medicube &#8211; Triple Collagen Serum &#8211; S\u00e9rum Visage &#8211; 55ml"},"content":{"rendered":"<div class=\"Y3BBE\" data-sfc-cp=\"\" data-hveid=\"CAEIARAA\" data-complete=\"true\" data-processed=\"true\"><strong>Ce s\u00e9rum au\u00a0triple complexe de collag\u00e8ne nourrit intens\u00e9ment les couches profondes de la peau pour la repulper et am\u00e9liorer son \u00e9lasticit\u00e9. Il affine le grain de peau et redonne de l&rsquo;\u00e9clat, tout en \u00e9tant test\u00e9 dermatologiquement pour les peaux sensibles.<\/strong><\/div>\n<p>&nbsp;<\/p>\n<p>&nbsp;<\/p>\n","protected":false},"excerpt":{"rendered":"<p><strong>Apr\u00e8s l&rsquo;application du tonique, appliquez une quantit\u00e9 appropri\u00e9e de produit sur votre visage Et tapotez d\u00e9licatement pour une meilleure absorption..<\/strong><\/p>\n","protected":false},"featured_media":44142,"comment_status":"open","ping_status":"closed","template":"","meta":[],"product_brand":[1015,1058],"product_cat":[344,348,368,434,435],"product_tag":[],"class_list":{"0":"post-37868","1":"product","2":"type-product","3":"status-publish","4":"has-post-thumbnail","6":"product_brand-populare","7":"product_brand-medicube-populare","8":"product_cat-skincare","9":"product_cat-soin-concentre","10":"product_cat-serums","11":"product_cat-nouveautes","12":"product_cat-retour-en-stock","14":"first","15":"instock","16":"sale","17":"shipping-taxable","18":"purchasable","19":"product-type-simple"},"_links":{"self":[{"href":"https:\/\/gangnambeaute.com\/fr\/wp-json\/wp\/v2\/product\/37868","targetHints":{"allow":["GET"]}}],"collection":[{"href":"https:\/\/gangnambeaute.com\/fr\/wp-json\/wp\/v2\/product"}],"about":[{"href":"https:\/\/gangnambeaute.com\/fr\/wp-json\/wp\/v2\/types\/product"}],"replies":[{"embeddable":true,"href":"https:\/\/gangnambeaute.com\/fr\/wp-json\/wp\/v2\/comments?post=37868"}],"version-history":[{"count":3,"href":"https:\/\/gangnambeaute.com\/fr\/wp-json\/wp\/v2\/product\/37868\/revisions"}],"predecessor-version":[{"id":42759,"href":"https:\/\/gangnambeaute.com\/fr\/wp-json\/wp\/v2\/product\/37868\/revisions\/42759"}],"wp:featuredmedia":[{"embeddable":true,"href":"https:\/\/gangnambeaute.com\/fr\/wp-json\/wp\/v2\/media\/44142"}],"wp:attachment":[{"href":"https:\/\/gangnambeaute.com\/fr\/wp-json\/wp\/v2\/media?parent=37868"}],"wp:term":[{"taxonomy":"product_brand","embeddable":true,"href":"https:\/\/gangnambeaute.com\/fr\/wp-json\/wp\/v2\/product_brand?post=37868"},{"taxonomy":"product_cat","embeddable":true,"href":"https:\/\/gangnambeaute.com\/fr\/wp-json\/wp\/v2\/product_cat?post=37868"},{"taxonomy":"product_tag","embeddable":true,"href":"https:\/\/gangnambeaute.com\/fr\/wp-json\/wp\/v2\/product_tag?post=37868"}],"curies":[{"name":"wp","href":"https:\/\/api.w.org\/{rel}","templated":true}]}}