{"id":37825,"date":"2026-01-23T16:31:07","date_gmt":"2026-01-23T16:31:07","guid":{"rendered":"https:\/\/gangnambeaute.com\/?post_type=product&#038;p=37825"},"modified":"2026-04-24T13:13:40","modified_gmt":"2026-04-24T13:13:40","slug":"medicube-one-day-exosome-shot-pore-ampoule-7500-30ml","status":"publish","type":"product","link":"https:\/\/gangnambeaute.com\/fr\/product\/medicube-one-day-exosome-shot-pore-ampoule-7500-30ml\/","title":{"rendered":"Medicube &#8211; One Day Exosome Shot Pore Ampoule 7500 &#8211; Ampoule -30ml"},"content":{"rendered":"<p><strong>Ce s\u00e9rum aux exosomes (7500 PPM) offre un soin des pores haute performance avec un effet de resserrement imm\u00e9diat qui peut durer jusqu&rsquo;\u00e0 trois jours. Sa technologie d&rsquo;injection p\u00e9n\u00e8tre dix couches de la peau pour booster l&rsquo;absorption des actifs de 262 %, le tout avec une texture fra\u00eeche adapt\u00e9e aux peaux sensibles.<\/strong><\/p>\n<p>&nbsp;<\/p>\n<p>&nbsp;<\/p>\n","protected":false},"excerpt":{"rendered":"<p><strong>Appliquez une quantit\u00e9 appropri\u00e9e de s\u00e9rum sur le visage et faites-le p\u00e9n\u00e9trer en pressant l\u00e9g\u00e8rement avec la main pour un meilleur r\u00e9sultat, une fois tous les trois jours.<\/strong><\/p>\n","protected":false},"featured_media":44332,"comment_status":"open","ping_status":"closed","template":"","meta":[],"product_brand":[1015,1058],"product_cat":[344,348,369,434],"product_tag":[666],"class_list":{"0":"post-37825","1":"product","2":"type-product","3":"status-publish","4":"has-post-thumbnail","6":"product_brand-populare","7":"product_brand-medicube-populare","8":"product_cat-skincare","9":"product_cat-soin-concentre","10":"product_cat-ampoules","11":"product_cat-nouveautes","12":"product_tag-coupcoeur","14":"first","15":"instock","16":"sale","17":"shipping-taxable","18":"purchasable","19":"product-type-simple"},"_links":{"self":[{"href":"https:\/\/gangnambeaute.com\/fr\/wp-json\/wp\/v2\/product\/37825","targetHints":{"allow":["GET"]}}],"collection":[{"href":"https:\/\/gangnambeaute.com\/fr\/wp-json\/wp\/v2\/product"}],"about":[{"href":"https:\/\/gangnambeaute.com\/fr\/wp-json\/wp\/v2\/types\/product"}],"replies":[{"embeddable":true,"href":"https:\/\/gangnambeaute.com\/fr\/wp-json\/wp\/v2\/comments?post=37825"}],"version-history":[{"count":5,"href":"https:\/\/gangnambeaute.com\/fr\/wp-json\/wp\/v2\/product\/37825\/revisions"}],"predecessor-version":[{"id":42761,"href":"https:\/\/gangnambeaute.com\/fr\/wp-json\/wp\/v2\/product\/37825\/revisions\/42761"}],"wp:featuredmedia":[{"embeddable":true,"href":"https:\/\/gangnambeaute.com\/fr\/wp-json\/wp\/v2\/media\/44332"}],"wp:attachment":[{"href":"https:\/\/gangnambeaute.com\/fr\/wp-json\/wp\/v2\/media?parent=37825"}],"wp:term":[{"taxonomy":"product_brand","embeddable":true,"href":"https:\/\/gangnambeaute.com\/fr\/wp-json\/wp\/v2\/product_brand?post=37825"},{"taxonomy":"product_cat","embeddable":true,"href":"https:\/\/gangnambeaute.com\/fr\/wp-json\/wp\/v2\/product_cat?post=37825"},{"taxonomy":"product_tag","embeddable":true,"href":"https:\/\/gangnambeaute.com\/fr\/wp-json\/wp\/v2\/product_tag?post=37825"}],"curies":[{"name":"wp","href":"https:\/\/api.w.org\/{rel}","templated":true}]}}