{"id":37712,"date":"2026-01-14T10:13:25","date_gmt":"2026-01-14T10:13:25","guid":{"rendered":"https:\/\/gangnambeaute.com\/?post_type=product&#038;p=37712"},"modified":"2026-04-24T15:53:26","modified_gmt":"2026-04-24T15:53:26","slug":"medicube-pdrn-collagen-repair-duo-masque-et-creme-visage-exclusive-kit","status":"publish","type":"product","link":"https:\/\/gangnambeaute.com\/fr\/product\/medicube-pdrn-collagen-repair-duo-masque-et-creme-visage-exclusive-kit\/","title":{"rendered":"Medicube &#8211; PDRN Collagen Repair Duo &#8211; Masque et cr\u00e8me visage &#8211; Exclusive Kit"},"content":{"rendered":"<p>&nbsp;<\/p>\n<div class=\"Y3BBE\" data-sfc-cp=\"\" data-hveid=\"CAEIARAA\" data-complete=\"true\" data-processed=\"true\"><strong>Ce pack au\u00a0PDRN de saumon\u00a0associe une\u00a0cr\u00e8me aux capsules de collag\u00e8ne\u00a0qui raffermit et unifie le teint pour un effet \u00ab\u00a0glass skin\u00a0\u00bb, \u00e0 un\u00a0masque de nuit \u00e0 la caf\u00e9ine qui r\u00e9duit les poches et repulpe la peau pour un \u00e9clat intense au r\u00e9veil.<\/strong><\/div>\n","protected":false},"excerpt":{"rendered":"<div class=\"Y3BBE\" data-sfc-cp=\"\" data-hveid=\"CAEIARAA\" data-complete=\"true\" data-processed=\"true\"><strong>Pr\u00e9levez une noisette de\u00a0cr\u00e8me\u00a0avec sa capsule, \u00e9crasez-la d\u00e9licatement entre vos doigts pour lib\u00e9rer les actifs, puis massez sur tout le visage avant d&rsquo;appliquer le\u00a0masque de nuit pour sceller l&rsquo;hydratation.<\/strong><\/div>\n","protected":false},"featured_media":44388,"comment_status":"open","ping_status":"closed","template":"","meta":[],"product_brand":[1015,1058],"product_cat":[438,344,348,355,370,385,431,434,436],"product_tag":[],"class_list":{"0":"post-37712","1":"product","2":"type-product","3":"status-publish","4":"has-post-thumbnail","6":"product_brand-populare","7":"product_brand-medicube-populare","8":"product_cat-selection-dexperts-de-gangnam","9":"product_cat-skincare","10":"product_cat-soin-concentre","11":"product_cat-masques","12":"product_cat-cremes","13":"product_cat-masques-de-sommeil","14":"product_cat-offres","15":"product_cat-nouveautes","16":"product_cat-kits-coffrets","18":"first","19":"outofstock","20":"sale","21":"shipping-taxable","22":"purchasable","23":"product-type-simple"},"_links":{"self":[{"href":"https:\/\/gangnambeaute.com\/fr\/wp-json\/wp\/v2\/product\/37712","targetHints":{"allow":["GET"]}}],"collection":[{"href":"https:\/\/gangnambeaute.com\/fr\/wp-json\/wp\/v2\/product"}],"about":[{"href":"https:\/\/gangnambeaute.com\/fr\/wp-json\/wp\/v2\/types\/product"}],"replies":[{"embeddable":true,"href":"https:\/\/gangnambeaute.com\/fr\/wp-json\/wp\/v2\/comments?post=37712"}],"version-history":[{"count":2,"href":"https:\/\/gangnambeaute.com\/fr\/wp-json\/wp\/v2\/product\/37712\/revisions"}],"predecessor-version":[{"id":42770,"href":"https:\/\/gangnambeaute.com\/fr\/wp-json\/wp\/v2\/product\/37712\/revisions\/42770"}],"wp:featuredmedia":[{"embeddable":true,"href":"https:\/\/gangnambeaute.com\/fr\/wp-json\/wp\/v2\/media\/44388"}],"wp:attachment":[{"href":"https:\/\/gangnambeaute.com\/fr\/wp-json\/wp\/v2\/media?parent=37712"}],"wp:term":[{"taxonomy":"product_brand","embeddable":true,"href":"https:\/\/gangnambeaute.com\/fr\/wp-json\/wp\/v2\/product_brand?post=37712"},{"taxonomy":"product_cat","embeddable":true,"href":"https:\/\/gangnambeaute.com\/fr\/wp-json\/wp\/v2\/product_cat?post=37712"},{"taxonomy":"product_tag","embeddable":true,"href":"https:\/\/gangnambeaute.com\/fr\/wp-json\/wp\/v2\/product_tag?post=37712"}],"curies":[{"name":"wp","href":"https:\/\/api.w.org\/{rel}","templated":true}]}}