{"id":37704,"date":"2026-01-14T10:05:34","date_gmt":"2026-01-14T10:05:34","guid":{"rendered":"https:\/\/gangnambeaute.com\/?post_type=product&#038;p=37704"},"modified":"2026-04-27T11:19:28","modified_gmt":"2026-04-27T11:19:28","slug":"medicube-daily-peptide-care-set-serum-et-creme-contour-des-yeux-exclusive-kit","status":"publish","type":"product","link":"https:\/\/gangnambeaute.com\/fr\/product\/medicube-daily-peptide-care-set-serum-et-creme-contour-des-yeux-exclusive-kit\/","title":{"rendered":"Medicube &#8211; Daily Peptide Care Set &#8211; S\u00e9rum et cr\u00e8me contour des yeux &#8211; Exclusive Kit"},"content":{"rendered":"<p><strong>Ce pack au PDRN de saumon associe une ampoule tenseur qui booste l&rsquo;\u00e9lasticit\u00e9 et r\u00e9pare la barri\u00e8re cutan\u00e9e en deux semaines, \u00e0 une cr\u00e8me contour des yeux au r\u00e9tinol et peptides qui r\u00e9duit les cernes et raffermit le regard. Sa formule riche en collag\u00e8ne et acide hyaluronique hydrate intens\u00e9ment tout en apaisant les peaux sensibles sans laisser de fini collant.<\/strong><\/p>\n","protected":false},"excerpt":{"rendered":"<p><strong>Appliquez d&rsquo;abord l&rsquo;ampoule au PDRN\u00a0sur l&rsquo;ensemble du visage propre pour raffermir la peau, puis tapotez d\u00e9licatement la\u00a0cr\u00e8me contour des yeux<\/strong><\/p>\n","protected":false},"featured_media":44411,"comment_status":"open","ping_status":"closed","template":"","meta":[],"product_brand":[1015,1058],"product_cat":[344,348,353,368,379,432,436,438],"product_tag":[],"class_list":{"0":"post-37704","1":"product","2":"type-product","3":"status-publish","4":"has-post-thumbnail","6":"product_brand-populare","7":"product_brand-medicube-populare","8":"product_cat-skincare","9":"product_cat-soin-concentre","10":"product_cat-soins-des-yeux","11":"product_cat-serums","12":"product_cat-creme-contour-des-yeux","13":"product_cat-meilleurs-ventes","14":"product_cat-kits-coffrets","15":"product_cat-selection-dexperts-de-gangnam","17":"first","18":"outofstock","19":"sale","20":"shipping-taxable","21":"purchasable","22":"product-type-simple"},"_links":{"self":[{"href":"https:\/\/gangnambeaute.com\/fr\/wp-json\/wp\/v2\/product\/37704","targetHints":{"allow":["GET"]}}],"collection":[{"href":"https:\/\/gangnambeaute.com\/fr\/wp-json\/wp\/v2\/product"}],"about":[{"href":"https:\/\/gangnambeaute.com\/fr\/wp-json\/wp\/v2\/types\/product"}],"replies":[{"embeddable":true,"href":"https:\/\/gangnambeaute.com\/fr\/wp-json\/wp\/v2\/comments?post=37704"}],"version-history":[{"count":3,"href":"https:\/\/gangnambeaute.com\/fr\/wp-json\/wp\/v2\/product\/37704\/revisions"}],"predecessor-version":[{"id":42771,"href":"https:\/\/gangnambeaute.com\/fr\/wp-json\/wp\/v2\/product\/37704\/revisions\/42771"}],"wp:featuredmedia":[{"embeddable":true,"href":"https:\/\/gangnambeaute.com\/fr\/wp-json\/wp\/v2\/media\/44411"}],"wp:attachment":[{"href":"https:\/\/gangnambeaute.com\/fr\/wp-json\/wp\/v2\/media?parent=37704"}],"wp:term":[{"taxonomy":"product_brand","embeddable":true,"href":"https:\/\/gangnambeaute.com\/fr\/wp-json\/wp\/v2\/product_brand?post=37704"},{"taxonomy":"product_cat","embeddable":true,"href":"https:\/\/gangnambeaute.com\/fr\/wp-json\/wp\/v2\/product_cat?post=37704"},{"taxonomy":"product_tag","embeddable":true,"href":"https:\/\/gangnambeaute.com\/fr\/wp-json\/wp\/v2\/product_tag?post=37704"}],"curies":[{"name":"wp","href":"https:\/\/api.w.org\/{rel}","templated":true}]}}