{"id":37684,"date":"2026-01-13T11:35:21","date_gmt":"2026-01-13T11:35:21","guid":{"rendered":"https:\/\/gangnambeaute.com\/?post_type=product&#038;p=37684"},"modified":"2026-04-27T11:06:30","modified_gmt":"2026-04-27T11:06:30","slug":"medicube-pdrn-boost-duo-serum-visage-exclusive-kit","status":"publish","type":"product","link":"https:\/\/gangnambeaute.com\/fr\/product\/medicube-pdrn-boost-duo-serum-visage-exclusive-kit\/","title":{"rendered":"Medicube &#8211; PDRN Boost Duo &#8211; S\u00e9rum visage &#8211; Exclusive Kit"},"content":{"rendered":"<p><strong>Ce pack au PDRN de saumon associe une ampoule tenseur qui booste l&rsquo;\u00e9lasticit\u00e9 et r\u00e9pare la barri\u00e8re cutan\u00e9e en deux semaines \u00e0 un set de s\u00e9rums unidoses ultra-purs (99%) qui augmentent l&rsquo;hydratation de 58% et l&rsquo;\u00e9clat de 38%. Sa formule riche en acide hyaluronique et collag\u00e8ne densifie la peau et illumine les teints ternes tout en apaisant les peaux sensibles.<\/strong><\/p>\n","protected":false},"excerpt":{"rendered":"<div class=\"Y3BBE\" data-sfc-cp=\"\" data-hveid=\"CAEIARAA\" data-complete=\"true\" data-processed=\"true\"><strong>Utilisez l&rsquo;ampoule tenseur\u00a0chaque soir pour renforcer votre peau, et remplacez-la une \u00e0 deux fois par semaine par un\u00a0s\u00e9rum unidose (99 % pur) pour un boost intense d&rsquo;hydratation et d&rsquo;\u00e9clat.<\/strong><\/div>\n","protected":false},"featured_media":44407,"comment_status":"open","ping_status":"closed","template":"","meta":[],"product_brand":[1015,1058],"product_cat":[438,344,348,368,429,430,431,434,436],"product_tag":[],"class_list":{"0":"post-37684","1":"product","2":"type-product","3":"status-publish","4":"has-post-thumbnail","6":"product_brand-populare","7":"product_brand-medicube-populare","8":"product_cat-selection-dexperts-de-gangnam","9":"product_cat-skincare","10":"product_cat-soin-concentre","11":"product_cat-serums","12":"product_cat-soldes","13":"product_cat-promotions","14":"product_cat-offres","15":"product_cat-nouveautes","16":"product_cat-kits-coffrets","18":"first","19":"outofstock","20":"sale","21":"shipping-taxable","22":"purchasable","23":"product-type-simple"},"_links":{"self":[{"href":"https:\/\/gangnambeaute.com\/fr\/wp-json\/wp\/v2\/product\/37684","targetHints":{"allow":["GET"]}}],"collection":[{"href":"https:\/\/gangnambeaute.com\/fr\/wp-json\/wp\/v2\/product"}],"about":[{"href":"https:\/\/gangnambeaute.com\/fr\/wp-json\/wp\/v2\/types\/product"}],"replies":[{"embeddable":true,"href":"https:\/\/gangnambeaute.com\/fr\/wp-json\/wp\/v2\/comments?post=37684"}],"version-history":[{"count":3,"href":"https:\/\/gangnambeaute.com\/fr\/wp-json\/wp\/v2\/product\/37684\/revisions"}],"predecessor-version":[{"id":44408,"href":"https:\/\/gangnambeaute.com\/fr\/wp-json\/wp\/v2\/product\/37684\/revisions\/44408"}],"wp:featuredmedia":[{"embeddable":true,"href":"https:\/\/gangnambeaute.com\/fr\/wp-json\/wp\/v2\/media\/44407"}],"wp:attachment":[{"href":"https:\/\/gangnambeaute.com\/fr\/wp-json\/wp\/v2\/media?parent=37684"}],"wp:term":[{"taxonomy":"product_brand","embeddable":true,"href":"https:\/\/gangnambeaute.com\/fr\/wp-json\/wp\/v2\/product_brand?post=37684"},{"taxonomy":"product_cat","embeddable":true,"href":"https:\/\/gangnambeaute.com\/fr\/wp-json\/wp\/v2\/product_cat?post=37684"},{"taxonomy":"product_tag","embeddable":true,"href":"https:\/\/gangnambeaute.com\/fr\/wp-json\/wp\/v2\/product_tag?post=37684"}],"curies":[{"name":"wp","href":"https:\/\/api.w.org\/{rel}","templated":true}]}}