{"id":37663,"date":"2026-01-13T10:58:06","date_gmt":"2026-01-13T10:58:06","guid":{"rendered":"https:\/\/gangnambeaute.com\/?post_type=product&#038;p=37663"},"modified":"2026-04-27T10:11:44","modified_gmt":"2026-04-27T10:11:44","slug":"medicube-collagen-glow-night-duo-masque-et-creme-visage-exclusive-kit","status":"publish","type":"product","link":"https:\/\/gangnambeaute.com\/fr\/product\/medicube-collagen-glow-night-duo-masque-et-creme-visage-exclusive-kit\/","title":{"rendered":"Medicube &#8211; Collagen Glow Night Duo &#8211; Masque et cr\u00e8me visage &#8211; Exclusive Kit"},"content":{"rendered":"<div class=\"Y3BBE\" data-sfc-cp=\"\" data-hveid=\"CAEIARAA\" data-complete=\"true\" data-processed=\"true\"><strong>Ce pack au\u00a0collag\u00e8ne (98%)\u00a0associe un\u00a0gel-cr\u00e8me\u00a0tenseur qui raffermit et hydrate \u00e0 un\u00a0masque de nuit enveloppant qui booste l&rsquo;\u00e9lasticit\u00e9 et r\u00e9pare la peau pendant votre sommeil.<\/strong><\/div>\n","protected":false},"excerpt":{"rendered":"<div class=\"Y3BBE\" data-sfc-cp=\"\" data-hveid=\"CAEIARAA\" data-complete=\"true\" data-processed=\"true\"><strong>Appliquez d&rsquo;abord le\u00a0gel-cr\u00e8me au collag\u00e8ne\u00a0sur votre visage propre pour hydrater et raffermir, puis recouvrez avec le\u00a0masque de nuit pour sceller les actifs pendant votre sommeil.<\/strong><\/div>\n","protected":false},"featured_media":44395,"comment_status":"open","ping_status":"closed","template":"","meta":[],"product_brand":[1015,1058],"product_cat":[438,344,348,355,370,385,431,434,436],"product_tag":[],"class_list":{"0":"post-37663","1":"product","2":"type-product","3":"status-publish","4":"has-post-thumbnail","6":"product_brand-populare","7":"product_brand-medicube-populare","8":"product_cat-selection-dexperts-de-gangnam","9":"product_cat-skincare","10":"product_cat-soin-concentre","11":"product_cat-masques","12":"product_cat-cremes","13":"product_cat-masques-de-sommeil","14":"product_cat-offres","15":"product_cat-nouveautes","16":"product_cat-kits-coffrets","18":"first","19":"outofstock","20":"sale","21":"shipping-taxable","22":"purchasable","23":"product-type-simple"},"_links":{"self":[{"href":"https:\/\/gangnambeaute.com\/fr\/wp-json\/wp\/v2\/product\/37663","targetHints":{"allow":["GET"]}}],"collection":[{"href":"https:\/\/gangnambeaute.com\/fr\/wp-json\/wp\/v2\/product"}],"about":[{"href":"https:\/\/gangnambeaute.com\/fr\/wp-json\/wp\/v2\/types\/product"}],"replies":[{"embeddable":true,"href":"https:\/\/gangnambeaute.com\/fr\/wp-json\/wp\/v2\/comments?post=37663"}],"version-history":[{"count":3,"href":"https:\/\/gangnambeaute.com\/fr\/wp-json\/wp\/v2\/product\/37663\/revisions"}],"predecessor-version":[{"id":42778,"href":"https:\/\/gangnambeaute.com\/fr\/wp-json\/wp\/v2\/product\/37663\/revisions\/42778"}],"wp:featuredmedia":[{"embeddable":true,"href":"https:\/\/gangnambeaute.com\/fr\/wp-json\/wp\/v2\/media\/44395"}],"wp:attachment":[{"href":"https:\/\/gangnambeaute.com\/fr\/wp-json\/wp\/v2\/media?parent=37663"}],"wp:term":[{"taxonomy":"product_brand","embeddable":true,"href":"https:\/\/gangnambeaute.com\/fr\/wp-json\/wp\/v2\/product_brand?post=37663"},{"taxonomy":"product_cat","embeddable":true,"href":"https:\/\/gangnambeaute.com\/fr\/wp-json\/wp\/v2\/product_cat?post=37663"},{"taxonomy":"product_tag","embeddable":true,"href":"https:\/\/gangnambeaute.com\/fr\/wp-json\/wp\/v2\/product_tag?post=37663"}],"curies":[{"name":"wp","href":"https:\/\/api.w.org\/{rel}","templated":true}]}}