{"id":37649,"date":"2026-01-13T10:43:40","date_gmt":"2026-01-13T10:43:40","guid":{"rendered":"https:\/\/gangnambeaute.com\/?post_type=product&#038;p=37649"},"modified":"2026-05-03T13:08:23","modified_gmt":"2026-05-03T13:08:23","slug":"medicube-glass-skin-serum-duo-serum-visage-exclusive-kit-30ml","status":"publish","type":"product","link":"https:\/\/gangnambeaute.com\/fr\/product\/medicube-glass-skin-serum-duo-serum-visage-exclusive-kit-30ml\/","title":{"rendered":"Medicube &#8211; Glass Skin Serum Duo &#8211; S\u00e9rum visage &#8211; Exclusive Kit &#8211; 30ml"},"content":{"rendered":"<p><strong>Ce pack au TXA (5 %) et au PDRN de saumon associe un s\u00e9rum antitaches qui unifie le teint et hydrate pendant 72 heures \u00e0 une ampoule r\u00e9g\u00e9n\u00e9rante qui booste l&rsquo;\u00e9lasticit\u00e9 et r\u00e9pare la barri\u00e8re cutan\u00e9e en deux semaines<\/strong><\/p>\n","protected":false},"excerpt":{"rendered":"<div class=\"Y3BBE\" data-sfc-cp=\"\" data-hveid=\"CAEIARAA\" data-complete=\"true\" data-processed=\"true\"><strong>Appliquez d&rsquo;abord le\u00a0s\u00e9rum au TXA\u00a0sur votre visage propre pour cibler les taches, puis appliquez l&rsquo;ampoule au PDRN pour raffermir la peau et renforcer la barri\u00e8re cutan\u00e9e.<\/strong><\/div>\n","protected":false},"featured_media":44413,"comment_status":"open","ping_status":"closed","template":"","meta":[],"product_brand":[1015,1058],"product_cat":[344,348,368,431,434,436,438],"product_tag":[],"class_list":{"0":"post-37649","1":"product","2":"type-product","3":"status-publish","4":"has-post-thumbnail","6":"product_brand-populare","7":"product_brand-medicube-populare","8":"product_cat-skincare","9":"product_cat-soin-concentre","10":"product_cat-serums","11":"product_cat-offres","12":"product_cat-nouveautes","13":"product_cat-kits-coffrets","14":"product_cat-selection-dexperts-de-gangnam","16":"first","17":"instock","18":"sale","19":"shipping-taxable","20":"purchasable","21":"product-type-simple"},"_links":{"self":[{"href":"https:\/\/gangnambeaute.com\/fr\/wp-json\/wp\/v2\/product\/37649","targetHints":{"allow":["GET"]}}],"collection":[{"href":"https:\/\/gangnambeaute.com\/fr\/wp-json\/wp\/v2\/product"}],"about":[{"href":"https:\/\/gangnambeaute.com\/fr\/wp-json\/wp\/v2\/types\/product"}],"replies":[{"embeddable":true,"href":"https:\/\/gangnambeaute.com\/fr\/wp-json\/wp\/v2\/comments?post=37649"}],"version-history":[{"count":3,"href":"https:\/\/gangnambeaute.com\/fr\/wp-json\/wp\/v2\/product\/37649\/revisions"}],"predecessor-version":[{"id":44414,"href":"https:\/\/gangnambeaute.com\/fr\/wp-json\/wp\/v2\/product\/37649\/revisions\/44414"}],"wp:featuredmedia":[{"embeddable":true,"href":"https:\/\/gangnambeaute.com\/fr\/wp-json\/wp\/v2\/media\/44413"}],"wp:attachment":[{"href":"https:\/\/gangnambeaute.com\/fr\/wp-json\/wp\/v2\/media?parent=37649"}],"wp:term":[{"taxonomy":"product_brand","embeddable":true,"href":"https:\/\/gangnambeaute.com\/fr\/wp-json\/wp\/v2\/product_brand?post=37649"},{"taxonomy":"product_cat","embeddable":true,"href":"https:\/\/gangnambeaute.com\/fr\/wp-json\/wp\/v2\/product_cat?post=37649"},{"taxonomy":"product_tag","embeddable":true,"href":"https:\/\/gangnambeaute.com\/fr\/wp-json\/wp\/v2\/product_tag?post=37649"}],"curies":[{"name":"wp","href":"https:\/\/api.w.org\/{rel}","templated":true}]}}